{"id":25168,"date":"2025-06-14T14:38:24","date_gmt":"2025-06-14T14:38:24","guid":{"rendered":"https:\/\/afrycom.com\/product\/%e5%95%86%e5%8a%a1%e4%bf%ae%e8%ba%abt%e6%81%a4%e7%94%b7%e5%a3%abpolo%e4%bc%91%e9%97%b2%e5%a4%8f%e5%ad%a3%e5%8d%8a%e8%a2%96%e9%80%8f%e6%b0%94%e7%bf%bb%e9%a2%86%e7%ba%af%e8%89%b2%e5%a4%a7%e7%a0%81\/"},"modified":"2025-07-31T14:36:12","modified_gmt":"2025-07-31T14:36:12","slug":"polo-homme-ete-coupe-slim-ou-ample-respirant-et-rapide-a-secher-ideal-business-loisir-ou-exterieur","status":"publish","type":"product","link":"https:\/\/afrycom.com\/fr\/produit\/polo-homme-ete-coupe-slim-ou-ample-respirant-et-rapide-a-secher-ideal-business-loisir-ou-exterieur\/","title":{"rendered":"Polo Homme \u00c9t\u00e9 - Coupe Slim ou Ample, Respirant et Rapide \u00e0 S\u00e9cher, Id\u00e9al Business, Loisir ou Ext\u00e9rieur"},"content":{"rendered":"","protected":false},"excerpt":{"rendered":"","protected":false},"featured_media":25169,"comment_status":"open","ping_status":"closed","template":"","meta":[],"product_brand":[],"product_cat":[83,1450,4978],"product_tag":[],"class_list":{"0":"post-25168","1":"product","2":"type-product","3":"status-publish","4":"has-post-thumbnail","6":"product_cat-clothings-shoes","7":"product_cat-mens-section","8":"product_cat-t-shirt-shirts","10":"first","11":"instock","12":"shipping-taxable","13":"purchasable","14":"product-type-variable"},"jetpack_sharing_enabled":true,"_links":{"self":[{"href":"https:\/\/afrycom.com\/fr\/wp-json\/wp\/v2\/product\/25168","targetHints":{"allow":["GET"]}}],"collection":[{"href":"https:\/\/afrycom.com\/fr\/wp-json\/wp\/v2\/product"}],"about":[{"href":"https:\/\/afrycom.com\/fr\/wp-json\/wp\/v2\/types\/product"}],"replies":[{"embeddable":true,"href":"https:\/\/afrycom.com\/fr\/wp-json\/wp\/v2\/comments?post=25168"}],"wp:featuredmedia":[{"embeddable":true,"href":"https:\/\/afrycom.com\/fr\/wp-json\/wp\/v2\/media\/25169"}],"wp:attachment":[{"href":"https:\/\/afrycom.com\/fr\/wp-json\/wp\/v2\/media?parent=25168"}],"wp:term":[{"taxonomy":"product_brand","embeddable":true,"href":"https:\/\/afrycom.com\/fr\/wp-json\/wp\/v2\/product_brand?post=25168"},{"taxonomy":"product_cat","embeddable":true,"href":"https:\/\/afrycom.com\/fr\/wp-json\/wp\/v2\/product_cat?post=25168"},{"taxonomy":"product_tag","embeddable":true,"href":"https:\/\/afrycom.com\/fr\/wp-json\/wp\/v2\/product_tag?post=25168"}],"curies":[{"name":"wp","href":"https:\/\/api.w.org\/{rel}","templated":true}]}}