{"id":25156,"date":"2025-06-14T14:36:57","date_gmt":"2025-06-14T14:36:57","guid":{"rendered":"https:\/\/afrycom.com\/product\/%e5%88%87%e8%8f%9c%e7%a5%9e%e5%99%a8%e5%8e%a8%e6%88%bf%e5%ae%b6%e7%94%a8%e5%88%87%e4%b8%81%e5%88%a8%e4%b8%9d%e5%99%a8%e5%88%87%e7%89%87%e5%9c%9f%e8%b1%86%e9%bb%84%e7%93%9c%e8%90%9d%e5%8d%9c%e8%92%9c\/"},"modified":"2025-07-13T15:41:09","modified_gmt":"2025-07-13T15:41:09","slug":"decoupe-legumes-multifonctions-cuisine-coupe-frites-rape-a-fromage-eminceur-ail-oignon","status":"publish","type":"product","link":"https:\/\/afrycom.com\/fr\/produit\/decoupe-legumes-multifonctions-cuisine-coupe-frites-rape-a-fromage-eminceur-ail-oignon\/","title":{"rendered":"D\u00e9coupe-L\u00e9gumes Multifonctions Cuisine - Coupe-Frites, R\u00e2pe \u00e0 Fromage, \u00c9minceur Ail Oignon"},"content":{"rendered":"","protected":false},"excerpt":{"rendered":"","protected":false},"featured_media":25157,"comment_status":"open","ping_status":"closed","template":"","meta":[],"product_brand":[],"product_cat":[31],"product_tag":[],"class_list":{"0":"post-25156","1":"product","2":"type-product","3":"status-publish","4":"has-post-thumbnail","6":"product_cat-small-kitchen-appliances-appliances","8":"first","9":"instock","10":"shipping-taxable","11":"purchasable","12":"product-type-variable"},"jetpack_sharing_enabled":true,"_links":{"self":[{"href":"https:\/\/afrycom.com\/fr\/wp-json\/wp\/v2\/product\/25156","targetHints":{"allow":["GET"]}}],"collection":[{"href":"https:\/\/afrycom.com\/fr\/wp-json\/wp\/v2\/product"}],"about":[{"href":"https:\/\/afrycom.com\/fr\/wp-json\/wp\/v2\/types\/product"}],"replies":[{"embeddable":true,"href":"https:\/\/afrycom.com\/fr\/wp-json\/wp\/v2\/comments?post=25156"}],"wp:featuredmedia":[{"embeddable":true,"href":"https:\/\/afrycom.com\/fr\/wp-json\/wp\/v2\/media\/25157"}],"wp:attachment":[{"href":"https:\/\/afrycom.com\/fr\/wp-json\/wp\/v2\/media?parent=25156"}],"wp:term":[{"taxonomy":"product_brand","embeddable":true,"href":"https:\/\/afrycom.com\/fr\/wp-json\/wp\/v2\/product_brand?post=25156"},{"taxonomy":"product_cat","embeddable":true,"href":"https:\/\/afrycom.com\/fr\/wp-json\/wp\/v2\/product_cat?post=25156"},{"taxonomy":"product_tag","embeddable":true,"href":"https:\/\/afrycom.com\/fr\/wp-json\/wp\/v2\/product_tag?post=25156"}],"curies":[{"name":"wp","href":"https:\/\/api.w.org\/{rel}","templated":true}]}}