{"id":24996,"date":"2025-06-14T14:31:53","date_gmt":"2025-06-14T14:31:53","guid":{"rendered":"https:\/\/afrycom.com\/product\/%e5%a5%b3%e5%a3%ab%e5%89%8d%e8%a2%8b%e5%8d%b0%e8%8a%b1%e5%b0%8f%e8%83%8c%e5%8c%852025%e7%a7%8b%e5%86%ac%e9%9f%a9%e7%89%88%e6%96%b0%e5%93%81%e4%b8%aa%e6%80%a7%e6%97%a5%e5%b8%b8%e9%9b%b6%e9%92%b1\/"},"modified":"2025-07-31T14:42:03","modified_gmt":"2025-07-31T14:42:03","slug":"petit-sac-a-main-femme-poche-avant-imprimee-style-coreen-mode-2025-ideal-pour-le-quotidien-ranger-monnaie-et-accessoires","status":"publish","type":"product","link":"https:\/\/afrycom.com\/fr\/produit\/petit-sac-a-main-femme-poche-avant-imprimee-style-coreen-mode-2025-ideal-pour-le-quotidien-ranger-monnaie-et-accessoires\/","title":{"rendered":"Petit Sac \u00e0 Main Femme - Poche Avant Imprim\u00e9e, Style Cor\u00e9en Mode 2025, Id\u00e9al pour le Quotidien, Ranger Monnaie et Accessoires"},"content":{"rendered":"","protected":false},"excerpt":{"rendered":"","protected":false},"featured_media":24997,"comment_status":"open","ping_status":"closed","template":"","meta":[],"product_brand":[],"product_cat":[5000,4995],"product_tag":[],"class_list":{"0":"post-24996","1":"product","2":"type-product","3":"status-publish","4":"has-post-thumbnail","6":"product_cat-bags-luggages","7":"product_cat-fashion","9":"first","10":"instock","11":"sale","12":"shipping-taxable","13":"purchasable","14":"product-type-variable"},"jetpack_sharing_enabled":true,"_links":{"self":[{"href":"https:\/\/afrycom.com\/fr\/wp-json\/wp\/v2\/product\/24996","targetHints":{"allow":["GET"]}}],"collection":[{"href":"https:\/\/afrycom.com\/fr\/wp-json\/wp\/v2\/product"}],"about":[{"href":"https:\/\/afrycom.com\/fr\/wp-json\/wp\/v2\/types\/product"}],"replies":[{"embeddable":true,"href":"https:\/\/afrycom.com\/fr\/wp-json\/wp\/v2\/comments?post=24996"}],"wp:featuredmedia":[{"embeddable":true,"href":"https:\/\/afrycom.com\/fr\/wp-json\/wp\/v2\/media\/24997"}],"wp:attachment":[{"href":"https:\/\/afrycom.com\/fr\/wp-json\/wp\/v2\/media?parent=24996"}],"wp:term":[{"taxonomy":"product_brand","embeddable":true,"href":"https:\/\/afrycom.com\/fr\/wp-json\/wp\/v2\/product_brand?post=24996"},{"taxonomy":"product_cat","embeddable":true,"href":"https:\/\/afrycom.com\/fr\/wp-json\/wp\/v2\/product_cat?post=24996"},{"taxonomy":"product_tag","embeddable":true,"href":"https:\/\/afrycom.com\/fr\/wp-json\/wp\/v2\/product_tag?post=24996"}],"curies":[{"name":"wp","href":"https:\/\/api.w.org\/{rel}","templated":true}]}}