{"id":24972,"date":"2025-06-14T14:30:56","date_gmt":"2025-06-14T14:30:56","guid":{"rendered":"https:\/\/afrycom.com\/product\/2025%e6%96%b0%e6%ac%be%e7%99%be%e6%90%ad%e6%96%9c%e6%8c%8e%e5%8c%85%e9%ab%98%e7%ba%a7%e6%84%9f%e8%b4%a8%e6%84%9f%e6%96%9c%e6%8c%8e%e5%8c%85%e4%ba%ae%e7%89%87%e5%8d%95%e8%82%a9%e5%8c%85%e5%a5%b3\/"},"modified":"2025-07-06T16:25:03","modified_gmt":"2025-07-06T16:25:03","slug":"sac-a-bandouliere-elegant-2025-sac-a-paillettes-pour-femme","status":"publish","type":"product","link":"https:\/\/afrycom.com\/fr\/produit\/sac-a-bandouliere-elegant-2025-sac-a-paillettes-pour-femme\/","title":{"rendered":"Sac \u00e0 bandouli\u00e8re \u00e9l\u00e9gant 2025 - Sac \u00e0 paillettes pour femme"},"content":{"rendered":"","protected":false},"excerpt":{"rendered":"","protected":false},"featured_media":24974,"comment_status":"open","ping_status":"closed","template":"","meta":[],"product_brand":[],"product_cat":[1451],"product_tag":[],"class_list":{"0":"post-24972","1":"product","2":"type-product","3":"status-publish","4":"has-post-thumbnail","6":"product_cat-womens-section","8":"first","9":"instock","10":"sale","11":"shipping-taxable","12":"purchasable","13":"product-type-variable"},"jetpack_sharing_enabled":true,"_links":{"self":[{"href":"https:\/\/afrycom.com\/fr\/wp-json\/wp\/v2\/product\/24972","targetHints":{"allow":["GET"]}}],"collection":[{"href":"https:\/\/afrycom.com\/fr\/wp-json\/wp\/v2\/product"}],"about":[{"href":"https:\/\/afrycom.com\/fr\/wp-json\/wp\/v2\/types\/product"}],"replies":[{"embeddable":true,"href":"https:\/\/afrycom.com\/fr\/wp-json\/wp\/v2\/comments?post=24972"}],"wp:featuredmedia":[{"embeddable":true,"href":"https:\/\/afrycom.com\/fr\/wp-json\/wp\/v2\/media\/24974"}],"wp:attachment":[{"href":"https:\/\/afrycom.com\/fr\/wp-json\/wp\/v2\/media?parent=24972"}],"wp:term":[{"taxonomy":"product_brand","embeddable":true,"href":"https:\/\/afrycom.com\/fr\/wp-json\/wp\/v2\/product_brand?post=24972"},{"taxonomy":"product_cat","embeddable":true,"href":"https:\/\/afrycom.com\/fr\/wp-json\/wp\/v2\/product_cat?post=24972"},{"taxonomy":"product_tag","embeddable":true,"href":"https:\/\/afrycom.com\/fr\/wp-json\/wp\/v2\/product_tag?post=24972"}],"curies":[{"name":"wp","href":"https:\/\/api.w.org\/{rel}","templated":true}]}}