{"id":24912,"date":"2025-06-14T14:29:23","date_gmt":"2025-06-14T14:29:23","guid":{"rendered":"https:\/\/afrycom.com\/product\/%e5%a4%9a%e5%ad%94%e9%92%88%e6%89%a3%e5%b8%86%e5%b8%83%e8%85%b0%e5%b8%a6%e7%94%b7%e5%a3%ab%e5%8a%a0%e9%95%bf%e5%8a%a0%e5%8e%9a%e7%9a%ae%e5%b8%a6%e5%a5%b3%e8%a3%a4%e5%b8%a6%e5%ad%a6%e7%94%9f%e5%86%9b\/"},"modified":"2025-07-14T16:00:05","modified_gmt":"2025-07-14T16:00:05","slug":"ceinture-en-toile-reglable-multi-trous-modele-epais-et-solide-adaptee-aux-pantalons-larges-et-uniformes","status":"publish","type":"product","link":"https:\/\/afrycom.com\/fr\/produit\/ceinture-en-toile-reglable-multi-trous-modele-epais-et-solide-adaptee-aux-pantalons-larges-et-uniformes\/","title":{"rendered":"Ceinture en Coton \u00c9paisse et R\u00e9glable - Pour Pantalon Lourd, Uniforme, Randonn\u00e9e, Style Militaire"},"content":{"rendered":"","protected":false},"excerpt":{"rendered":"","protected":false},"featured_media":24913,"comment_status":"open","ping_status":"closed","template":"","meta":[],"product_brand":[],"product_cat":[4996,4995],"product_tag":[],"class_list":{"0":"post-24912","1":"product","2":"type-product","3":"status-publish","4":"has-post-thumbnail","6":"product_cat-belts","7":"product_cat-fashion","9":"first","10":"instock","11":"shipping-taxable","12":"purchasable","13":"product-type-variable"},"jetpack_sharing_enabled":true,"_links":{"self":[{"href":"https:\/\/afrycom.com\/fr\/wp-json\/wp\/v2\/product\/24912","targetHints":{"allow":["GET"]}}],"collection":[{"href":"https:\/\/afrycom.com\/fr\/wp-json\/wp\/v2\/product"}],"about":[{"href":"https:\/\/afrycom.com\/fr\/wp-json\/wp\/v2\/types\/product"}],"replies":[{"embeddable":true,"href":"https:\/\/afrycom.com\/fr\/wp-json\/wp\/v2\/comments?post=24912"}],"wp:featuredmedia":[{"embeddable":true,"href":"https:\/\/afrycom.com\/fr\/wp-json\/wp\/v2\/media\/24913"}],"wp:attachment":[{"href":"https:\/\/afrycom.com\/fr\/wp-json\/wp\/v2\/media?parent=24912"}],"wp:term":[{"taxonomy":"product_brand","embeddable":true,"href":"https:\/\/afrycom.com\/fr\/wp-json\/wp\/v2\/product_brand?post=24912"},{"taxonomy":"product_cat","embeddable":true,"href":"https:\/\/afrycom.com\/fr\/wp-json\/wp\/v2\/product_cat?post=24912"},{"taxonomy":"product_tag","embeddable":true,"href":"https:\/\/afrycom.com\/fr\/wp-json\/wp\/v2\/product_tag?post=24912"}],"curies":[{"name":"wp","href":"https:\/\/api.w.org\/{rel}","templated":true}]}}