{"id":2488,"date":"2025-03-08T05:49:26","date_gmt":"2025-03-08T05:49:26","guid":{"rendered":"https:\/\/afrycom.com\/product\/biolomix-mixeur-melangeur-a-minuterie-de-qualite-commerciale-presse-fruits-pour-service-intensif-presse-agrumes-robot-robuste-a-smoothies-glaces-sans-bpa-2-l-3-hp-2-200-w\/"},"modified":"2025-03-23T04:06:26","modified_gmt":"2025-03-23T04:06:26","slug":"mixeur-melangeur-a-minuterie-de-qualite-commerciale-presse-fruits-pour-service-intensif-presse-agrumes-robot-robuste-a-smoothies-glaces-sans-bpa-2-l-3-hp-2-200-w","status":"publish","type":"product","link":"https:\/\/afrycom.com\/fr\/produit\/mixeur-melangeur-a-minuterie-de-qualite-commerciale-presse-fruits-pour-service-intensif-presse-agrumes-robot-robuste-a-smoothies-glaces-sans-bpa-2-l-3-hp-2-200-w\/","title":{"rendered":"Mixeur-M\u00e9langeur \u00e0 Minuterie de Qualit\u00e9 Commerciale, Presse-Fruits pour Service Intensif, Presse-Agrumes, Robot Robuste \u00e0 Smoothies Glac\u00e9s sans BPA, 2 l, 3 HP, 2.200 W"},"content":{"rendered":"<p>&nbsp;<\/p>\n<div class=\"product-specs-list-container\">\n<ul class=\"product-specs-list util-clearfix\">\n<li class=\"product-prop line-limit-length\"><span class=\"property-title\">Chimique Hign-concern\u00e9 :\u00a0<\/span><span class=\"property-desc line-limit-length\">Aucun<\/span><\/li>\n<li class=\"product-prop line-limit-length\"><span class=\"property-title\">Mat\u00e9riau de bras m\u00e9langeur :\u00a0<\/span><span class=\"property-desc line-limit-length\">plastique<\/span><\/li>\n<li class=\"product-prop line-limit-length\"><span class=\"property-title\">Mat\u00e9riel de couperet :\u00a0<\/span><span class=\"property-desc line-limit-length\">plastique<\/span><\/li>\n<li class=\"product-prop line-limit-length\"><span class=\"property-title\">Style :\u00a0<\/span><span class=\"property-desc line-limit-length\">Debout<\/span><\/li>\n<li class=\"product-prop line-limit-length\"><span class=\"property-title\">Taux de rotation (tr\/min) :\u00a0<\/span><span class=\"property-desc line-limit-length\">45000<\/span><\/li>\n<li class=\"product-prop line-limit-length\"><span class=\"property-title\">Num\u00e9ro de lame :\u00a0<\/span><span class=\"property-desc line-limit-length\">6<\/span><\/li>\n<li class=\"product-prop line-limit-length\"><span class=\"property-title\">Nombre de param\u00e8tres de vitesse :\u00a0<\/span><span class=\"property-desc line-limit-length\">R\u00e9glage continu<\/span><\/li>\n<li class=\"product-prop line-limit-length\"><span class=\"property-title\">Mat\u00e9riau du Bo\u00eetier :\u00a0<\/span><span class=\"property-desc line-limit-length\">plastique<\/span><\/li>\n<li class=\"product-prop line-limit-length\"><span class=\"property-title\">Mat\u00e9riel de r\u00e9cipient :\u00a0<\/span><span class=\"property-desc line-limit-length\">Tritan<\/span><\/li>\n<li class=\"product-prop line-limit-length\"><span class=\"property-title\">Type de contr\u00f4les :\u00a0<\/span><span class=\"property-desc line-limit-length\">Bouton poussoir<\/span><\/li>\n<li class=\"product-prop line-limit-length\"><span class=\"property-title\">Num\u00e9ro de Mod\u00e8le :\u00a0<\/span><span class=\"property-desc line-limit-length\">T5200<\/span><\/li>\n<li class=\"product-prop line-limit-length\"><span class=\"property-title\">Fonction :\u00a0<\/span><span class=\"property-desc line-limit-length\">Autre<\/span><\/li>\n<li class=\"product-prop line-limit-length\"><span class=\"property-title\">Puissance (W) :\u00a0<\/span><span class=\"property-desc line-limit-length\">&gt; 1501W<\/span><\/li>\n<li class=\"product-prop line-limit-length\"><span class=\"property-title\">Certification :\u00a0<\/span><span class=\"property-desc line-limit-length\">ROHS,CE<\/span><\/li>\n<li class=\"product-prop line-limit-length\"><span class=\"property-title\">Capacit\u00e9 (l) :\u00a0<\/span><span class=\"property-desc line-limit-length\">1.8-2.1L<\/span><\/li>\n<li class=\"product-prop line-limit-length\"><span class=\"property-title\">Nom de marque :\u00a0<\/span><span class=\"property-desc line-limit-length\">Biolomix<\/span><\/li>\n<li class=\"product-prop line-limit-length\"><span class=\"property-title\">Origine :\u00a0<\/span><span class=\"property-desc line-limit-length\">CN (Origine)<\/span><\/li>\n<li class=\"product-prop line-limit-length\"><span class=\"property-title\">Tension :\u00a0<\/span><span class=\"property-desc line-limit-length\">100-120V\/220-240V<\/span><\/li>\n<\/ul>\n<\/div>\n<div class=\"detailmodule_html\">\n<div class=\"detail-desc-decorate-richtext\">\n<div><img loading=\"lazy\" decoding=\"async\" class=\"\" src=\"https:\/\/ae01.alicdn.com\/kf\/Sbbe1b8f6dd224fe19cc54e409354d3e0Z.jpg\" width=\"19\" height=\"19\" \/><\/div>\n<div><\/div>\n<div><\/div>\n<p><span style=\"color: #ff0000; font-size: 20px;\">M\u00e9langeur haute PERFORMANCE BIOLOMIX avec fonction minuterie<\/span><\/p>\n<p><span style=\"font-size: 20px;\"><span style=\"color: #ff0000;\">Nous vous recommandons fortement de commander l'option blender avec des pi\u00e8ces de rechange suppl\u00e9mentaires avec un bon rapport qualit\u00e9-prix, juste pour un remplacement futur de ces pi\u00e8ces consommables.<\/span><\/span><\/p>\n<p><span style=\"font-size: 20px;\"><span style=\"color: #ff0000;\">Le T5200 mis \u00e0 jour adapt\u00e9 \u00e0 notre petit pot sec de 900ml maintenant, bienvenue pour acheter le paquet avec ce petit pot de 0.9L.<\/span><\/span><span style=\"font-size: 20px;\"><span style=\"color: #ff0000;\"><u>Cliquez ci-dessous l'image pour en savoir plus :<\/u><\/span><\/span><\/p>\n<p><a class=\"\" href=\"https:\/\/www.aliexpress.com\/item\/32642487391.html?spm=2114.12010612.8148356.5.61161d26pi6pK6\" target=\"_self\" rel=\"noopener\"><img loading=\"lazy\" decoding=\"async\" src=\"https:\/\/ae01.alicdn.com\/kf\/H328c8f80d28c41d19be3d9ff646dd69ed.jpg\" width=\"500\" height=\"500\" \/><\/a><\/p>\n<p><span style=\"font-size: 16px;\"><span style=\"font-family: arial, helvetica, sans-serif;\">Lorsque vous passez la commande, veuillez confirmer que toutes les informations du destinataire sont correctes et compl\u00e8tes,<\/span><\/span><\/p>\n<p><span style=\"font-size: 16px;\"><span style=\"font-family: arial, helvetica, sans-serif;\">Les acheteurs isra\u00e9liens doivent avoir 7 num\u00e9ros de code postal et une adresse d\u00e9taill\u00e9e et ne pas prendre en charge la livraison de la bo\u00eete postale.<\/span><\/span><\/p>\n<p><span style=\"font-size: 16px;\"><span style=\"font-family: arial, helvetica, sans-serif;\">Il est tr\u00e8s important pour nous d'exp\u00e9dier les marchandises et de les livrer d\u00e8s que possible.<\/span><\/span><\/p>\n<div><\/div>\n<p><span style=\"font-size: 14px;\"><span style=\"font-family: verdana, geneva, sans-serif;\"><span style=\"background-color: #92d050;\">Pourquoi acheter avec Biolomix ?<\/span><\/span><\/span><\/p>\n<p><span style=\"font-size: 14px;\"><span style=\"font-family: verdana, geneva, sans-serif;\">(1) nous sommes une marque am\u00e9ricaine\/ue r\u00e9put\u00e9e dans le monde entier pour la ligne de m\u00e9langeurs professionnels.<\/span><\/span><\/p>\n<p><span style=\"font-size: 14px;\"><span style=\"font-family: verdana, geneva, sans-serif;\">(2) plus de 10 ans d'exp\u00e9rience professionnelle de fabrication et de marketing de m\u00e9langeur.<\/span><\/span><\/p>\n<p><span style=\"font-size: 14px;\"><span style=\"font-family: verdana, geneva, sans-serif;\">(3) excellente qualit\u00e9 \u00e0 un prix raisonnable, achetez en toute confiance.<\/span><\/span><\/p>\n<p><span style=\"font-size: 14px;\"><span style=\"font-family: verdana, geneva, sans-serif;\">(4) toutes les marchandises seront bien v\u00e9rifi\u00e9es et emball\u00e9es avant l'exp\u00e9dition.<\/span><\/span><\/p>\n<p><span style=\"color: #ff0000;\"><span style=\"font-size: 18px;\"><strong><u>Manuel Utilisateur en anglais<\/u><\/strong><\/span><\/span><span style=\"color: #ff0000;\"><span style=\"font-size: 18px;\"><strong>Inclus dans le paquet ! Va<\/strong><\/span><\/span><span style=\"color: #ff0000;\"><span style=\"font-size: 18px;\"><strong><u>Vous envoyer un livre de recettes par courriel. Pdf<\/u><\/strong><\/span><\/span><span style=\"color: #ff0000;\"><span style=\"font-size: 18px;\"><strong>Avec jusqu'\u00e0 125 recettes et Biolomix livre de recettes s\u00e9lectives comme ci-dessous image fyi, veuillez donc laisser votre adresse e-mail lors de la commande.<\/strong><\/span><\/span><\/p>\n<p><span style=\"background-color: #ffffff; color: #ff0000; font-size: 20px; font-family: arial, verdana, sans-serif;\">Pour en savoir plus sur ce Blender minuteur Biolomix,<\/span><span style=\"background-color: #ffffff; color: #ff0000; font-size: 20px;\">Consultez la vid\u00e9o Youtube de notre client unboxingRevue (en russe) :<\/span><span style=\"background-color: #ffffff; color: #ff0000; font-size: 20px; font-family: arial, verdana, sans-serif;\">Https:\/\/www.youtube.com\/watch?v=gHAEaSAPiK0<\/span><\/p>\n<p><img loading=\"lazy\" decoding=\"async\" src=\"https:\/\/ae01.alicdn.com\/kf\/HTB19lfOJ1SSBuNjy0Flq6zBpVXa2.jpg\" width=\"213\" height=\"298\" \/> \u00a0<img loading=\"lazy\" decoding=\"async\" src=\"https:\/\/ae01.alicdn.com\/kf\/HTB1exGgHFXXXXazXFXXq6xXFXXXP\/222452784\/HTB1exGgHFXXXXazXFXXq6xXFXXXP.jpg\" width=\"166\" height=\"298\" \/><\/p>\n<p><span style=\"color: #ff0000;\"><span style=\"font-size: 18px;\"><span style=\"background-color: #ffffff; color: #ff0000; font-size: 12px; font-family: arial, verdana, sans-serif;\"><strong><span style=\"font-size: 20px;\"><span style=\"background-color: #ffff00;\">Veuillez noter que vous \u00eates en train de vous renseigner sur le contenu de votre article et de vous renseigner sur le contenu de votre article.<\/span><\/span><\/strong><\/span><\/span><\/span><\/p>\n<p><span style=\"font-size: 22px;\"><strong><span style=\"font-family: 'comic sans ms';\">Sp\u00e9cifications :<\/span><\/strong><\/span><\/p>\n<table style=\"border-collapse: collapse; border: 1px solid #dddddd; width: 685px;\" border=\"1\" cellspacing=\"0\" cellpadding=\"0\">\n<tbody>\n<tr>\n<td style=\"width: 151px; height: 20px;\"><span style=\"font-size: 16px;\">Mod\u00e8le<\/span><\/td>\n<td style=\"width: 420px; height: 20px;\"><span style=\"font-size: 16px;\">T5200<\/span><\/td>\n<\/tr>\n<tr>\n<td style=\"width: 151px; height: 19px;\"><span style=\"font-size: 16px;\">Tension<\/span><\/td>\n<td style=\"width: 420px; height: 19px;\"><strong><span style=\"font-size: 14px;\"><span style=\"font-family: arial, helvetica, sans-serif;\"><span style=\"color: #ff0000;\">Ca 220V ~\/ 50-60Hz ;<\/span><\/span><\/span><\/strong><\/p>\n<p><strong><span style=\"font-size: 14px;\"><span style=\"font-family: arial, helvetica, sans-serif;\"><span style=\"color: #ff0000;\">Prise am\u00e9ricaine ca 100-120V\/60Hz \u00e9galement disponible.<\/span><\/span><\/span><\/strong><\/p>\n<p><span style=\"font-size: 14px;\"><span style=\"font-family: arial, helvetica, sans-serif;\">*<\/span><\/span><span style=\"font-size: 14px;\"><span style=\"font-family: arial, helvetica, sans-serif;\"><strong>Veuillez s\u00e9lectionner le type de prise correct selon vos besoins.<\/strong><\/span><\/span><\/td>\n<\/tr>\n<tr>\n<td style=\"width: 151px; height: 19px;\"><span style=\"font-size: 16px;\">Puissance Max<\/span><\/td>\n<td style=\"width: 420px; height: 19px;\"><span style=\"font-size: 16px;\">2200 W (\u00e0 l'\u00e9tat de pointe)<\/span><\/td>\n<\/tr>\n<tr>\n<td style=\"width: 151px; height: 29px;\"><span style=\"font-size: 16px;\">Capacit\u00e9 du conteneur<\/span><\/td>\n<td style=\"width: 420px; height: 29px;\"><span style=\"font-size: 16px;\">2L ( 2000cc)<\/span><\/td>\n<\/tr>\n<tr>\n<td style=\"width: 151px; height: 30px;\"><span style=\"font-size: 16px;\">Type de contr\u00f4le<\/span><\/td>\n<td style=\"width: 420px; height: 30px;\"><span style=\"font-size: 16px;\">Bouton poussoir<\/span><\/td>\n<\/tr>\n<tr>\n<td style=\"width: 151px; height: 21px;\"><span style=\"font-size: 16px;\">Mat\u00e9riau du bo\u00eetier<\/span><\/td>\n<td style=\"width: 420px; height: 21px;\"><span style=\"font-size: 16px;\">En plastique<\/span><\/td>\n<\/tr>\n<tr>\n<td style=\"width: 151px; height: 38px;\"><span style=\"font-size: 16px;\">Fonction<\/span><\/td>\n<td style=\"width: 420px; height: 38px;\">\n<p style=\"text-align: left;\" align=\"left\"><span style=\"font-size: 16px;\">Application humide et s\u00e8che,<\/span><\/p>\n<\/td>\n<\/tr>\n<tr>\n<td style=\"width: 151px; height: 206px;\"><span style=\"font-size: 16px;\"><strong>Caract\u00e9ristiques<\/strong><\/span><\/td>\n<td style=\"width: 420px; height: 206px;\">\n<ul>\n<li><span style=\"font-size: 16px;\">Acier inoxydable tremp\u00e9 du japon six lames d'action de vague tient compte d'une plus grande polyvalence de produit<\/span><\/li>\n<li><span style=\"color: #ff0000;\"><span style=\"font-size: 16px;\">Fonction minuterie 1 - 5 minutes avec arr\u00eat automatique.<\/span><\/span><\/li>\n<li><span style=\"color: #ff0000;\"><span style=\"font-size: 16px;\">Interrupteur de s\u00e9curit\u00e9 du bocal-ne fonctionne pas sans pot en place<\/span><\/span><\/li>\n<li><span style=\"font-size: 16px;\">Puissance maximale 2200W auto-compensation moteur puissant.<\/span><\/li>\n<li><span style=\"font-size: 16px;\">MoteurInterrupteur de r\u00e9initialisation de surcharge (en bas de la base du moteur) et protection thermique\/surchauffe automatique (\u00e9quip\u00e9 du moteur)<\/span><\/li>\n<li><span style=\"font-size: 16px;\">Pot transparent incassable de haute qualit\u00e9 certifi\u00e9 FDA 2L, sans BPA avec poign\u00e9e recouverte de caoutchouc pour une prise en main plus confortableFaites plusieurs boissons telles que milkshakes, smoothies verts, broyage \u00e0 sec, soupe chaude, sauces, r\u00e9gime alimentaire cru, cr\u00e8me glac\u00e9e, jus frais et bien plus encore.<\/span><\/li>\n<li><span style=\"font-size: 16px;\">Facile \u00c0 nettoyer<\/span><\/li>\n<li><span style=\"font-size: 16px;\">Socle gris titane \u00e9l\u00e9gant de luxe.<\/span><\/li>\n<li><span style=\"font-size: 16px;\">Fonctionnement \u00e0 faible bruit<\/span><\/li>\n<\/ul>\n<\/td>\n<\/tr>\n<tr>\n<td style=\"width: 151px; height: 38px;\">\n<p style=\"text-align: left;\" align=\"left\"><span style=\"font-size: 16px;\">Emballage<\/span><\/p>\n<\/td>\n<td style=\"width: 420px; height: 38px;\"><span style=\"font-size: 16px;\">Carton<\/span><\/td>\n<\/tr>\n<\/tbody>\n<\/table>\n<div><\/div>\n<p><strong><span style=\"font-size: 14px;\"><span style=\"font-family: arial, helvetica, sans-serif;\"><span style=\"color: #ff0000;\">NOTES<\/span><\/span><\/span><\/strong><strong><span style=\"font-size: 14px;\"><span style=\"font-family: arial, helvetica, sans-serif;\">(Lire attentivement les instructions manuelles avant utilisation)<\/span><\/span><\/strong><\/p>\n<p><strong><span style=\"font-size: 14px;\"><span style=\"font-family: arial, helvetica, sans-serif;\"><span style=\"color: #ff0000;\">1. D\u00e8s que vous avez re\u00e7u le m\u00e9langeur, veuillez ajouter de l'eau \u00e0 l'int\u00e9rieur du r\u00e9cipient pour tester, ne pas le faire fonctionner sans rien \u00e0 l'int\u00e9rieur car c'est un mauvais essai pour le syst\u00e8me d'accouplement.<\/span><\/span><\/span><\/strong><\/p>\n<p><strong><span style=\"font-size: 14px;\"><span style=\"font-family: arial, helvetica, sans-serif;\"><span style=\"color: #ff0000;\">2. Lorsque vous l'utilisez au d\u00e9but, il peut y avoir une certaine odeur, m\u00eame une l\u00e9g\u00e8re fum\u00e9e vient du moteur, mais ne vous inqui\u00e9tez pas, car le nouveau moteur chauffe le lubrifiant qui enduit sur les bobines, il dispara\u00eetra apr\u00e8s quelques fois de plus. Merci pour votre attention.<\/span><\/span><\/span><\/strong><\/p>\n<p style=\"font-family: arial; font-size: 12px; font-weight: 400; color: #000000; margin: 0px; padding: 0px;\"><span style=\"color: #333333; font-size: 12px; font-family: arial, verdana, sans-serif;\"><strong><span style=\"font-size: 14px;\"><span style=\"font-family: arial, helvetica, sans-serif;\"><span style=\"color: #ff0000;\">3.Le<\/span><\/span><\/span><\/strong><\/span><span style=\"color: #333333; font-size: 12px; font-family: arial, verdana, sans-serif;\"><strong><span style=\"font-size: 14px;\"><span style=\"font-family: arial, helvetica, sans-serif;\"><span style=\"color: #ff0000;\"><u>Le pot ne va pas au lave-vaisselle<\/u><\/span><\/span><\/span><\/strong><\/span><span style=\"color: #333333; font-size: 12px; font-family: arial, verdana, sans-serif;\"><strong><span style=\"font-size: 14px;\"><span style=\"font-family: arial, helvetica, sans-serif;\"><span style=\"color: #ff0000;\">!!!<\/span><\/span><\/span><\/strong><\/span><\/p>\n<div><\/div>\n<p style=\"font-family: arial; font-size: 12px; font-weight: 400; color: #000000; margin: 0px; padding: 0px;\"><strong><span style=\"color: #ff0000;\"><span style=\"font-size: 16px;\">4. Nous pouvons envoyer les quatre types de bouchons comme ci-dessous, Veuillez donc nous indiquer le type de prise et la tension dont vous avez besoin pour la machine.<\/span><\/span><\/strong><\/p>\n<p style=\"font-family: arial, helvetica; font-size: inherit; line-height: inherit; color: #ff0000; border: 0px none;\"><img decoding=\"async\" src=\"https:\/\/ae01.alicdn.com\/kf\/HTB1HBxGIXXXXXaXXpXXq6xXFXXXb\/222452784\/HTB1HBxGIXXXXXaXXpXXq6xXFXXXb.jpg?size=83496&amp;height=593&amp;width=588&amp;hash=ef1f1a8dadcf50cff3ac689d9c9dbf11\" \/><\/p>\n<p style=\"font-family: arial, helvetica; font-size: inherit; line-height: inherit; color: #ff0000; border: 0px none;\"><span style=\"font-size: 16px;\">IMPORTANT : veuillez v\u00e9rifier si votre pays peut \u00eatre exp\u00e9di\u00e9 par notre entrep\u00f4t russe ou europ\u00e9en local pour une livraison plus rapide, si les navires sont exp\u00e9di\u00e9s de chine, nous exp\u00e9dierons votre commande via FedEX\/DHL\/UPS\/TNT en fonction de la situation r\u00e9elle sans pr\u00e9avis, par exemple si vous choisissez la livraison DHL gratuite, Nous pouvons exp\u00e9dier par UPS\/TNT ou autre courior express similaire ! Si votre adresse appartient \u00e0 une zone \u00e9loign\u00e9e de Fedex\/DHL\/UPS\/TNT, vous devez payer les frais de remore, sinon nous ne pouvons pas l'exp\u00e9dier.<\/span><\/p>\n<p style=\"font-family: arial, helvetica; font-size: inherit; line-height: inherit; color: #ff0000; border: 0px none;\"><span style=\"font-size: 16px;\">* Nous ne sommes pas responsables des taxes douani\u00e8res\/\u00e0 l'importation ou de la tva dans le cas o\u00f9 dans le pays de l'acheteur, alors veuillez choisir les navires de l'entrep\u00f4t local ue\/RU si vous le pouvez.<\/span><\/p>\n<p>&nbsp;<\/p>\n<\/div>\n<\/div>\n<div class=\"detailmodule_dynamic\"><\/div>\n<p>&nbsp;<\/p>","protected":false},"excerpt":{"rendered":"<p>&nbsp; Chimique Hign-concern\u00e9:\u00a0Aucun Mat\u00e9riau de bras m\u00e9langeur:\u00a0plastique Mat\u00e9riel de couperet:\u00a0plastique Style:\u00a0Debout Taux de rotation (tr\/min):\u00a045000 Num\u00e9ro de lame:\u00a06 Nombre de<\/p>","protected":false},"featured_media":2489,"comment_status":"open","ping_status":"closed","template":"","meta":[],"product_brand":[],"product_cat":[32,31],"product_tag":[],"class_list":{"0":"post-2488","1":"product","2":"type-product","3":"status-publish","4":"has-post-thumbnail","6":"product_cat-blenders-small-kitchen-appliances-appliances","7":"product_cat-small-kitchen-appliances-appliances","9":"first","10":"instock","11":"sale","12":"shipping-taxable","13":"purchasable","14":"product-type-variable"},"jetpack_sharing_enabled":true,"_links":{"self":[{"href":"https:\/\/afrycom.com\/fr\/wp-json\/wp\/v2\/product\/2488","targetHints":{"allow":["GET"]}}],"collection":[{"href":"https:\/\/afrycom.com\/fr\/wp-json\/wp\/v2\/product"}],"about":[{"href":"https:\/\/afrycom.com\/fr\/wp-json\/wp\/v2\/types\/product"}],"replies":[{"embeddable":true,"href":"https:\/\/afrycom.com\/fr\/wp-json\/wp\/v2\/comments?post=2488"}],"wp:featuredmedia":[{"embeddable":true,"href":"https:\/\/afrycom.com\/fr\/wp-json\/wp\/v2\/media\/2489"}],"wp:attachment":[{"href":"https:\/\/afrycom.com\/fr\/wp-json\/wp\/v2\/media?parent=2488"}],"wp:term":[{"taxonomy":"product_brand","embeddable":true,"href":"https:\/\/afrycom.com\/fr\/wp-json\/wp\/v2\/product_brand?post=2488"},{"taxonomy":"product_cat","embeddable":true,"href":"https:\/\/afrycom.com\/fr\/wp-json\/wp\/v2\/product_cat?post=2488"},{"taxonomy":"product_tag","embeddable":true,"href":"https:\/\/afrycom.com\/fr\/wp-json\/wp\/v2\/product_tag?post=2488"}],"curies":[{"name":"wp","href":"https:\/\/api.w.org\/{rel}","templated":true}]}}