{"id":24856,"date":"2025-06-14T14:20:25","date_gmt":"2025-06-14T14:20:25","guid":{"rendered":"https:\/\/afrycom.com\/product\/%e7%bd%97%e8%92%99%e7%9a%ae%e5%b8%a6%e7%94%b7%e5%a3%ab%e7%9c%9f%e7%9a%ae%e9%92%88%e6%89%a3%e8%85%b0%e5%b8%a6%e6%bd%ae%e6%ad%a3%e5%93%81%e9%ab%98%e6%a1%a3%e7%ba%af%e7%89%9b%e7%9a%ae%e5%b9%b4%e8%bd%bb\/"},"modified":"2025-07-14T16:02:06","modified_gmt":"2025-07-14T16:02:06","slug":"ro-men-ceinture-en-vrai-cuir-pour-homme-ceinture-a-aiguille-mode-et-raffinee-ideale-jeunes-et-professionnels","status":"publish","type":"product","link":"https:\/\/afrycom.com\/fr\/produit\/ro-men-ceinture-en-vrai-cuir-pour-homme-ceinture-a-aiguille-mode-et-raffinee-ideale-jeunes-et-professionnels\/","title":{"rendered":"Ceinture en Cuir RO-MEN pour Homme - Mod\u00e8le \u00e0 Aiguille, Design Chic et Intemporel, Id\u00e9al pour Tenues D\u00e9contract\u00e9es ou Formelles"},"content":{"rendered":"","protected":false},"excerpt":{"rendered":"","protected":false},"featured_media":24857,"comment_status":"open","ping_status":"closed","template":"","meta":[],"product_brand":[],"product_cat":[4996,83,4995],"product_tag":[],"class_list":{"0":"post-24856","1":"product","2":"type-product","3":"status-publish","4":"has-post-thumbnail","6":"product_cat-belts","7":"product_cat-clothings-shoes","8":"product_cat-fashion","10":"first","11":"instock","12":"shipping-taxable","13":"purchasable","14":"product-type-variable"},"jetpack_sharing_enabled":true,"_links":{"self":[{"href":"https:\/\/afrycom.com\/fr\/wp-json\/wp\/v2\/product\/24856","targetHints":{"allow":["GET"]}}],"collection":[{"href":"https:\/\/afrycom.com\/fr\/wp-json\/wp\/v2\/product"}],"about":[{"href":"https:\/\/afrycom.com\/fr\/wp-json\/wp\/v2\/types\/product"}],"replies":[{"embeddable":true,"href":"https:\/\/afrycom.com\/fr\/wp-json\/wp\/v2\/comments?post=24856"}],"wp:featuredmedia":[{"embeddable":true,"href":"https:\/\/afrycom.com\/fr\/wp-json\/wp\/v2\/media\/24857"}],"wp:attachment":[{"href":"https:\/\/afrycom.com\/fr\/wp-json\/wp\/v2\/media?parent=24856"}],"wp:term":[{"taxonomy":"product_brand","embeddable":true,"href":"https:\/\/afrycom.com\/fr\/wp-json\/wp\/v2\/product_brand?post=24856"},{"taxonomy":"product_cat","embeddable":true,"href":"https:\/\/afrycom.com\/fr\/wp-json\/wp\/v2\/product_cat?post=24856"},{"taxonomy":"product_tag","embeddable":true,"href":"https:\/\/afrycom.com\/fr\/wp-json\/wp\/v2\/product_tag?post=24856"}],"curies":[{"name":"wp","href":"https:\/\/api.w.org\/{rel}","templated":true}]}}