{"id":24693,"date":"2025-06-14T14:19:57","date_gmt":"2025-06-14T14:19:57","guid":{"rendered":"https:\/\/afrycom.com\/product\/%e7%94%b7%e6%ac%be%e7%94%b7%e5%a3%ab%e6%88%98%e6%9c%af%e6%8f%92%e6%89%a3%e5%b0%bc%e9%be%99%e8%85%b0%e5%b8%a6%e5%bf%ab%e6%8b%86%e6%88%b7%e5%a4%96%e7%9a%ae%e5%b8%a6%e5%b7%a5%e8%a3%85%e5%b8%86%e5%b8%83\/"},"modified":"2025-07-31T14:37:23","modified_gmt":"2025-07-31T14:37:23","slug":"ceinture-homme-tactical-nylon-resistant-boucle-clip-rapide-elastique-et-ajustable-ideale-pour-travail-outdoor-ou-sport","status":"publish","type":"product","link":"https:\/\/afrycom.com\/fr\/produit\/ceinture-homme-tactical-nylon-resistant-boucle-clip-rapide-elastique-et-ajustable-ideale-pour-travail-outdoor-ou-sport\/","title":{"rendered":"Ceinture Homme Tactical - Nylon R\u00e9sistant, Boucle Clip Rapide, \u00c9lastique et Ajustable, Id\u00e9ale pour Travail, Outdoor ou Sport"},"content":{"rendered":"","protected":false},"excerpt":{"rendered":"","protected":false},"featured_media":24694,"comment_status":"open","ping_status":"closed","template":"","meta":[],"product_brand":[],"product_cat":[4996,83,4995],"product_tag":[],"class_list":{"0":"post-24693","1":"product","2":"type-product","3":"status-publish","4":"has-post-thumbnail","6":"product_cat-belts","7":"product_cat-clothings-shoes","8":"product_cat-fashion","10":"first","11":"instock","12":"shipping-taxable","13":"purchasable","14":"product-type-variable"},"jetpack_sharing_enabled":true,"_links":{"self":[{"href":"https:\/\/afrycom.com\/fr\/wp-json\/wp\/v2\/product\/24693","targetHints":{"allow":["GET"]}}],"collection":[{"href":"https:\/\/afrycom.com\/fr\/wp-json\/wp\/v2\/product"}],"about":[{"href":"https:\/\/afrycom.com\/fr\/wp-json\/wp\/v2\/types\/product"}],"replies":[{"embeddable":true,"href":"https:\/\/afrycom.com\/fr\/wp-json\/wp\/v2\/comments?post=24693"}],"wp:featuredmedia":[{"embeddable":true,"href":"https:\/\/afrycom.com\/fr\/wp-json\/wp\/v2\/media\/24694"}],"wp:attachment":[{"href":"https:\/\/afrycom.com\/fr\/wp-json\/wp\/v2\/media?parent=24693"}],"wp:term":[{"taxonomy":"product_brand","embeddable":true,"href":"https:\/\/afrycom.com\/fr\/wp-json\/wp\/v2\/product_brand?post=24693"},{"taxonomy":"product_cat","embeddable":true,"href":"https:\/\/afrycom.com\/fr\/wp-json\/wp\/v2\/product_cat?post=24693"},{"taxonomy":"product_tag","embeddable":true,"href":"https:\/\/afrycom.com\/fr\/wp-json\/wp\/v2\/product_tag?post=24693"}],"curies":[{"name":"wp","href":"https:\/\/api.w.org\/{rel}","templated":true}]}}