{"id":24660,"date":"2025-06-12T06:46:25","date_gmt":"2025-06-12T06:46:25","guid":{"rendered":"https:\/\/afrycom.com\/product\/%e9%9c%b8%e9%81%93%e8%82%8c%e8%82%89-%e7%94%b7%e5%a3%ab%e8%bf%90%e5%8a%a8%e5%81%a5%e8%ba%ab%e4%b8%8a%e8%a1%a3%e8%b7%91%e6%ad%a5%e8%ae%ad%e7%bb%83%e6%9c%8d%e7%bf%bb%e9%a2%86polo%e8%a1%ab%e7%9f%ad\/"},"modified":"2025-07-31T14:38:30","modified_gmt":"2025-07-31T14:38:30","slug":"polo-homme-fitness-coupe-musclee-leger-et-respirant-ideal-pour-sport-musculation-ou-running","status":"publish","type":"product","link":"https:\/\/afrycom.com\/fr\/produit\/polo-homme-fitness-coupe-musclee-leger-et-respirant-ideal-pour-sport-musculation-ou-running\/","title":{"rendered":"Polo Homme Fitness - Coupe Muscl\u00e9e, L\u00e9ger et Respirant, Id\u00e9al pour Sport, Musculation ou Running"},"content":{"rendered":"","protected":false},"excerpt":{"rendered":"","protected":false},"featured_media":24661,"comment_status":"open","ping_status":"closed","template":"","meta":[],"product_brand":[],"product_cat":[83,1450,4978],"product_tag":[],"class_list":{"0":"post-24660","1":"product","2":"type-product","3":"status-publish","4":"has-post-thumbnail","6":"product_cat-clothings-shoes","7":"product_cat-mens-section","8":"product_cat-t-shirt-shirts","10":"first","11":"instock","12":"shipping-taxable","13":"purchasable","14":"product-type-variable"},"jetpack_sharing_enabled":true,"_links":{"self":[{"href":"https:\/\/afrycom.com\/fr\/wp-json\/wp\/v2\/product\/24660","targetHints":{"allow":["GET"]}}],"collection":[{"href":"https:\/\/afrycom.com\/fr\/wp-json\/wp\/v2\/product"}],"about":[{"href":"https:\/\/afrycom.com\/fr\/wp-json\/wp\/v2\/types\/product"}],"replies":[{"embeddable":true,"href":"https:\/\/afrycom.com\/fr\/wp-json\/wp\/v2\/comments?post=24660"}],"wp:featuredmedia":[{"embeddable":true,"href":"https:\/\/afrycom.com\/fr\/wp-json\/wp\/v2\/media\/24661"}],"wp:attachment":[{"href":"https:\/\/afrycom.com\/fr\/wp-json\/wp\/v2\/media?parent=24660"}],"wp:term":[{"taxonomy":"product_brand","embeddable":true,"href":"https:\/\/afrycom.com\/fr\/wp-json\/wp\/v2\/product_brand?post=24660"},{"taxonomy":"product_cat","embeddable":true,"href":"https:\/\/afrycom.com\/fr\/wp-json\/wp\/v2\/product_cat?post=24660"},{"taxonomy":"product_tag","embeddable":true,"href":"https:\/\/afrycom.com\/fr\/wp-json\/wp\/v2\/product_tag?post=24660"}],"curies":[{"name":"wp","href":"https:\/\/api.w.org\/{rel}","templated":true}]}}