{"id":2465,"date":"2025-03-08T05:49:18","date_gmt":"2025-03-08T05:49:18","guid":{"rendered":"https:\/\/afrycom.com\/product\/nouveau-presse-agrumes-portable-double-usage-tasse-de-jus-usb-4000mah-batterie-interieur-exterieur-melangeur-de-fruits-frais-2-lames-smoothie-tasse-de-jus-melangeur\/"},"modified":"2025-10-16T08:18:37","modified_gmt":"2025-10-16T08:18:37","slug":"nouveau-presse-agrumes-portable-double-usage-tasse-de-jus-usb-4000mah-batterie-interieur-exterieur-melangeur-de-fruits-frais-2-lames-smoothie-tasse-de-jus-melangeur","status":"publish","type":"product","link":"https:\/\/afrycom.com\/fr\/produit\/nouveau-presse-agrumes-portable-double-usage-tasse-de-jus-usb-4000mah-batterie-interieur-exterieur-melangeur-de-fruits-frais-2-lames-smoothie-tasse-de-jus-melangeur\/","title":{"rendered":"Nouveau presse-agrumes Portable double usage tasse de jus USB 4000mAh batterie int\u00e9rieur ext\u00e9rieur m\u00e9langeur de fruits frais 2 lames Smoothie tasse de jus m\u00e9langeur"},"content":{"rendered":"<p>&nbsp;<\/p>\n<div class=\"product-specs-list-container\">\n<ul class=\"product-specs-list util-clearfix\">\n<li class=\"product-prop line-limit-length\"><span class=\"property-title\">Chimique Hign-concern\u00e9 :\u00a0<\/span><span class=\"property-desc line-limit-length\">Aucun<\/span><\/li>\n<li class=\"product-prop line-limit-length\"><span class=\"property-title\">Certification :\u00a0<\/span><span class=\"property-desc line-limit-length\">CE<\/span><\/li>\n<li class=\"product-prop line-limit-length\"><span class=\"property-title\">Puissance (W) :\u00a0<\/span><span class=\"property-desc line-limit-length\">5w<\/span><\/li>\n<li class=\"product-prop line-limit-length\"><span class=\"property-title\">Capacit\u00e9 :\u00a0<\/span><span class=\"property-desc line-limit-length\">&lt;500ML<\/span><\/li>\n<li class=\"product-prop line-limit-length\"><span class=\"property-title\">Nom de marque :\u00a0<\/span><span class=\"property-desc line-limit-length\">CREAROMA<\/span><\/li>\n<li class=\"product-prop line-limit-length\"><span class=\"property-title\">Origine :\u00a0<\/span><span class=\"property-desc line-limit-length\">CN (Origine)<\/span><\/li>\n<\/ul>\n<\/div>\n<div class=\"detailmodule_html\">\n<div class=\"detail-desc-decorate-richtext\">\n<div class=\"detailmodule_html\">\n<div class=\"detail-desc-decorate-richtext\">\n<div style=\"display: mangofig;\">\n<div id=\"tl_1\" style=\"height: 0; overflow: hidden;\">modname=ckeditor<\/div>\n<div>\n<p>&nbsp;<\/p>\n<p>&nbsp;<\/p>\n<p>&nbsp;<\/p>\n<p>&nbsp;<\/p>\n<p>&nbsp;<\/p>\n<p><img decoding=\"async\" src=\"https:\/\/ae01.alicdn.com\/kf\/Sa987410f7f744e7c9ab59528ca3e154b7.jpg\" \/><img decoding=\"async\" src=\"https:\/\/ae01.alicdn.com\/kf\/Sa09c6a780c2f4de692c2db9321b8ca2f7.jpg\" \/><img decoding=\"async\" src=\"https:\/\/ae01.alicdn.com\/kf\/S4c12501759ad4e398b460481705a7178L.jpg\" \/><img decoding=\"async\" src=\"https:\/\/ae01.alicdn.com\/kf\/Se0646496759240f39d25351ebc7b419fz.jpg\" \/><img decoding=\"async\" src=\"https:\/\/ae01.alicdn.com\/kf\/S2ff7d4b7e9e64aa78a26720dc72b10559.jpg\" \/><img decoding=\"async\" src=\"https:\/\/ae01.alicdn.com\/kf\/S0f185cf628b649f3b4a85fb48c1ffa17b.jpg\" \/><\/p>\n<p>&nbsp;<\/p>\n<\/div>\n<\/div>\n<\/div>\n<\/div>\n<\/div>\n<\/div>","protected":false},"excerpt":{"rendered":"<p>&nbsp; Chimique Hign-concern\u00e9:\u00a0Aucun Certification:\u00a0CE Puissance (W):\u00a05w Capacit\u00e9:\u00a0&lt;500ML Nom de marque:\u00a0CREAROMA Origine:\u00a0CN (Origine) modname=ckeditor &nbsp; &nbsp; &nbsp; &nbsp; &nbsp; &nbsp;<\/p>","protected":false},"featured_media":2466,"comment_status":"open","ping_status":"closed","template":"","meta":[],"product_brand":[],"product_cat":[32,31],"product_tag":[],"class_list":{"0":"post-2465","1":"product","2":"type-product","3":"status-publish","4":"has-post-thumbnail","6":"product_cat-blenders-small-kitchen-appliances-appliances","7":"product_cat-small-kitchen-appliances-appliances","9":"first","10":"instock","11":"shipping-taxable","12":"purchasable","13":"product-type-variable"},"jetpack_sharing_enabled":true,"_links":{"self":[{"href":"https:\/\/afrycom.com\/fr\/wp-json\/wp\/v2\/product\/2465","targetHints":{"allow":["GET"]}}],"collection":[{"href":"https:\/\/afrycom.com\/fr\/wp-json\/wp\/v2\/product"}],"about":[{"href":"https:\/\/afrycom.com\/fr\/wp-json\/wp\/v2\/types\/product"}],"replies":[{"embeddable":true,"href":"https:\/\/afrycom.com\/fr\/wp-json\/wp\/v2\/comments?post=2465"}],"wp:featuredmedia":[{"embeddable":true,"href":"https:\/\/afrycom.com\/fr\/wp-json\/wp\/v2\/media\/2466"}],"wp:attachment":[{"href":"https:\/\/afrycom.com\/fr\/wp-json\/wp\/v2\/media?parent=2465"}],"wp:term":[{"taxonomy":"product_brand","embeddable":true,"href":"https:\/\/afrycom.com\/fr\/wp-json\/wp\/v2\/product_brand?post=2465"},{"taxonomy":"product_cat","embeddable":true,"href":"https:\/\/afrycom.com\/fr\/wp-json\/wp\/v2\/product_cat?post=2465"},{"taxonomy":"product_tag","embeddable":true,"href":"https:\/\/afrycom.com\/fr\/wp-json\/wp\/v2\/product_tag?post=2465"}],"curies":[{"name":"wp","href":"https:\/\/api.w.org\/{rel}","templated":true}]}}