{"id":24563,"date":"2025-06-12T06:44:33","date_gmt":"2025-06-12T06:44:33","guid":{"rendered":"https:\/\/afrycom.com\/product\/%e6%97%a5%e6%9c%ac%e3%83%97%e3%83%aa%e3%83%b3%e3%82%bb%e7%94%b7%e5%a3%ab%e7%99%bb%e5%b1%b1%e5%8c%85%e5%8f%8c%e8%82%a9%e5%8c%85%e5%a5%b3%e5%95%86%e5%8a%a1%e4%bc%91%e9%97%b2%e4%b9%a6%e5%8c%85%e5%87%ba\/"},"modified":"2025-07-31T14:40:58","modified_gmt":"2025-07-31T14:40:58","slug":"sac-a-dos-japonais-mixte-leger-spacieux-pour-ordinateur-voyage-bureau-ou-randonnee","status":"publish","type":"product","link":"https:\/\/afrycom.com\/fr\/produit\/sac-a-dos-japonais-mixte-leger-spacieux-pour-ordinateur-voyage-bureau-ou-randonnee\/","title":{"rendered":"Sac \u00e0 Dos Japonais Mixte - L\u00e9ger, Spacieux, pour Ordinateur, Voyage, Bureau ou Randonn\u00e9e"},"content":{"rendered":"","protected":false},"excerpt":{"rendered":"","protected":false},"featured_media":24566,"comment_status":"open","ping_status":"closed","template":"","meta":[],"product_brand":[],"product_cat":[5000,4995],"product_tag":[],"class_list":{"0":"post-24563","1":"product","2":"type-product","3":"status-publish","4":"has-post-thumbnail","6":"product_cat-bags-luggages","7":"product_cat-fashion","9":"first","10":"instock","11":"shipping-taxable","12":"purchasable","13":"product-type-variable"},"jetpack_sharing_enabled":true,"_links":{"self":[{"href":"https:\/\/afrycom.com\/fr\/wp-json\/wp\/v2\/product\/24563","targetHints":{"allow":["GET"]}}],"collection":[{"href":"https:\/\/afrycom.com\/fr\/wp-json\/wp\/v2\/product"}],"about":[{"href":"https:\/\/afrycom.com\/fr\/wp-json\/wp\/v2\/types\/product"}],"replies":[{"embeddable":true,"href":"https:\/\/afrycom.com\/fr\/wp-json\/wp\/v2\/comments?post=24563"}],"wp:featuredmedia":[{"embeddable":true,"href":"https:\/\/afrycom.com\/fr\/wp-json\/wp\/v2\/media\/24566"}],"wp:attachment":[{"href":"https:\/\/afrycom.com\/fr\/wp-json\/wp\/v2\/media?parent=24563"}],"wp:term":[{"taxonomy":"product_brand","embeddable":true,"href":"https:\/\/afrycom.com\/fr\/wp-json\/wp\/v2\/product_brand?post=24563"},{"taxonomy":"product_cat","embeddable":true,"href":"https:\/\/afrycom.com\/fr\/wp-json\/wp\/v2\/product_cat?post=24563"},{"taxonomy":"product_tag","embeddable":true,"href":"https:\/\/afrycom.com\/fr\/wp-json\/wp\/v2\/product_tag?post=24563"}],"curies":[{"name":"wp","href":"https:\/\/api.w.org\/{rel}","templated":true}]}}