{"id":24498,"date":"2025-06-12T06:44:18","date_gmt":"2025-06-12T06:44:18","guid":{"rendered":"https:\/\/afrycom.com\/product\/%e9%a9%ac%e6%a1%b6%e4%ba%ba%e8%83%8c%e5%8c%85%e6%b3%b0%e5%9d%a6%e6%97%b6%e9%92%9f%e4%ba%ba%e6%b3%b0%e5%9d%a6%e7%9b%91%e6%8e%a7%e4%ba%ba%e4%b9%a6%e5%8c%85%e8%b6%85%e7%ba%a7%e5%b9%bc%e5%84%bf%e5%9b%ad\/"},"modified":"2025-10-16T04:09:36","modified_gmt":"2025-10-16T04:09:36","slug":"sac-a-dos-toilet-man-titan-clock-surveillance-grand-format-pour-maternelle-et-primaire-ideal-pour-lecole","status":"publish","type":"product","link":"https:\/\/afrycom.com\/fr\/produit\/sac-a-dos-toilet-man-titan-clock-surveillance-grand-format-pour-maternelle-et-primaire-ideal-pour-lecole\/","title":{"rendered":"Sac \u00e0 dos Toilet Man - Titan Clock &amp; Surveillance, grand format pour maternelle et primaire, id\u00e9al pour l'\u00e9cole !"},"content":{"rendered":"","protected":false},"excerpt":{"rendered":"","protected":false},"featured_media":24499,"comment_status":"open","ping_status":"closed","template":"","meta":[],"product_brand":[],"product_cat":[1766],"product_tag":[],"class_list":{"0":"post-24498","1":"product","2":"type-product","3":"status-publish","4":"has-post-thumbnail","6":"product_cat-travel-and-backpacks","8":"first","9":"instock","10":"shipping-taxable","11":"purchasable","12":"product-type-variable"},"jetpack_sharing_enabled":true,"_links":{"self":[{"href":"https:\/\/afrycom.com\/fr\/wp-json\/wp\/v2\/product\/24498","targetHints":{"allow":["GET"]}}],"collection":[{"href":"https:\/\/afrycom.com\/fr\/wp-json\/wp\/v2\/product"}],"about":[{"href":"https:\/\/afrycom.com\/fr\/wp-json\/wp\/v2\/types\/product"}],"replies":[{"embeddable":true,"href":"https:\/\/afrycom.com\/fr\/wp-json\/wp\/v2\/comments?post=24498"}],"wp:featuredmedia":[{"embeddable":true,"href":"https:\/\/afrycom.com\/fr\/wp-json\/wp\/v2\/media\/24499"}],"wp:attachment":[{"href":"https:\/\/afrycom.com\/fr\/wp-json\/wp\/v2\/media?parent=24498"}],"wp:term":[{"taxonomy":"product_brand","embeddable":true,"href":"https:\/\/afrycom.com\/fr\/wp-json\/wp\/v2\/product_brand?post=24498"},{"taxonomy":"product_cat","embeddable":true,"href":"https:\/\/afrycom.com\/fr\/wp-json\/wp\/v2\/product_cat?post=24498"},{"taxonomy":"product_tag","embeddable":true,"href":"https:\/\/afrycom.com\/fr\/wp-json\/wp\/v2\/product_tag?post=24498"}],"curies":[{"name":"wp","href":"https:\/\/api.w.org\/{rel}","templated":true}]}}