{"id":24476,"date":"2025-06-12T06:43:54","date_gmt":"2025-06-12T06:43:54","guid":{"rendered":"https:\/\/afrycom.com\/product\/%e6%97%a5%e7%b3%bb%e8%bd%bb%e4%be%bf%e5%87%8f%e8%b4%9f%e5%8f%8c%e8%82%a9%e5%8c%85%e5%a5%b3%e5%a4%a7%e5%ae%b9%e9%87%8f%e5%88%9d%e4%b8%ad%e9%ab%98%e4%b8%ad%e9%80%9a%e5%8b%a4%e4%b9%a6%e5%8c%85%e6%88%b7\/"},"modified":"2025-07-31T14:42:42","modified_gmt":"2025-07-31T14:42:42","slug":"sac-a-dos-japonais-leger-grand-volume-pour-femme-et-homme-ideal-college-lycee-bureau-randonnee-ou-voyage","status":"publish","type":"product","link":"https:\/\/afrycom.com\/fr\/produit\/sac-a-dos-japonais-leger-grand-volume-pour-femme-et-homme-ideal-college-lycee-bureau-randonnee-ou-voyage\/","title":{"rendered":"Sac \u00e0 Dos Japonais L\u00e9ger - Grand Volume, Pour Femme et Homme, Id\u00e9al Coll\u00e8ge, Lyc\u00e9e, Bureau, Randonn\u00e9e ou Voyage"},"content":{"rendered":"","protected":false},"excerpt":{"rendered":"","protected":false},"featured_media":24477,"comment_status":"open","ping_status":"closed","template":"","meta":[],"product_brand":[],"product_cat":[5000,4995],"product_tag":[],"class_list":{"0":"post-24476","1":"product","2":"type-product","3":"status-publish","4":"has-post-thumbnail","6":"product_cat-bags-luggages","7":"product_cat-fashion","9":"first","10":"instock","11":"shipping-taxable","12":"purchasable","13":"product-type-variable"},"jetpack_sharing_enabled":true,"_links":{"self":[{"href":"https:\/\/afrycom.com\/fr\/wp-json\/wp\/v2\/product\/24476","targetHints":{"allow":["GET"]}}],"collection":[{"href":"https:\/\/afrycom.com\/fr\/wp-json\/wp\/v2\/product"}],"about":[{"href":"https:\/\/afrycom.com\/fr\/wp-json\/wp\/v2\/types\/product"}],"replies":[{"embeddable":true,"href":"https:\/\/afrycom.com\/fr\/wp-json\/wp\/v2\/comments?post=24476"}],"wp:featuredmedia":[{"embeddable":true,"href":"https:\/\/afrycom.com\/fr\/wp-json\/wp\/v2\/media\/24477"}],"wp:attachment":[{"href":"https:\/\/afrycom.com\/fr\/wp-json\/wp\/v2\/media?parent=24476"}],"wp:term":[{"taxonomy":"product_brand","embeddable":true,"href":"https:\/\/afrycom.com\/fr\/wp-json\/wp\/v2\/product_brand?post=24476"},{"taxonomy":"product_cat","embeddable":true,"href":"https:\/\/afrycom.com\/fr\/wp-json\/wp\/v2\/product_cat?post=24476"},{"taxonomy":"product_tag","embeddable":true,"href":"https:\/\/afrycom.com\/fr\/wp-json\/wp\/v2\/product_tag?post=24476"}],"curies":[{"name":"wp","href":"https:\/\/api.w.org\/{rel}","templated":true}]}}