{"id":2433,"date":"2025-03-08T05:49:13","date_gmt":"2025-03-08T05:49:13","guid":{"rendered":"https:\/\/afrycom.com\/product\/melangeur-haute-puissance-de-qualite-commerciale-robot-culinaire-pour-fruits-et-smokies-glaces-broyeur-de-jus-haute-puissance-centre-commercial-2000w-ju479\/"},"modified":"2026-02-03T15:22:34","modified_gmt":"2026-02-03T15:22:34","slug":"melangeur-haute-puissance-de-qualite-commerciale-robot-culinaire-pour-fruits-et-smokies-glaces-broyeur-de-jus-haute-puissance-centre-commercial-2000w-ju479","status":"publish","type":"product","link":"https:\/\/afrycom.com\/fr\/produit\/melangeur-haute-puissance-de-qualite-commerciale-robot-culinaire-pour-fruits-et-smokies-glaces-broyeur-de-jus-haute-puissance-centre-commercial-2000w-ju479\/","title":{"rendered":"M\u00e9langeur haute puissance de qualit\u00e9 commerciale, robot culinaire pour fruits et smokies glac\u00e9s, broyeur de jus, haute puissance, centre commercial, 2000W, Ju479"},"content":{"rendered":"<p>&nbsp;<\/p>\n<div class=\"product-specs-list-container\">\n<ul class=\"product-specs-list util-clearfix\">\n<li class=\"product-prop line-limit-length\"><span class=\"property-title\">Chimique Hign-concern\u00e9 :\u00a0<\/span><span class=\"property-desc line-limit-length\">Aucun<\/span><\/li>\n<li class=\"product-prop line-limit-length\"><span class=\"property-title\">Mat\u00e9riau de bras m\u00e9langeur :\u00a0<\/span><span class=\"property-desc line-limit-length\">plastique<\/span><\/li>\n<li class=\"product-prop line-limit-length\"><span class=\"property-title\">Nombre de pi\u00e8ces :\u00a0<\/span><span class=\"property-desc line-limit-length\">1<\/span><\/li>\n<li class=\"product-prop line-limit-length\"><span class=\"property-title\">Style :\u00a0<\/span><span class=\"property-desc line-limit-length\">Debout<\/span><\/li>\n<li class=\"product-prop line-limit-length\"><span class=\"property-title\">Taux de rotation (tr\/min) :\u00a0<\/span><span class=\"property-desc line-limit-length\">45000<\/span><\/li>\n<li class=\"product-prop line-limit-length\"><span class=\"property-title\">Num\u00e9ro de lame :\u00a0<\/span><span class=\"property-desc line-limit-length\">6<\/span><\/li>\n<li class=\"product-prop line-limit-length\"><span class=\"property-title\">Tension (V) :\u00a0<\/span><span class=\"property-desc line-limit-length\">220V<\/span><\/li>\n<li class=\"product-prop line-limit-length\"><span class=\"property-title\">Mat\u00e9riau du Bo\u00eetier :\u00a0<\/span><span class=\"property-desc line-limit-length\">plastique<\/span><\/li>\n<li class=\"product-prop line-limit-length\"><span class=\"property-title\">Mat\u00e9riel de r\u00e9cipient :\u00a0<\/span><span class=\"property-desc line-limit-length\">Abs<\/span><\/li>\n<li class=\"product-prop line-limit-length\"><span class=\"property-title\">Type de contr\u00f4les :\u00a0<\/span><span class=\"property-desc line-limit-length\">Bouton poussoir<\/span><\/li>\n<li class=\"product-prop line-limit-length\"><span class=\"property-title\">Fonction :\u00a0<\/span><span class=\"property-desc line-limit-length\">Autre<\/span><\/li>\n<li class=\"product-prop line-limit-length\"><span class=\"property-title\">Puissance (W) :\u00a0<\/span><span class=\"property-desc line-limit-length\">&gt; 1501W<\/span><\/li>\n<li class=\"product-prop line-limit-length\"><span class=\"property-title\">Certification :\u00a0<\/span><span class=\"property-desc line-limit-length\">ROHS,CE<\/span><\/li>\n<li class=\"product-prop line-limit-length\"><span class=\"property-title\">Capacit\u00e9 (l) :\u00a0<\/span><span class=\"property-desc line-limit-length\">1.8-2.1L<\/span><\/li>\n<li class=\"product-prop line-limit-length\"><span class=\"property-title\">Nom de marque :\u00a0<\/span><span class=\"property-desc line-limit-length\">BALASHOV<\/span><\/li>\n<li class=\"product-prop line-limit-length\"><span class=\"property-title\">Origine :\u00a0<\/span><span class=\"property-desc line-limit-length\">CN (Origine)<\/span><\/li>\n<li class=\"product-prop line-limit-length\"><span class=\"property-title\">Puissance (W) :\u00a0<\/span><span class=\"property-desc line-limit-length\">2000W<\/span><\/li>\n<li class=\"product-prop line-limit-length\"><span class=\"property-title\">Capacit\u00e9 :\u00a0<\/span><span class=\"property-desc line-limit-length\">2L<\/span><\/li>\n<li class=\"product-prop line-limit-length\"><span class=\"property-title\">Container Material::\u00a0<\/span><span class=\"property-desc line-limit-length\">ABS<\/span><\/li>\n<li class=\"product-prop line-limit-length\"><span class=\"property-title\">Rotation Rate(RPM)::\u00a0<\/span><span class=\"property-desc line-limit-length\">30000-39999<\/span><\/li>\n<li class=\"product-prop line-limit-length\"><span class=\"property-title\">Blade Number::\u00a0<\/span><span class=\"property-desc line-limit-length\">6<\/span><\/li>\n<\/ul>\n<\/div>\n<div class=\"detailmodule_html\">\n<div class=\"detail-desc-decorate-richtext\">\n<div><span style=\"font-size: 24px;\"><strong id=\"tl_1\">Veuillez noter:<\/strong><\/span><\/div>\n<p><span style=\"background-color: #ffffff; color: #f44e3b; font-size: 22px; font-family: 'trebuchet ms', helvetica, sans-serif;\"><strong id=\"tl_2\">Prise: prise UE (220V), prise US (110V), prise UK (230V)<\/strong><\/span><\/p>\n<div>\n<p id=\"tl_3\">Lorsque vous passez la commande, veuillez confirmer que toutes les informations du destinataire sont correctes et compl\u00e8tes,<\/p>\n<div>\n<p id=\"tl_4\">Acheteurs isra\u00e9liens Veuillez noter:<br \/>\nR\u00e8gles de num\u00e9ro de t\u00e9l\u00e9phone portable: 972-00-0000000, le premier 972 reste inchang\u00e9, et les deux 00 du milieu doivent \u00eatre remplac\u00e9s par l&#8217;un des: 50, 52, 53, 54, 55, 57, 58, 73, et enfin remplir les sept chiffres restants. Remarque: Les deux chiffres du milieu 56 et 59 sont les indicatifs r\u00e9gionaux de t\u00e9l\u00e9phonie mobile appartenant \u00e0 la Palestine et ne sont pas autoris\u00e9s.<br \/>\n7 num\u00e9ros de code postal et adresse d\u00e9taill\u00e9e et express ne supportent pas la livraison par bo\u00eete postale. Il est tr\u00e8s important pour nous d&#8217;exp\u00e9dier les marchandises et de les livrer d\u00e8s que possible.<\/p>\n<div><\/div>\n<\/div>\n<p>Caract\u00e9ristique :<br \/>\n\u3010M\u00e9langeur de cuisine haute performance\u3011 Le moteur de 2000 watts a le pouvoir d&#8217;\u00e9craser les fruits entiers, les l\u00e9gumes et la glace en quelques secondes. Puissante extraction de nutriments et de vitamines fournit une grande d\u00e9gustation, boissons nutritives!<br \/>\n\u3010Robuste et durable\u3011Le pot de m\u00e9lange sans BPA est con\u00e7u pour durer, une poign\u00e9e facile \u00e0 tenir et un couvercle sans BPA. La base du m\u00e9langeur est \u00e9quip\u00e9e de pieds d&#8217;aspiration antid\u00e9rapants, de sorte que vous pouvez m\u00e9langer en toute s\u00e9curit\u00e9 sur votre comptoir de cuisine.<br \/>\n\u3010Lames en acier inoxydable durcie\u3011Nos lames en acier inoxydable sont con\u00e7ues pour traiter les ingr\u00e9dients les plus difficiles, donc du premier m\u00e9lange au dernier, vous obtenez les m\u00eames r\u00e9sultats de qualit\u00e9.<br \/>\n\u3010Sain, s\u00e9curit\u00e9 et hygi\u00e8ne\u3011Tous les mat\u00e9riaux de cette machine \u00e0 smoothie sont sans BPA. La grande poign\u00e9e robuste et antid\u00e9rapante emp\u00eache votre main de glisser de la poign\u00e9e pendant que vous versez le milk-shake. Garde chaque cr\u00e9ateur de nourriture. Avec une goutte de savon \u00e0 vaisselle et d&#8217;eau chaude, votre m\u00e9langeur professionnel haute puissance peut se nettoyer en 30 \u00e0 60 secondes.<br \/>\n\u3010Ce que vous obtenez\u3011 (1) Base moteur 4500W, (1) R\u00e9cipient de m\u00e9lange 2L, (1) Tamper Blender, (1) Guide manuel<\/p>\n<p>REMARQUES: ( PEASE LIRE LES INSTRUCTIONS MANUELLES AVANT D&#8217;UTILISER)<\/p>\n<\/div>\n<div>\n<p id=\"tl_6\">1. D\u00e8s que vous avez re\u00e7u le m\u00e9langeur, veuillez ajouter de l&#8217;eau \u00e0 l&#8217;int\u00e9rieur du r\u00e9cipient pour tester, NE PAS l&#8217;ex\u00e9cuter sans rien \u00e0 l&#8217;int\u00e9rieur car c&#8217;est un mauvais essai pour le syst\u00e8me de couplage, ne pas broyer les ingr\u00e9dients secs plus d&#8217;une minute.<\/p>\n<p>2. Comme acheter une nouvelle voiture, elle aura une certaine odeur, c&#8217;est une situation tout \u00e0 fait normale, lorsque vous l&#8217;utilisez au d\u00e9but, elle peut avoir une odeur, m\u00eame l\u00e9g\u00e8re fum\u00e9e provenant du moteur, mais ne vous inqui\u00e9tez pas, que parce que le nouveau moteur chauffe le lubrifiant qui est enduit sur les bobines, Il dispara\u00eetra apr\u00e8s quelques utilisations suppl\u00e9mentaires. Merci pour votre attention.<\/p>\n<p>3. Le pot n&#8217;est PAS lavable au lave-vaisselle!!!<\/p>\n<div><\/div>\n<p id=\"tl_7\">Remarque :<br \/>\n1. En raison des diff\u00e9rents moniteurs et effets lumineux, la couleur r\u00e9elle de l&#8217;article peut \u00eatre l\u00e9g\u00e8rement diff\u00e9rente de la couleur montr\u00e9e sur les photos. Merci!<br \/>\n2. Veuillez pr\u00e9voir un \u00e9cart de mesure de 1 \u00e0 3cm en raison de la mesure manuelle.<\/p>\n<div><img decoding=\"async\" src=\"https:\/\/ae01.alicdn.com\/kf\/S9d1c83494db54d9385e4fa32960b2057j.jpg?width=800&amp;height=800&amp;hash=1600\" \/><br \/>\n<img decoding=\"async\" src=\"https:\/\/ae01.alicdn.com\/kf\/S638679dfdd8348a2837796fa8b2131a28.jpg?width=800&amp;height=1486&amp;hash=2286\" \/><br \/>\n<img decoding=\"async\" src=\"https:\/\/ae01.alicdn.com\/kf\/Sf0729021e54b4b19a93f135c814f98ca7.jpg?width=800&amp;height=1207&amp;hash=2007\" \/><br \/>\n<img decoding=\"async\" src=\"https:\/\/ae01.alicdn.com\/kf\/S446c964d20364bcb98d4d8b8ad32c4f1u.jpg?width=800&amp;height=1146&amp;hash=1946\" \/><br \/>\n<img decoding=\"async\" src=\"https:\/\/ae01.alicdn.com\/kf\/S24ed00a841b847ada4f6fa5c471dee3em.jpg?width=800&amp;height=1271&amp;hash=2071\" \/><br \/>\n<img decoding=\"async\" src=\"https:\/\/ae01.alicdn.com\/kf\/Sdd30ff6fad1b452db2c1e70c662a262bd.jpg?width=800&amp;height=1300&amp;hash=2100\" \/><br \/>\n<img decoding=\"async\" src=\"https:\/\/ae01.alicdn.com\/kf\/S345be514fdfc451ea8a7309c6c8752d3u.jpg?width=800&amp;height=1266&amp;hash=2066\" \/><br \/>\n<img decoding=\"async\" src=\"https:\/\/ae01.alicdn.com\/kf\/Sdd8a930eaac643aab5f91214cb56030az.jpg?width=800&amp;height=1139&amp;hash=1939\" \/><br \/>\n<img decoding=\"async\" src=\"https:\/\/ae01.alicdn.com\/kf\/S696b49ea149647e5bb591f240878b7feH.jpg?width=800&amp;height=1109&amp;hash=1909\" \/><\/div>\n<\/div>\n<p>&nbsp;<\/p>\n<\/div>\n<\/div>","protected":false},"excerpt":{"rendered":"<p>&nbsp; Chimique Hign-concern\u00e9:\u00a0Aucun Mat\u00e9riau de bras m\u00e9langeur:\u00a0plastique Nombre de pi\u00e8ces:\u00a01 Style:\u00a0Debout Taux de rotation (tr\/min):\u00a045000 Num\u00e9ro de lame:\u00a06 Tension (V):\u00a0220V<\/p>","protected":false},"featured_media":2434,"comment_status":"open","ping_status":"closed","template":"","meta":[],"product_brand":[],"product_cat":[32,31],"product_tag":[],"class_list":{"0":"post-2433","1":"product","2":"type-product","3":"status-publish","4":"has-post-thumbnail","6":"product_cat-blenders-small-kitchen-appliances-appliances","7":"product_cat-small-kitchen-appliances-appliances","9":"first","10":"instock","11":"shipping-taxable","12":"purchasable","13":"product-type-variable"},"jetpack_sharing_enabled":true,"_links":{"self":[{"href":"https:\/\/afrycom.com\/fr\/wp-json\/wp\/v2\/product\/2433","targetHints":{"allow":["GET"]}}],"collection":[{"href":"https:\/\/afrycom.com\/fr\/wp-json\/wp\/v2\/product"}],"about":[{"href":"https:\/\/afrycom.com\/fr\/wp-json\/wp\/v2\/types\/product"}],"replies":[{"embeddable":true,"href":"https:\/\/afrycom.com\/fr\/wp-json\/wp\/v2\/comments?post=2433"}],"wp:featuredmedia":[{"embeddable":true,"href":"https:\/\/afrycom.com\/fr\/wp-json\/wp\/v2\/media\/2434"}],"wp:attachment":[{"href":"https:\/\/afrycom.com\/fr\/wp-json\/wp\/v2\/media?parent=2433"}],"wp:term":[{"taxonomy":"product_brand","embeddable":true,"href":"https:\/\/afrycom.com\/fr\/wp-json\/wp\/v2\/product_brand?post=2433"},{"taxonomy":"product_cat","embeddable":true,"href":"https:\/\/afrycom.com\/fr\/wp-json\/wp\/v2\/product_cat?post=2433"},{"taxonomy":"product_tag","embeddable":true,"href":"https:\/\/afrycom.com\/fr\/wp-json\/wp\/v2\/product_tag?post=2433"}],"curies":[{"name":"wp","href":"https:\/\/api.w.org\/{rel}","templated":true}]}}