{"id":2411,"date":"2025-03-08T05:49:07","date_gmt":"2025-03-08T05:49:07","guid":{"rendered":"https:\/\/afrycom.com\/product\/presse-agrumes-a-pression-froide-houselin-de-7-pouces-presse-agrumes-a-mastication-pour-legumes-et-fruits\/"},"modified":"2025-03-08T05:49:12","modified_gmt":"2025-03-08T05:49:12","slug":"presse-agrumes-a-pression-froide-houselin-de-7-pouces-presse-agrumes-a-mastication-pour-legumes-et-fruits","status":"publish","type":"product","link":"https:\/\/afrycom.com\/fr\/produit\/presse-agrumes-a-pression-froide-houselin-de-7-pouces-presse-agrumes-a-mastication-pour-legumes-et-fruits\/","title":{"rendered":"Presse-agrumes \u00e0 pression froide Houselin de 7 pouces, presse-agrumes \u00e0 mastication pour l\u00e9gumes et fruits"},"content":{"rendered":"<div class=\"product-specs-list-container\">\n<ul class=\"product-specs-list util-clearfix\">\n<li class=\"product-prop line-limit-length\"><span\n                                        class=\"property-title\">Chimique Hign-concern\u00e9 :&nbsp;<\/span><span\n                                        class=\"property-desc line-limit-length\">Aucun<\/span>\n                            <\/li>\n<li class=\"product-prop line-limit-length\"><span\n                                        class=\"property-title\">Num\u00e9ro de Mod\u00e8le :&nbsp;<\/span><span\n                                        class=\"property-desc line-limit-length\">Presse-agrumes \u00e0 froid<\/span>\n                            <\/li>\n<li class=\"product-prop line-limit-length\"><span\n                                        class=\"property-title\">Note (tr\/min) :&nbsp;<\/span><span\n                                        class=\"property-desc line-limit-length\">&lt;12000rpm&gt;<\/span>\n                            <\/li>\n<li class=\"product-prop line-limit-length\"><span\n                                        class=\"property-title\">Forme du port de chargement :&nbsp;<\/span><span\n                                        class=\"property-desc line-limit-length\">CROISSANT<\/span>\n                            <\/li>\n<li class=\"product-prop line-limit-length\"><span\n                                        class=\"property-title\">Volume de r\u00e9cipient de pulpe :&nbsp;<\/span><span\n                                        class=\"property-desc line-limit-length\">0,5L-1l<\/span>\n                            <\/li>\n<li class=\"product-prop line-limit-length\"><span\n                                        class=\"property-title\">Fonction :&nbsp;<\/span><span\n                                        class=\"property-desc line-limit-length\">\u00c9jection automatique de la pulpe,S\u00e9curit\u00e9 du lave-vaisselle,Jus,Concassage de glace,Aliments solides<\/span>\n                            <\/li>\n<li class=\"product-prop line-limit-length\"><span\n                                        class=\"property-title\">M\u00e9thode de pose :&nbsp;<\/span><span\n                                        class=\"property-desc line-limit-length\">Tableau<\/span>\n                            <\/li>\n<li class=\"product-prop line-limit-length\"><span\n                                        class=\"property-title\">Mat\u00e9riel de l'\u00e9p\u00e9e :&nbsp;<\/span><span\n                                        class=\"property-desc line-limit-length\">Acier inoxydable<\/span>\n                            <\/li>\n<li class=\"product-prop line-limit-length\"><span\n                                        class=\"property-title\">Type :&nbsp;<\/span><span\n                                        class=\"property-desc line-limit-length\">Utilisation de la centrifugeuse<\/span>\n                            <\/li>\n<li class=\"product-prop line-limit-length\"><span\n                                        class=\"property-title\">Certification :&nbsp;<\/span><span\n                                        class=\"property-desc line-limit-length\">CE, ROHS<\/span>\n                            <\/li>\n<li class=\"product-prop line-limit-length\"><span\n                                        class=\"property-title\">Puissance (W) :&nbsp;<\/span><span\n                                        class=\"property-desc line-limit-length\">500W<\/span>\n                            <\/li>\n<li class=\"product-prop line-limit-length\"><span\n                                        class=\"property-title\">Capacit\u00e9 :&nbsp;<\/span><span\n                                        class=\"property-desc line-limit-length\">401-600ml<\/span>\n                            <\/li>\n<li class=\"product-prop line-limit-length\"><span\n                                        class=\"property-title\">Nom de marque :&nbsp;<\/span><span\n                                        class=\"property-desc line-limit-length\">Houselin<\/span>\n                            <\/li>\n<li class=\"product-prop line-limit-length\"><span\n                                        class=\"property-title\">Origine :&nbsp;<\/span><span\n                                        class=\"property-desc line-limit-length\">CN (Origine)<\/span>\n                            <\/li>\n<li class=\"product-prop line-limit-length\"><span\n                                        class=\"property-title\">Presse-agrumes \u00e0 froid :&nbsp;<\/span><span\n                                        class=\"property-desc line-limit-length\">Presse-agrumes \u00e0 froid<\/span>\n                            <\/li>\n<li class=\"product-prop line-limit-length\"><span\n                                        class=\"property-title\">Extracteur de jus \u00e0 mastication lente :&nbsp;<\/span><span\n                                        class=\"property-desc line-limit-length\">Extracteur de jus \u00e0 mastication lente<\/span>\n                            <\/li>\n<\/ul><\/div>\n<div class=\"detailmodule_html\">\n<div class=\"detail-desc-decorate-richtext\">\n<div class=\"detailmodule_html\">\n<div class=\"detail-desc-decorate-richtext\">\n<div>\u00c0 propos de cet article :<br \/>\ud83c\udf4fChute d'alimentation large : le presse-agrumes vertial avec une grande goulotte d'alimentation de 7 pouces accepte facilement les morceaux de fruits et l\u00e9gumes plus gros et une goulotte d'alimentation plus petite pour les ingr\u00e9dients en forme de bande.C'est parfait pour les fruits entiers et les l\u00e9gumes longs.R\u00e9duit consid\u00e9rablement le temps de pr\u00e9paration et de nettoyage.Moins de hachage des ingr\u00e9dients contribue \u00e9galement \u00e0 r\u00e9duire l'oxydation.<br \/>\ud83c\udf52\u3010Nutrition plus \u00e9lev\u00e9e\u3011 - \u00c0 des vitesses faibles de 47 \u00e0 60 tr\/min, minimisant l'accumulation de chaleur et l'oxydation.Plus de 90 % de nutrition et 70 % de vitamines sont bien conserv\u00e9es.La presse-agrumes press\u00e9e \u00e0 froid r\u00e9servera les vitamines, les enzymes, les min\u00e9raux, les traceurs de min\u00e9raux et les nutriments avec moins de chaleur et de friction.Moins de mousse et pas de colmatage.<br \/>\ud83c\udf50\u3010Fonction de s\u00e9paration du jus et de la pulpe\u3011 - Les jus s\u00e9parent parfaitement la pierre du jus et extraient les nutriments avec moins d'oxydation.La tasse de presse-agrumes et la tasse \u00e0 pulpe de 450 ml peuvent r\u00e9pondre \u00e0 votre demande quotidienne.Vous pourrez d\u00e9sormais d\u00e9guster le jus le plus pur de pomme, de gingembre, de c\u00e9leri, de carotte, de chouchous ou de l\u00e9gumes.<br \/>\ud83c\udf48 \u3010Sant\u00e9 et silencieux pour b\u00e9b\u00e9\u3011 - La presse-agrumes \u00e0 mastication lente extrait moins de 60 d\u00e9cibels. Mat\u00e9riau sans BPA, facile \u00e0 assembler et \u00e0 utiliser, et facile \u00e0 nettoyer.<\/div>\n<p style=\"text-align:left;margin:0px;margin-bottom:0px;margin-top:0px;margin-left:0px;margin-right:0px\" align=\"left\"><img decoding=\"async\" src=\"https:\/\/ae01.alicdn.com\/kf\/Sc57995a47ee34f2cb85cfde062437caa4.jpg?width=1000&amp;height=1000&amp;hash=2000\" slate-data-type=\"image\"><img decoding=\"async\" src=\"https:\/\/ae01.alicdn.com\/kf\/S626d2613edc54c70b6ea0b3fb457ebb3V.jpg?width=1000&amp;height=1000&amp;hash=2000\" slate-data-type=\"image\"><img decoding=\"async\" src=\"https:\/\/ae01.alicdn.com\/kf\/S3545a168c90b4c28acdb46ffb1db50dbx.jpg?width=1000&amp;height=1000&amp;hash=2000\" slate-data-type=\"image\"><img decoding=\"async\" src=\"https:\/\/ae01.alicdn.com\/kf\/S6aa6bc21024c44c1965d3495cbbf13759.jpg?width=1000&amp;height=1000&amp;hash=2000\" slate-data-type=\"image\"><img decoding=\"async\" src=\"https:\/\/ae01.alicdn.com\/kf\/S7453c3dc3b1444cea50685c729c065b4t.jpg?width=1000&amp;height=1000&amp;hash=2000\" slate-data-type=\"image\"><img decoding=\"async\" src=\"https:\/\/ae01.alicdn.com\/kf\/S6141818970cd478dba9e794aa4e46511i.jpg?width=1000&amp;height=1000&amp;hash=2000\" slate-data-type=\"image\"><img decoding=\"async\" src=\"https:\/\/ae01.alicdn.com\/kf\/Seca0ffe5449d4a54b12f8c433bf16771F.jpg?width=1000&amp;height=1000&amp;hash=2000\" slate-data-type=\"image\"><img decoding=\"async\" src=\"https:\/\/ae01.alicdn.com\/kf\/S4fdf5df04f2b4619b13070efbf51f9fbV.jpg?width=1000&amp;height=1000&amp;hash=2000\" slate-data-type=\"image\"><img decoding=\"async\" src=\"https:\/\/ae01.alicdn.com\/kf\/S057afd99dbfb4a17a060083dace834c2K.jpg?width=1000&amp;height=1000&amp;hash=2000\" slate-data-type=\"image\"><img decoding=\"async\" src=\"https:\/\/ae01.alicdn.com\/kf\/S673198c10a664b599fa8f3b0c9950769B.jpg?width=1000&amp;height=1000&amp;hash=2000\" slate-data-type=\"image\"><img decoding=\"async\" src=\"https:\/\/ae01.alicdn.com\/kf\/S91bb15f6031e4ba7ab7274e1e89c1287m.jpg?width=1000&amp;height=1000&amp;hash=2000\" slate-data-type=\"image\"><img decoding=\"async\" src=\"https:\/\/ae01.alicdn.com\/kf\/S280bcc7da13b425ba449ed70c665d1f01.jpg?width=1000&amp;height=1000&amp;hash=2000\" slate-data-type=\"image\"><img decoding=\"async\" src=\"https:\/\/ae01.alicdn.com\/kf\/S011a19d547bd47379f2b0b6ae89c288eV.jpg?width=1000&amp;height=1000&amp;hash=2000\" slate-data-type=\"image\"><img decoding=\"async\" src=\"https:\/\/ae01.alicdn.com\/kf\/Sc27db2f2dd22408ca940be36df0ab167r.jpg?width=1000&amp;height=1000&amp;hash=2000\" slate-data-type=\"image\"><img decoding=\"async\" src=\"https:\/\/ae01.alicdn.com\/kf\/Sa801cf74261e48248a777eadc9c7e122B.jpg?width=1000&amp;height=1000&amp;hash=2000\" slate-data-type=\"image\"><img decoding=\"async\" src=\"https:\/\/ae01.alicdn.com\/kf\/Sa10fcaaaa2eb4f089a6548f9c613d8c7q.jpg?width=1000&amp;height=1000&amp;hash=2000\" slate-data-type=\"image\"><img decoding=\"async\" src=\"https:\/\/ae01.alicdn.com\/kf\/Sb34b36dce611428d883da9ea87068375T.jpg?width=1000&amp;height=1000&amp;hash=2000\" slate-data-type=\"image\"><img decoding=\"async\" src=\"https:\/\/ae01.alicdn.com\/kf\/S3cbb4ca7c22b40d49291c553ce50e458g.jpg?width=1000&amp;height=1000&amp;hash=2000\" slate-data-type=\"image\"><img decoding=\"async\" src=\"https:\/\/ae01.alicdn.com\/kf\/S0dbb13fb00ba454ba7f32fd76da59b8fj.jpg?width=1000&amp;height=1000&amp;hash=2000\" slate-data-type=\"image\"><img decoding=\"async\" src=\"https:\/\/ae01.alicdn.com\/kf\/S9c84305489bb43e4ad045dd457a75478H.jpg?width=1000&amp;height=1000&amp;hash=2000\" slate-data-type=\"image\"><\/p>\n<\/div>\n<\/div>\n<p><\/div>\n<\/div>","protected":false},"excerpt":{"rendered":"<p>Chimique Hign-concern\u00e9:&nbsp;Aucun Num\u00e9ro de Mod\u00e8le:&nbsp;Cold Press Juicer Note (tr\/min):&nbsp;&lt;12000rpm&gt; Forme du port de chargement:&nbsp;CROISSANT Volume de r\u00e9cipient de pulpe:&nbsp;0.5L-1l Fonction:&nbsp;\u00c9jection<\/p>","protected":false},"featured_media":2412,"comment_status":"open","ping_status":"closed","template":"","meta":[],"product_brand":[],"product_cat":[15],"product_tag":[],"class_list":{"0":"post-2411","1":"product","2":"type-product","3":"status-publish","4":"has-post-thumbnail","6":"product_cat-uncategorized","8":"first","9":"instock","10":"shipping-taxable","11":"purchasable","12":"product-type-variable"},"jetpack_sharing_enabled":true,"_links":{"self":[{"href":"https:\/\/afrycom.com\/fr\/wp-json\/wp\/v2\/product\/2411","targetHints":{"allow":["GET"]}}],"collection":[{"href":"https:\/\/afrycom.com\/fr\/wp-json\/wp\/v2\/product"}],"about":[{"href":"https:\/\/afrycom.com\/fr\/wp-json\/wp\/v2\/types\/product"}],"replies":[{"embeddable":true,"href":"https:\/\/afrycom.com\/fr\/wp-json\/wp\/v2\/comments?post=2411"}],"wp:featuredmedia":[{"embeddable":true,"href":"https:\/\/afrycom.com\/fr\/wp-json\/wp\/v2\/media\/2412"}],"wp:attachment":[{"href":"https:\/\/afrycom.com\/fr\/wp-json\/wp\/v2\/media?parent=2411"}],"wp:term":[{"taxonomy":"product_brand","embeddable":true,"href":"https:\/\/afrycom.com\/fr\/wp-json\/wp\/v2\/product_brand?post=2411"},{"taxonomy":"product_cat","embeddable":true,"href":"https:\/\/afrycom.com\/fr\/wp-json\/wp\/v2\/product_cat?post=2411"},{"taxonomy":"product_tag","embeddable":true,"href":"https:\/\/afrycom.com\/fr\/wp-json\/wp\/v2\/product_tag?post=2411"}],"curies":[{"name":"wp","href":"https:\/\/api.w.org\/{rel}","templated":true}]}}