{"id":23918,"date":"2025-06-10T07:32:52","date_gmt":"2025-06-10T07:32:52","guid":{"rendered":"https:\/\/afrycom.com\/product\/fitness-sports-leggings-tight-skin-friendly-elastic-size\/"},"modified":"2025-08-01T04:22:34","modified_gmt":"2025-08-01T04:22:34","slug":"fitness-sports-leggings-tight-skin-friendly-elastic-size","status":"publish","type":"product","link":"https:\/\/afrycom.com\/fr\/produit\/fitness-sports-leggings-tight-skin-friendly-elastic-size\/","title":{"rendered":"Leggings de sport et de fitness Taille \u00e9lastiqu\u00e9e et agr\u00e9able \u00e0 la peau"},"content":{"rendered":"","protected":false},"excerpt":{"rendered":"","protected":false},"featured_media":23920,"comment_status":"open","ping_status":"closed","template":"","meta":[],"product_brand":[],"product_cat":[4988,1451],"product_tag":[],"class_list":{"0":"post-23918","1":"product","2":"type-product","3":"status-publish","4":"has-post-thumbnail","6":"product_cat-sportswear-activewear","7":"product_cat-womens-section","9":"first","10":"instock","11":"featured","12":"shipping-taxable","13":"purchasable","14":"product-type-variable"},"jetpack_sharing_enabled":true,"_links":{"self":[{"href":"https:\/\/afrycom.com\/fr\/wp-json\/wp\/v2\/product\/23918","targetHints":{"allow":["GET"]}}],"collection":[{"href":"https:\/\/afrycom.com\/fr\/wp-json\/wp\/v2\/product"}],"about":[{"href":"https:\/\/afrycom.com\/fr\/wp-json\/wp\/v2\/types\/product"}],"replies":[{"embeddable":true,"href":"https:\/\/afrycom.com\/fr\/wp-json\/wp\/v2\/comments?post=23918"}],"wp:featuredmedia":[{"embeddable":true,"href":"https:\/\/afrycom.com\/fr\/wp-json\/wp\/v2\/media\/23920"}],"wp:attachment":[{"href":"https:\/\/afrycom.com\/fr\/wp-json\/wp\/v2\/media?parent=23918"}],"wp:term":[{"taxonomy":"product_brand","embeddable":true,"href":"https:\/\/afrycom.com\/fr\/wp-json\/wp\/v2\/product_brand?post=23918"},{"taxonomy":"product_cat","embeddable":true,"href":"https:\/\/afrycom.com\/fr\/wp-json\/wp\/v2\/product_cat?post=23918"},{"taxonomy":"product_tag","embeddable":true,"href":"https:\/\/afrycom.com\/fr\/wp-json\/wp\/v2\/product_tag?post=23918"}],"curies":[{"name":"wp","href":"https:\/\/api.w.org\/{rel}","templated":true}]}}