{"id":2391,"date":"2025-03-08T05:48:59","date_gmt":"2025-03-08T05:48:59","guid":{"rendered":"https:\/\/afrycom.com\/product\/houselin-melangeur-et-robot-culinaire-chloreur-petit-hachoir-electrique-melangeurs-haute-vitesse-400w-pour-justead-shakes\/"},"modified":"2025-08-13T16:26:21","modified_gmt":"2025-08-13T16:26:21","slug":"houselin-robot-culinaire-400w-mixeur-hachoir-electrique-multifonction-pour-smoothies-shakes-legumes-fruits-et-preparations-rapides","status":"publish","type":"product","link":"https:\/\/afrycom.com\/fr\/produit\/houselin-robot-culinaire-400w-mixeur-hachoir-electrique-multifonction-pour-smoothies-shakes-legumes-fruits-et-preparations-rapides\/","title":{"rendered":"HOUSELIN - Robot Culinaire 400W, Mixeur Hachoir \u00c9lectrique Multifonction | Pour Smoothies, Shakes, L\u00e9gumes, Fruits et Pr\u00e9parations Rapides"},"content":{"rendered":"<p>&nbsp;<\/p>\n<div class=\"product-specs-list-container\">\n<ul class=\"product-specs-list util-clearfix\">\n<li class=\"product-prop line-limit-length\"><span class=\"property-title\">Chimique Hign-concern\u00e9 :\u00a0<\/span><span class=\"property-desc line-limit-length\">Aucun<\/span><\/li>\n<li class=\"product-prop line-limit-length\"><span class=\"property-title\">Num\u00e9ro de Mod\u00e8le :\u00a0<\/span><span class=\"property-desc line-limit-length\">M\u00e9langeur<\/span><\/li>\n<li class=\"product-prop line-limit-length\"><span class=\"property-title\">Fonction :\u00a0<\/span><span class=\"property-desc line-limit-length\">Jus,Concassage de glace,Lait frapp\u00e9<\/span><\/li>\n<li class=\"product-prop line-limit-length\"><span class=\"property-title\">Certification :\u00a0<\/span><span class=\"property-desc line-limit-length\">CE, ROHS<\/span><\/li>\n<li class=\"product-prop line-limit-length\"><span class=\"property-title\">Puissance (W) :\u00a0<\/span><span class=\"property-desc line-limit-length\">400W<\/span><\/li>\n<li class=\"product-prop line-limit-length\"><span class=\"property-title\">Capacit\u00e9 :\u00a0<\/span><span class=\"property-desc line-limit-length\">1500ml<\/span><\/li>\n<li class=\"product-prop line-limit-length\"><span class=\"property-title\">Nom de marque :\u00a0<\/span><span class=\"property-desc line-limit-length\">Houselin<\/span><\/li>\n<li class=\"product-prop line-limit-length\"><span class=\"property-title\">Origine :\u00a0<\/span><span class=\"property-desc line-limit-length\">CN (Origine)<\/span><\/li>\n<\/ul>\n<\/div>\n<div class=\"detailmodule_html\">\n<div class=\"detail-desc-decorate-richtext\">\n<p><span style=\"font-size: 24px;\"><strong id=\"tl_1\">\u00c0 propos de cet article<\/strong><\/span><\/p>\n<p><span id=\"tl_2\" style=\"font-size: 22px;\">Pas de goutte \u00e0 goutte : Ce pot en verre est livr\u00e9 avec un couvercle et est con\u00e7u pour \u00e9liminer les gouttes et les renversements. Le bec verseur peut \u00e9galement \u00eatre utilis\u00e9 pour faire couler l'huile et d'autres ingr\u00e9dients dans le processus de m\u00e9lange. <\/span><\/p>\n<p>Performances de m\u00e9lange puissantes : Avec une puissance de pointe de 400 watts et des lames en acier inoxydable durables, ce m\u00e9langeur polyvalent facilite le m\u00e9lange d'une vari\u00e9t\u00e9 d'ingr\u00e9dients congel\u00e9s et de l\u00e9gumes verts feuillus dans des smoothies, des shakes, des boissons glac\u00e9es, des salsas, et plus encore.<\/p>\n<p>Des r\u00e9sultats uniform\u00e9ment lisses : ce m\u00e9langeur Houselin tire le m\u00e9lange vers le bas dans la lame chaque fois qu'il m\u00e9lange pour des r\u00e9sultats lisses. Parfait pour pr\u00e9parer des smoothies aux fruits, des milkshakes, des boissons glac\u00e9es et plus encore.<\/p>\n<p>Facile \u00e0 nettoyer : les lames de m\u00e9lange et de hachage amovibles en acier inoxydable, le pot en verre r\u00e9sistant \u00e0 la chaleur et toutes les pi\u00e8ces amovibles passent au lave-vaisselle.<\/p>\n<p style=\"text-align: left; margin: 0;\"><img decoding=\"async\" src=\"https:\/\/ae01.alicdn.com\/kf\/Sd28a88be17494ed38c84e2cd3d3a1d11e.jpg?width=800&amp;height=800&amp;hash=1600\" \/><\/p>\n<p>&nbsp;<\/p>\n<\/div>\n<\/div>","protected":false},"excerpt":{"rendered":"<p>Pr\u00e9parez en un instant <strong>smoothies, jus, sauces, hachis de l\u00e9gumes ou d'ail<\/strong> avec le robot mixeur HOUSELIN 400W. Puissant, compact et facile \u00e0 nettoyer, ce <strong>mixeur \u00e9lectrique multifonction<\/strong> hache, m\u00e9lange et broie tout type d'ingr\u00e9dient. Id\u00e9al pour les <strong>petits d\u00e9jeuners sains, baby-food, ou pr\u00e9parations rapides<\/strong>. Lames en acier inoxydable - bol sans BPA - usage sec et humide. Parfait pour cuisine, bureau ou voyage.<\/p>","protected":false},"featured_media":2392,"comment_status":"open","ping_status":"closed","template":"","meta":[],"product_brand":[],"product_cat":[32,31],"product_tag":[],"class_list":{"0":"post-2391","1":"product","2":"type-product","3":"status-publish","4":"has-post-thumbnail","6":"product_cat-blenders-small-kitchen-appliances-appliances","7":"product_cat-small-kitchen-appliances-appliances","9":"first","10":"instock","11":"shipping-taxable","12":"purchasable","13":"product-type-variable"},"jetpack_sharing_enabled":true,"_links":{"self":[{"href":"https:\/\/afrycom.com\/fr\/wp-json\/wp\/v2\/product\/2391","targetHints":{"allow":["GET"]}}],"collection":[{"href":"https:\/\/afrycom.com\/fr\/wp-json\/wp\/v2\/product"}],"about":[{"href":"https:\/\/afrycom.com\/fr\/wp-json\/wp\/v2\/types\/product"}],"replies":[{"embeddable":true,"href":"https:\/\/afrycom.com\/fr\/wp-json\/wp\/v2\/comments?post=2391"}],"wp:featuredmedia":[{"embeddable":true,"href":"https:\/\/afrycom.com\/fr\/wp-json\/wp\/v2\/media\/2392"}],"wp:attachment":[{"href":"https:\/\/afrycom.com\/fr\/wp-json\/wp\/v2\/media?parent=2391"}],"wp:term":[{"taxonomy":"product_brand","embeddable":true,"href":"https:\/\/afrycom.com\/fr\/wp-json\/wp\/v2\/product_brand?post=2391"},{"taxonomy":"product_cat","embeddable":true,"href":"https:\/\/afrycom.com\/fr\/wp-json\/wp\/v2\/product_cat?post=2391"},{"taxonomy":"product_tag","embeddable":true,"href":"https:\/\/afrycom.com\/fr\/wp-json\/wp\/v2\/product_tag?post=2391"}],"curies":[{"name":"wp","href":"https:\/\/api.w.org\/{rel}","templated":true}]}}