{"id":23865,"date":"2025-06-10T07:32:23","date_gmt":"2025-06-10T07:32:23","guid":{"rendered":"https:\/\/afrycom.com\/product\/niimbot%e7%b2%be%e8%87%a3b1%e6%a0%87%e7%ad%be%e6%89%93%e5%8d%b0%e6%9c%ba%e5%92%96%e5%95%a1%e8%b1%86%e5%a5%b6%e8%8c%b6%e6%9d%af%e8%b4%b4%e9%a5%ae%e5%93%81%e9%80%8f%e6%98%8e%e9%98%b2%e6%b0%b4%e8%b4%b4\/"},"modified":"2026-01-29T08:08:04","modified_gmt":"2026-01-29T08:08:04","slug":"imprimante-detiquettes-niimbot-b1-portable-bluetooth-pour-etiquettes-transparentes-et-etanches-ideale-cafe-the-cuisine-rangement-diy","status":"publish","type":"product","link":"https:\/\/afrycom.com\/fr\/produit\/imprimante-detiquettes-niimbot-b1-portable-bluetooth-pour-etiquettes-transparentes-et-etanches-ideale-cafe-the-cuisine-rangement-diy\/","title":{"rendered":"Imprimante d'\u00c9tiquettes Niimbot B1 - Portable, Bluetooth, pour \u00c9tiquettes Transparentes et \u00c9tanches - Id\u00e9ale Caf\u00e9, Th\u00e9, Cuisine, Rangement &amp; DIY"},"content":{"rendered":"","protected":false},"excerpt":{"rendered":"","protected":false},"featured_media":29134,"comment_status":"open","ping_status":"closed","template":"","meta":[],"product_brand":[],"product_cat":[85,35],"product_tag":[],"class_list":{"0":"post-23865","1":"product","2":"type-product","3":"status-publish","4":"has-post-thumbnail","6":"product_cat-accessories","7":"product_cat-electronics","9":"first","10":"instock","11":"shipping-taxable","12":"purchasable","13":"product-type-variable"},"jetpack_sharing_enabled":true,"_links":{"self":[{"href":"https:\/\/afrycom.com\/fr\/wp-json\/wp\/v2\/product\/23865","targetHints":{"allow":["GET"]}}],"collection":[{"href":"https:\/\/afrycom.com\/fr\/wp-json\/wp\/v2\/product"}],"about":[{"href":"https:\/\/afrycom.com\/fr\/wp-json\/wp\/v2\/types\/product"}],"replies":[{"embeddable":true,"href":"https:\/\/afrycom.com\/fr\/wp-json\/wp\/v2\/comments?post=23865"}],"wp:featuredmedia":[{"embeddable":true,"href":"https:\/\/afrycom.com\/fr\/wp-json\/wp\/v2\/media\/29134"}],"wp:attachment":[{"href":"https:\/\/afrycom.com\/fr\/wp-json\/wp\/v2\/media?parent=23865"}],"wp:term":[{"taxonomy":"product_brand","embeddable":true,"href":"https:\/\/afrycom.com\/fr\/wp-json\/wp\/v2\/product_brand?post=23865"},{"taxonomy":"product_cat","embeddable":true,"href":"https:\/\/afrycom.com\/fr\/wp-json\/wp\/v2\/product_cat?post=23865"},{"taxonomy":"product_tag","embeddable":true,"href":"https:\/\/afrycom.com\/fr\/wp-json\/wp\/v2\/product_tag?post=23865"}],"curies":[{"name":"wp","href":"https:\/\/api.w.org\/{rel}","templated":true}]}}