{"id":23853,"date":"2025-06-10T07:32:15","date_gmt":"2025-06-10T07:32:15","guid":{"rendered":"https:\/\/afrycom.com\/product\/%e5%a4%96%e6%98%9f%e4%ba%ba%ef%bc%88alienware%ef%bc%89%e3%80%90%e7%94%b5%e7%ab%9e%e6%b8%b8%e6%88%8f%e6%9c%ac%e3%80%91m16-r1-16%e8%8b%b1%e5%af%b8ai%e6%b8%b8%e6%88%8f%e7%ac%94%e8%ae%b0%e6%9c%ac13\/"},"modified":"2025-07-31T14:45:14","modified_gmt":"2025-07-31T14:45:14","slug":"alienware-m16-r1-pc-portable-gaming-16-intel-13e-gen-carte-graphique-dediee-haute-performance-pour-jeux","status":"publish","type":"product","link":"https:\/\/afrycom.com\/fr\/produit\/alienware-m16-r1-pc-portable-gaming-16-intel-13e-gen-carte-graphique-dediee-haute-performance-pour-jeux\/","title":{"rendered":"Alienware m16 R1 - PC Portable Gaming 16\u2033, Intel 13e G\u00e9n, Carte Graphique D\u00e9di\u00e9e, Haute Performance pour Jeux"},"content":{"rendered":"","protected":false},"excerpt":{"rendered":"","protected":false},"featured_media":23854,"comment_status":"open","ping_status":"closed","template":"","meta":[],"product_brand":[],"product_cat":[36,35,37],"product_tag":[],"class_list":{"0":"post-23853","1":"product","2":"type-product","3":"status-publish","4":"has-post-thumbnail","6":"product_cat-computer-electronics","7":"product_cat-electronics","8":"product_cat-laptops-computer-electronics","10":"first","11":"instock","12":"shipping-taxable","13":"purchasable","14":"product-type-variable"},"jetpack_sharing_enabled":true,"_links":{"self":[{"href":"https:\/\/afrycom.com\/fr\/wp-json\/wp\/v2\/product\/23853","targetHints":{"allow":["GET"]}}],"collection":[{"href":"https:\/\/afrycom.com\/fr\/wp-json\/wp\/v2\/product"}],"about":[{"href":"https:\/\/afrycom.com\/fr\/wp-json\/wp\/v2\/types\/product"}],"replies":[{"embeddable":true,"href":"https:\/\/afrycom.com\/fr\/wp-json\/wp\/v2\/comments?post=23853"}],"wp:featuredmedia":[{"embeddable":true,"href":"https:\/\/afrycom.com\/fr\/wp-json\/wp\/v2\/media\/23854"}],"wp:attachment":[{"href":"https:\/\/afrycom.com\/fr\/wp-json\/wp\/v2\/media?parent=23853"}],"wp:term":[{"taxonomy":"product_brand","embeddable":true,"href":"https:\/\/afrycom.com\/fr\/wp-json\/wp\/v2\/product_brand?post=23853"},{"taxonomy":"product_cat","embeddable":true,"href":"https:\/\/afrycom.com\/fr\/wp-json\/wp\/v2\/product_cat?post=23853"},{"taxonomy":"product_tag","embeddable":true,"href":"https:\/\/afrycom.com\/fr\/wp-json\/wp\/v2\/product_tag?post=23853"}],"curies":[{"name":"wp","href":"https:\/\/api.w.org\/{rel}","templated":true}]}}