{"id":2384,"date":"2025-03-08T05:48:56","date_gmt":"2025-03-08T05:48:56","guid":{"rendered":"https:\/\/afrycom.com\/product\/sokany-melangeur-electrique-multi-usages-ju479-600w-haute-puissance-2-en-1-pour-broyage-et-pressage-de-jus\/"},"modified":"2025-10-21T03:19:18","modified_gmt":"2025-10-21T03:19:18","slug":"sokany-melangeur-electrique-multi-usages-ju479-600w-haute-puissance-2-en-1-pour-broyage-et-pressage-de-jus","status":"publish","type":"product","link":"https:\/\/afrycom.com\/fr\/produit\/sokany-melangeur-electrique-multi-usages-ju479-600w-haute-puissance-2-en-1-pour-broyage-et-pressage-de-jus\/","title":{"rendered":"Sokany-M\u00e9langeur \u00e9lectrique multi-usages Ju479, 600W, haute puissance, 2 en 1, pour broyage et pressage de jus"},"content":{"rendered":"<p>&nbsp;<\/p>\n<div class=\"product-specs-list-container\">\n<ul class=\"product-specs-list util-clearfix\">\n<li class=\"product-prop line-limit-length\"><span class=\"property-title\">Chimique Hign-concern\u00e9 :\u00a0<\/span><span class=\"property-desc line-limit-length\">Aucun<\/span><\/li>\n<li class=\"product-prop line-limit-length\"><span class=\"property-title\">Nom de marque :\u00a0<\/span><span class=\"property-desc line-limit-length\">XMSJ<\/span><\/li>\n<li class=\"product-prop line-limit-length\"><span class=\"property-title\">Origine :\u00a0<\/span><span class=\"property-desc line-limit-length\">CN (Origine)<\/span><\/li>\n<li class=\"product-prop line-limit-length\"><span class=\"property-title\">Service apr\u00e8s-vente assur\u00e9 :\u00a0<\/span><span class=\"property-desc line-limit-length\">Free spare parts, Return and Replacement<\/span><\/li>\n<li class=\"product-prop line-limit-length\"><span class=\"property-title\">Operating Language:\u00a0<\/span><span class=\"property-desc line-limit-length\">English, German, French, Dutch, Spanish<\/span><\/li>\n<li class=\"product-prop line-limit-length\"><span class=\"property-title\">Application :\u00a0<\/span><span class=\"property-desc line-limit-length\">Hotel, Household<\/span><\/li>\n<li class=\"product-prop line-limit-length\"><span class=\"property-title\">Source d'alimentation :\u00a0<\/span><span class=\"property-desc line-limit-length\">\u00c9lectrique<\/span><\/li>\n<li class=\"product-prop line-limit-length\"><span class=\"property-title\">Contr\u00f4l\u00e9 par application :\u00a0<\/span><span class=\"property-desc line-limit-length\">NON<\/span><\/li>\n<li class=\"product-prop line-limit-length\"><span class=\"property-title\">Moule priv\u00e9 :\u00a0<\/span><span class=\"property-desc line-limit-length\">Yes<\/span><\/li>\n<li class=\"product-prop line-limit-length\"><span class=\"property-title\">Type :\u00a0<\/span><span class=\"property-desc line-limit-length\">Multi-Purpose Blender<\/span><\/li>\n<li class=\"product-prop line-limit-length\"><span class=\"property-title\">Blade Material:\u00a0<\/span><span class=\"property-desc line-limit-length\">Acier inoxydable<\/span><\/li>\n<li class=\"product-prop line-limit-length\"><span class=\"property-title\">Housing Material:\u00a0<\/span><span class=\"property-desc line-limit-length\">Glass<\/span><\/li>\n<li class=\"product-prop line-limit-length\"><span class=\"property-title\">Fonction :\u00a0<\/span><span class=\"property-desc line-limit-length\">Quiet Motor, LOW NOISE, Sustainable, Chopping, Multifunctional<\/span><\/li>\n<li class=\"product-prop line-limit-length\"><span class=\"property-title\">Dimensions (L x W x H (Inches):\u00a0<\/span><span class=\"property-desc line-limit-length\">33.7*20.7*24.5cm<\/span><\/li>\n<li class=\"product-prop line-limit-length\"><span class=\"property-title\">Puissance (W) :\u00a0<\/span><span class=\"property-desc line-limit-length\">800<\/span><\/li>\n<li class=\"product-prop line-limit-length\"><span class=\"property-title\">Tension (V) :\u00a0<\/span><span class=\"property-desc line-limit-length\">220-240<\/span><\/li>\n<li class=\"product-prop line-limit-length\"><span class=\"property-title\">Lieu d'origine :\u00a0<\/span><span class=\"property-desc line-limit-length\">Zhejiang, Chine<\/span><\/li>\n<li class=\"product-prop line-limit-length\"><span class=\"property-title\">Nom de marque :\u00a0<\/span><span class=\"property-desc line-limit-length\">Sokany<\/span><\/li>\n<li class=\"product-prop line-limit-length\"><span class=\"property-title\">Num\u00e9ro de mod\u00e8le :\u00a0<\/span><span class=\"property-desc line-limit-length\">SK-03031<\/span><\/li>\n<li class=\"product-prop line-limit-length\"><span class=\"property-title\">Heat Preservation Function:\u00a0<\/span><span class=\"property-desc line-limit-length\">NON<\/span><\/li>\n<li class=\"product-prop line-limit-length\"><span class=\"property-title\">Nom du produit :\u00a0<\/span><span class=\"property-desc line-limit-length\">Multi-Purpose blender<\/span><\/li>\n<li class=\"product-prop line-limit-length\"><span class=\"property-title\">Capacit\u00e9 :\u00a0<\/span><span class=\"property-desc line-limit-length\">1.5L<\/span><\/li>\n<li class=\"product-prop line-limit-length\"><span class=\"property-title\">Mat\u00e9riau :\u00a0<\/span><span class=\"property-desc line-limit-length\">Stainless Steel, Glass<\/span><\/li>\n<li class=\"product-prop line-limit-length\"><span class=\"property-title\">Lame :\u00a0<\/span><span class=\"property-desc line-limit-length\">Stainelss Steel<\/span><\/li>\n<li class=\"product-prop line-limit-length\"><span class=\"property-title\">MOQ :\u00a0<\/span><span class=\"property-desc line-limit-length\">6pcs<\/span><\/li>\n<li class=\"product-prop line-limit-length\"><span class=\"property-title\">Taille :\u00a0<\/span><span class=\"property-desc line-limit-length\">33.7*20.7*24.5cm<\/span><\/li>\n<li class=\"product-prop line-limit-length\"><span class=\"property-title\">Utilisation :\u00a0<\/span><span class=\"property-desc line-limit-length\">Blender Mixer<\/span><\/li>\n<li class=\"product-prop line-limit-length\"><span class=\"property-title\">Emballage :\u00a0<\/span><span class=\"property-desc line-limit-length\">Carton<\/span><\/li>\n<li class=\"product-prop line-limit-length\"><span class=\"property-title\">Poids :\u00a0<\/span><span class=\"property-desc line-limit-length\">3.34KG<\/span><\/li>\n<li class=\"product-prop line-limit-length\"><span class=\"property-title\">Avantage :\u00a0<\/span><span class=\"property-desc line-limit-length\">Easy Operation High Efficiency<\/span><\/li>\n<\/ul>\n<\/div>\n<div class=\"detailmodule_html\">\n<div class=\"detail-desc-decorate-richtext\">\n<p id=\"tl_1\" style=\"text-align: left; color: #434649; font-size: 13px;\">Mon ami, bienvenue dans notre magasin, si vous avez besoin d&#8217;autres mod\u00e8les de ce produit, veuillez me contacter, je vous enverrai le lien du produit pour que vous l&#8217;achetiez! Si vous avez des questions, vous pouvez ajouter mon WhatsApp: + 8619083110464<\/p>\n<p><img loading=\"lazy\" decoding=\"async\" style=\"width: 100%; height: auto; vertical-align: middle;\" src=\"https:\/\/ae01.alicdn.com\/kf\/Sc618ebc0d5c146cd97938a64f1a5f4ed3.jpg?width=388&amp;height=233&amp;hash=621\" width=\"388\" height=\"233\" \/><br \/>\n<img loading=\"lazy\" decoding=\"async\" style=\"width: 100%; height: auto; vertical-align: middle;\" src=\"https:\/\/ae01.alicdn.com\/kf\/S7ba6b457963a468d8dd3a5914835194f8.jpg?width=854&amp;height=573&amp;hash=1427\" width=\"854\" height=\"573\" \/><br \/>\n<img loading=\"lazy\" decoding=\"async\" style=\"width: 100%; height: auto; vertical-align: middle;\" src=\"https:\/\/ae01.alicdn.com\/kf\/Seb8f4c3f8ded44a0bb8fbe11aeb8ea8bz.jpg?width=1500&amp;height=1000&amp;hash=2500\" width=\"1500\" height=\"1000\" \/><br \/>\n<img loading=\"lazy\" decoding=\"async\" style=\"width: 100%; height: auto; vertical-align: middle;\" src=\"https:\/\/ae01.alicdn.com\/kf\/Se1240f1b6eb347eca2a9df2c8382982dF.jpg?width=790&amp;height=1505&amp;hash=2295\" width=\"790\" height=\"1505\" \/><\/p>\n<p id=\"tl_2\" style=\"text-align: left; color: #434649; font-size: 13px;\">Sp\u00e9cification<br \/>\nArticle<br \/>\nValeur<br \/>\nService apr\u00e8s-vente fourni<br \/>\nPi\u00e8ces d\u00e9tach\u00e9es gratuites<br \/>\nGarantie<br \/>\n1 ann\u00e9e<br \/>\nApplication<br \/>\nExt\u00e9rieur, h\u00f4tel, commercial, m\u00e9nage<br \/>\nSource d'alimentation<br \/>\n\u00c9lectrique<br \/>\nApp-contr\u00f4l\u00e9<br \/>\nNON<br \/>\nMoule priv\u00e9<br \/>\nOui<br \/>\nCouleur<br \/>\nBlanc<br \/>\nCapacit\u00e9<br \/>\n1.5L<br \/>\nPuissance (W)<br \/>\n800<br \/>\nTension (V)<br \/>\n220 \u00e0 240<br \/>\nLieu d'origine<br \/>\nChine<br \/>\nProvince<br \/>\nZhejiang<br \/>\nNom de marque<br \/>\nSokany<br \/>\nNum\u00e9ro de mod\u00e8le<br \/>\nSK-03031<br \/>\nType<br \/>\nM\u00e9langeur<br \/>\nMat\u00e9riel<br \/>\nAcier inoxydable<br \/>\nNom du produit<br \/>\nM\u00e9langeur multi-usages<br \/>\nCertification<br \/>\nCE CB RoHS<br \/>\nMOQ<br \/>\n6 pi\u00e8ces<br \/>\nLogo<br \/>\nLogo personnalis\u00e9 acceptable<br \/>\nTaille<br \/>\n33.7*20.7*24.5cm<br \/>\nOEM\/ODM<br \/>\nChaleureusement accueilli<\/p>\n<\/div>\n<\/div>","protected":false},"excerpt":{"rendered":"<p>&nbsp; Chimique Hign-concern\u00e9:\u00a0Aucun Nom de marque:\u00a0XMSJ Origine:\u00a0CN (Origine) After-sales Service Provided:\u00a0Free spare parts, Return and Replacement Operating Language:\u00a0English, German, French,<\/p>","protected":false},"featured_media":2385,"comment_status":"open","ping_status":"closed","template":"","meta":[],"product_brand":[],"product_cat":[32,31],"product_tag":[],"class_list":{"0":"post-2384","1":"product","2":"type-product","3":"status-publish","4":"has-post-thumbnail","6":"product_cat-blenders-small-kitchen-appliances-appliances","7":"product_cat-small-kitchen-appliances-appliances","9":"first","10":"instock","11":"shipping-taxable","12":"purchasable","13":"product-type-variable"},"jetpack_sharing_enabled":true,"_links":{"self":[{"href":"https:\/\/afrycom.com\/fr\/wp-json\/wp\/v2\/product\/2384","targetHints":{"allow":["GET"]}}],"collection":[{"href":"https:\/\/afrycom.com\/fr\/wp-json\/wp\/v2\/product"}],"about":[{"href":"https:\/\/afrycom.com\/fr\/wp-json\/wp\/v2\/types\/product"}],"replies":[{"embeddable":true,"href":"https:\/\/afrycom.com\/fr\/wp-json\/wp\/v2\/comments?post=2384"}],"wp:featuredmedia":[{"embeddable":true,"href":"https:\/\/afrycom.com\/fr\/wp-json\/wp\/v2\/media\/2385"}],"wp:attachment":[{"href":"https:\/\/afrycom.com\/fr\/wp-json\/wp\/v2\/media?parent=2384"}],"wp:term":[{"taxonomy":"product_brand","embeddable":true,"href":"https:\/\/afrycom.com\/fr\/wp-json\/wp\/v2\/product_brand?post=2384"},{"taxonomy":"product_cat","embeddable":true,"href":"https:\/\/afrycom.com\/fr\/wp-json\/wp\/v2\/product_cat?post=2384"},{"taxonomy":"product_tag","embeddable":true,"href":"https:\/\/afrycom.com\/fr\/wp-json\/wp\/v2\/product_tag?post=2384"}],"curies":[{"name":"wp","href":"https:\/\/api.w.org\/{rel}","templated":true}]}}