{"id":23835,"date":"2025-06-10T07:31:59","date_gmt":"2025-06-10T07:31:59","guid":{"rendered":"https:\/\/afrycom.com\/product\/%e6%9a%b4%e9%a3%8e%e5%88%87%e8%8f%9c%e7%a5%9e%e5%99%a8%e5%88%87%e4%b8%9d%e5%99%a8%e5%ae%b6%e7%94%a8%e6%93%a6%e4%b8%9d%e5%88%a8%e4%b8%9d%e5%99%a8%e5%8e%a8%e6%88%bf%e5%89%8a%e5%9c%9f%e8%b1%86%e4%b8%9d\/"},"modified":"2026-01-29T06:39:45","modified_gmt":"2026-01-29T06:39:45","slug":"coupe-legumes-manuel-multifonction-rape-a-lanieres-eminceur-de-pommes-de-terre-ideal-pour-cuisine-rapide","status":"publish","type":"product","link":"https:\/\/afrycom.com\/fr\/produit\/coupe-legumes-manuel-multifonction-rape-a-lanieres-eminceur-de-pommes-de-terre-ideal-pour-cuisine-rapide\/","title":{"rendered":"Coupe-L\u00e9gumes Manuel Multifonction - R\u00e2pe \u00e0 Lani\u00e8res, \u00c9minceur de Pommes de Terre, Id\u00e9al pour Cuisine Rapide"},"content":{"rendered":"<h3 class=\"qwen-markdown-heading\"><\/h3>\n<div class=\"qwen-markdown-paragraph\"><span class=\"qwen-markdown-text\">Le <\/span><strong class=\"qwen-markdown-strong\"><span class=\"qwen-markdown-text\">Coupe-L\u00e9gumes Manuel Multifonction<\/span><\/strong><span class=\"qwen-markdown-text\"> est l\u2019outil incontournable pour une cuisine rapide, pr\u00e9cise et pleine de cr\u00e9ativit\u00e9 ! Con\u00e7u pour simplifier chaque \u00e9tape de vos pr\u00e9parations, cet appareil polyvalent allie <\/span><strong class=\"qwen-markdown-strong\"><span class=\"qwen-markdown-text\">6 fonctions essentielles<\/span><\/strong><span class=\"qwen-markdown-text\"> : r\u00e2page moyenne, r\u00e2page fine, tranchage lisse, tranchage ondul\u00e9, hachage (moulu) et d\u00e9coupage de viande congel\u00e9e. En tant que <\/span><strong class=\"qwen-markdown-strong\"><span class=\"qwen-markdown-text\">r\u00e2pe \u00e0 lani\u00e8res<\/span><\/strong><span class=\"qwen-markdown-text\"> et <\/span><strong class=\"qwen-markdown-strong\"><span class=\"qwen-markdown-text\">\u00e9minceur de pommes de terre<\/span><\/strong><span class=\"qwen-markdown-text\">, il permet de r\u00e9aliser des pr\u00e9parations professionnelles en un clin d\u2019\u0153il : frites maison croustillantes, salades croquantes, garnitures raffin\u00e9es ou pr\u00e9parations pour soupes.<\/span><\/div>\n<div class=\"qwen-markdown-space\"><\/div>\n<div class=\"qwen-markdown-paragraph\"><span class=\"qwen-markdown-text\">Son <\/span><strong class=\"qwen-markdown-strong\"><span class=\"qwen-markdown-text\">design ergonomique et compact<\/span><\/strong><span class=\"qwen-markdown-text\"> (90 x 80 x 70 mm) s\u2019int\u00e8gre parfaitement dans n\u2019importe quel espace de cuisine, tandis que l\u2019<\/span><strong class=\"qwen-markdown-strong\"><span class=\"qwen-markdown-text\">entr\u00e9e d\u2019alimentation \u00e9largie de 40%<\/span><\/strong><span class=\"qwen-markdown-text\"> permet de traiter des l\u00e9gumes entiers (comme les pommes de terre, <\/span><em><span class=\"qwen-markdown-text\">sans peeling pr\u00e9alable<\/span><\/em><span class=\"qwen-markdown-text\"> !) en un temps record. Le <\/span><strong class=\"qwen-markdown-strong\"><span class=\"qwen-markdown-text\">d\u00e9montage simple<\/span><\/strong><span class=\"qwen-markdown-text\"> et la <\/span><strong class=\"qwen-markdown-strong\"><span class=\"qwen-markdown-text\">nettoyabilit\u00e9 totale<\/span><\/strong><span class=\"qwen-markdown-text\"> (\u00ab 0 r\u00e9sidu \u00bb) garantissent un entretien rapide et hygi\u00e9nique, pour une utilisation quotidienne sans contrainte.<\/span><\/div>\n<div class=\"qwen-markdown-space\"><\/div>\n<div class=\"qwen-markdown-paragraph\"><span class=\"qwen-markdown-text\">Fabriqu\u00e9 avec des mat\u00e9riaux durables et r\u00e9sistants, ce coupe-l\u00e9gumes manuel est <\/span><strong class=\"qwen-markdown-strong\"><span class=\"qwen-markdown-text\">s\u00fbr \u00e0 utiliser<\/span><\/strong><span class=\"qwen-markdown-text\"> gr\u00e2ce \u00e0 sa poign\u00e9e ergonomique et son syst\u00e8me de s\u00e9curit\u00e9 int\u00e9gr\u00e9. Id\u00e9al pour les amateurs de cuisine maison, les professionnels exigeants ou ceux qui souhaitent gagner du temps au quotidien, il transforme chaque pr\u00e9paration en une exp\u00e9rience ludique et efficace.<\/span><\/div>\n<div class=\"qwen-markdown-space\"><\/div>\n<div class=\"qwen-markdown-paragraph\"><span class=\"qwen-markdown-text\">En r\u00e9sum\u00e9, le <\/span><strong class=\"qwen-markdown-strong\"><span class=\"qwen-markdown-text\">Coupe-L\u00e9gumes Manuel Multifonction<\/span><\/strong><span class=\"qwen-markdown-text\"> est bien plus qu\u2019un simple accessoire : c\u2019est votre partenaire pour des repas savoureux, pr\u00e9par\u00e9s en un clin d\u2019\u0153il, avec pr\u00e9cision et sans effort !<\/span><\/div>\n<div><img loading=\"lazy\" decoding=\"async\" class=\"alignnone size-medium wp-image-29124\" src=\"https:\/\/afrycom.com\/wp-content\/uploads\/2025\/06\/jimeng-2026-01-28-8894-Coupe-Legumes-Manuel-Multifonction-\u2013-Rap-225x300.png\" alt=\"\" width=\"225\" height=\"300\" srcset=\"https:\/\/afrycom.com\/wp-content\/uploads\/2025\/06\/jimeng-2026-01-28-8894-Coupe-Legumes-Manuel-Multifonction-\u2013-Rap-225x300.png 225w, https:\/\/afrycom.com\/wp-content\/uploads\/2025\/06\/jimeng-2026-01-28-8894-Coupe-Legumes-Manuel-Multifonction-\u2013-Rap-768x1024.png 768w, https:\/\/afrycom.com\/wp-content\/uploads\/2025\/06\/jimeng-2026-01-28-8894-Coupe-Legumes-Manuel-Multifonction-\u2013-Rap-1152x1536.png 1152w, https:\/\/afrycom.com\/wp-content\/uploads\/2025\/06\/jimeng-2026-01-28-8894-Coupe-Legumes-Manuel-Multifonction-\u2013-Rap-1536x2048.png 1536w, https:\/\/afrycom.com\/wp-content\/uploads\/2025\/06\/jimeng-2026-01-28-8894-Coupe-Legumes-Manuel-Multifonction-\u2013-Rap-9x12.png 9w, https:\/\/afrycom.com\/wp-content\/uploads\/2025\/06\/jimeng-2026-01-28-8894-Coupe-Legumes-Manuel-Multifonction-\u2013-Rap-1320x1760.png 1320w, https:\/\/afrycom.com\/wp-content\/uploads\/2025\/06\/jimeng-2026-01-28-8894-Coupe-Legumes-Manuel-Multifonction-\u2013-Rap-1200x1600.png 1200w, https:\/\/afrycom.com\/wp-content\/uploads\/2025\/06\/jimeng-2026-01-28-8894-Coupe-Legumes-Manuel-Multifonction-\u2013-Rap-150x200.png 150w, https:\/\/afrycom.com\/wp-content\/uploads\/2025\/06\/jimeng-2026-01-28-8894-Coupe-Legumes-Manuel-Multifonction-\u2013-Rap.png 1728w\" sizes=\"auto, (max-width: 225px) 100vw, 225px\" \/><img loading=\"lazy\" decoding=\"async\" class=\"alignnone size-medium wp-image-29123\" src=\"https:\/\/afrycom.com\/wp-content\/uploads\/2025\/06\/jimeng-2026-01-28-1998-Coupe-Legumes-Manuel-Multifonction-\u2013-Rap-225x300.png\" alt=\"\" width=\"225\" height=\"300\" srcset=\"https:\/\/afrycom.com\/wp-content\/uploads\/2025\/06\/jimeng-2026-01-28-1998-Coupe-Legumes-Manuel-Multifonction-\u2013-Rap-225x300.png 225w, https:\/\/afrycom.com\/wp-content\/uploads\/2025\/06\/jimeng-2026-01-28-1998-Coupe-Legumes-Manuel-Multifonction-\u2013-Rap-768x1024.png 768w, https:\/\/afrycom.com\/wp-content\/uploads\/2025\/06\/jimeng-2026-01-28-1998-Coupe-Legumes-Manuel-Multifonction-\u2013-Rap-1152x1536.png 1152w, https:\/\/afrycom.com\/wp-content\/uploads\/2025\/06\/jimeng-2026-01-28-1998-Coupe-Legumes-Manuel-Multifonction-\u2013-Rap-1536x2048.png 1536w, https:\/\/afrycom.com\/wp-content\/uploads\/2025\/06\/jimeng-2026-01-28-1998-Coupe-Legumes-Manuel-Multifonction-\u2013-Rap-9x12.png 9w, https:\/\/afrycom.com\/wp-content\/uploads\/2025\/06\/jimeng-2026-01-28-1998-Coupe-Legumes-Manuel-Multifonction-\u2013-Rap-1320x1760.png 1320w, https:\/\/afrycom.com\/wp-content\/uploads\/2025\/06\/jimeng-2026-01-28-1998-Coupe-Legumes-Manuel-Multifonction-\u2013-Rap-1200x1600.png 1200w, https:\/\/afrycom.com\/wp-content\/uploads\/2025\/06\/jimeng-2026-01-28-1998-Coupe-Legumes-Manuel-Multifonction-\u2013-Rap-150x200.png 150w, https:\/\/afrycom.com\/wp-content\/uploads\/2025\/06\/jimeng-2026-01-28-1998-Coupe-Legumes-Manuel-Multifonction-\u2013-Rap.png 1728w\" sizes=\"auto, (max-width: 225px) 100vw, 225px\" \/><img loading=\"lazy\" decoding=\"async\" class=\"alignnone size-medium wp-image-29122\" src=\"https:\/\/afrycom.com\/wp-content\/uploads\/2025\/06\/jimeng-2026-01-28-4753-Coupe-Legumes-Manuel-Multifonction-\u2013-Rap-225x300.png\" alt=\"\" width=\"225\" height=\"300\" srcset=\"https:\/\/afrycom.com\/wp-content\/uploads\/2025\/06\/jimeng-2026-01-28-4753-Coupe-Legumes-Manuel-Multifonction-\u2013-Rap-225x300.png 225w, https:\/\/afrycom.com\/wp-content\/uploads\/2025\/06\/jimeng-2026-01-28-4753-Coupe-Legumes-Manuel-Multifonction-\u2013-Rap-768x1024.png 768w, https:\/\/afrycom.com\/wp-content\/uploads\/2025\/06\/jimeng-2026-01-28-4753-Coupe-Legumes-Manuel-Multifonction-\u2013-Rap-1152x1536.png 1152w, https:\/\/afrycom.com\/wp-content\/uploads\/2025\/06\/jimeng-2026-01-28-4753-Coupe-Legumes-Manuel-Multifonction-\u2013-Rap-1536x2048.png 1536w, https:\/\/afrycom.com\/wp-content\/uploads\/2025\/06\/jimeng-2026-01-28-4753-Coupe-Legumes-Manuel-Multifonction-\u2013-Rap-9x12.png 9w, https:\/\/afrycom.com\/wp-content\/uploads\/2025\/06\/jimeng-2026-01-28-4753-Coupe-Legumes-Manuel-Multifonction-\u2013-Rap-1320x1760.png 1320w, https:\/\/afrycom.com\/wp-content\/uploads\/2025\/06\/jimeng-2026-01-28-4753-Coupe-Legumes-Manuel-Multifonction-\u2013-Rap-1200x1600.png 1200w, https:\/\/afrycom.com\/wp-content\/uploads\/2025\/06\/jimeng-2026-01-28-4753-Coupe-Legumes-Manuel-Multifonction-\u2013-Rap-150x200.png 150w, https:\/\/afrycom.com\/wp-content\/uploads\/2025\/06\/jimeng-2026-01-28-4753-Coupe-Legumes-Manuel-Multifonction-\u2013-Rap.png 1728w\" sizes=\"auto, (max-width: 225px) 100vw, 225px\" \/><\/div>","protected":false},"excerpt":{"rendered":"<p><span class=\"qwen-markdown-text\" data-spm-anchor-id=\"a2ty_o01.29997173.0.i3.737b5171fO9Udm\">Le <\/span><strong class=\"qwen-markdown-strong\"><span class=\"qwen-markdown-text\">Coupe-L\u00e9gumes Manuel Multifonction<\/span><\/strong><span class=\"qwen-markdown-text\"> est l\u2019outil id\u00e9al pour une cuisine rapide et pr\u00e9cise ! En tant que <\/span><strong class=\"qwen-markdown-strong\"><span class=\"qwen-markdown-text\">r\u00e2pe \u00e0 lani\u00e8res<\/span><\/strong><span class=\"qwen-markdown-text\"> et <\/span><strong class=\"qwen-markdown-strong\"><span class=\"qwen-markdown-text\">\u00e9minceur de pommes de terre<\/span><\/strong><span class=\"qwen-markdown-text\">, il propose <\/span><strong class=\"qwen-markdown-strong\"><span class=\"qwen-markdown-text\">6 fonctions<\/span><\/strong><span class=\"qwen-markdown-text\"> (r\u00e2page, tranchage, hachage, etc.) pour toutes vos pr\u00e9parations : frites, salades, soupes, et m\u00eame viande congel\u00e9e. Son <\/span><strong class=\"qwen-markdown-strong\"><span class=\"qwen-markdown-text\">entr\u00e9e \u00e9largie (40%)<\/span><\/strong><span class=\"qwen-markdown-text\"> permet d\u2019utiliser des l\u00e9gumes entiers (pommes de terre sans peeling !), tandis que le <\/span><strong class=\"qwen-markdown-strong\"><span class=\"qwen-markdown-text\">d\u00e9montage simple<\/span><\/strong><span class=\"qwen-markdown-text\"> et le <\/span><strong class=\"qwen-markdown-strong\"><span class=\"qwen-markdown-text\">nettoyage sans r\u00e9sidu<\/span><\/strong><span class=\"qwen-markdown-text\"> assurent un entretien facile. Compact (90x80x70 mm) et ergonomique, il est parfait pour gagner du temps en cuisine. Une r\u00e9f\u00e9rence pour les amateurs de recettes maison !<\/span><\/p>","protected":false},"featured_media":29125,"comment_status":"open","ping_status":"closed","template":"","meta":[],"product_brand":[],"product_cat":[5744,31],"product_tag":[],"class_list":{"0":"post-23835","1":"product","2":"type-product","3":"status-publish","4":"has-post-thumbnail","6":"product_cat-mandoline-slicer","7":"product_cat-small-kitchen-appliances-appliances","9":"first","10":"instock","11":"shipping-taxable","12":"purchasable","13":"product-type-variable"},"jetpack_sharing_enabled":true,"_links":{"self":[{"href":"https:\/\/afrycom.com\/fr\/wp-json\/wp\/v2\/product\/23835","targetHints":{"allow":["GET"]}}],"collection":[{"href":"https:\/\/afrycom.com\/fr\/wp-json\/wp\/v2\/product"}],"about":[{"href":"https:\/\/afrycom.com\/fr\/wp-json\/wp\/v2\/types\/product"}],"replies":[{"embeddable":true,"href":"https:\/\/afrycom.com\/fr\/wp-json\/wp\/v2\/comments?post=23835"}],"wp:featuredmedia":[{"embeddable":true,"href":"https:\/\/afrycom.com\/fr\/wp-json\/wp\/v2\/media\/29125"}],"wp:attachment":[{"href":"https:\/\/afrycom.com\/fr\/wp-json\/wp\/v2\/media?parent=23835"}],"wp:term":[{"taxonomy":"product_brand","embeddable":true,"href":"https:\/\/afrycom.com\/fr\/wp-json\/wp\/v2\/product_brand?post=23835"},{"taxonomy":"product_cat","embeddable":true,"href":"https:\/\/afrycom.com\/fr\/wp-json\/wp\/v2\/product_cat?post=23835"},{"taxonomy":"product_tag","embeddable":true,"href":"https:\/\/afrycom.com\/fr\/wp-json\/wp\/v2\/product_tag?post=23835"}],"curies":[{"name":"wp","href":"https:\/\/api.w.org\/{rel}","templated":true}]}}