{"id":2375,"date":"2025-03-08T05:48:51","date_gmt":"2025-03-08T05:48:51","guid":{"rendered":"https:\/\/afrycom.com\/product\/raf-grille-pain-electrique-a-convection-petits-appareils-electromenagers-cadeaux-marque-38l\/"},"modified":"2026-02-03T15:27:02","modified_gmt":"2026-02-03T15:27:02","slug":"raf-grille-pain-electrique-a-convection-petits-appareils-electromenagers-cadeaux-marque-38l","status":"publish","type":"product","link":"https:\/\/afrycom.com\/fr\/produit\/raf-grille-pain-electrique-a-convection-petits-appareils-electromenagers-cadeaux-marque-38l\/","title":{"rendered":"RAF-Grille-pain \u00e9lectrique \u00e0 convection, petits appareils \u00e9lectrom\u00e9nagers, cadeaux, marque, 38L"},"content":{"rendered":"<div class=\"product-specs-list-container\">\n<ul class=\"product-specs-list util-clearfix\">\n<li class=\"product-prop line-limit-length\"><span class=\"property-title\">Chimique Hign-concern\u00e9 :\u00a0<\/span><span class=\"property-desc line-limit-length\">Aucun<\/span><\/li>\n<li class=\"product-prop line-limit-length\"><span class=\"property-title\">Nom de marque :\u00a0<\/span><span class=\"property-desc line-limit-length\">XMSJ<\/span><\/li>\n<li class=\"product-prop line-limit-length\"><span class=\"property-title\">Origine :\u00a0<\/span><span class=\"property-desc line-limit-length\">CN (Origine)<\/span><\/li>\n<li class=\"product-prop line-limit-length\"><span class=\"property-title\">Service apr\u00e8s-vente assur\u00e9 :\u00a0<\/span><span class=\"property-desc line-limit-length\">Pi\u00e8ces d\u00e9tach\u00e9es gratuites<\/span><\/li>\n<li class=\"product-prop line-limit-length\"><span class=\"property-title\">Operating Language:\u00a0<\/span><span class=\"property-desc line-limit-length\">English<\/span><\/li>\n<li class=\"product-prop line-limit-length\"><span class=\"property-title\">Application :\u00a0<\/span><span class=\"property-desc line-limit-length\">Hotel, Commercial, Household<\/span><\/li>\n<li class=\"product-prop line-limit-length\"><span class=\"property-title\">Source d'alimentation :\u00a0<\/span><span class=\"property-desc line-limit-length\">\u00c9lectrique<\/span><\/li>\n<li class=\"product-prop line-limit-length\"><span class=\"property-title\">Contr\u00f4l\u00e9 par application :\u00a0<\/span><span class=\"property-desc line-limit-length\">NON<\/span><\/li>\n<li class=\"product-prop line-limit-length\"><span class=\"property-title\">Moule priv\u00e9 :\u00a0<\/span><span class=\"property-desc line-limit-length\">NON<\/span><\/li>\n<li class=\"product-prop line-limit-length\"><span class=\"property-title\">Controlling Mode:\u00a0<\/span><span class=\"property-desc line-limit-length\">Mechanical Timer Control<\/span><\/li>\n<li class=\"product-prop line-limit-length\"><span class=\"property-title\">Housing Material:\u00a0<\/span><span class=\"property-desc line-limit-length\">Acier inoxydable<\/span><\/li>\n<li class=\"product-prop line-limit-length\"><span class=\"property-title\">Fonction :\u00a0<\/span><span class=\"property-desc line-limit-length\">Bake, TOAST, Warm, Timer Function, Interior Oven Light<\/span><\/li>\n<li class=\"product-prop line-limit-length\"><span class=\"property-title\">Puissance (W) :\u00a0<\/span><span class=\"property-desc line-limit-length\">1700<\/span><\/li>\n<li class=\"product-prop line-limit-length\"><span class=\"property-title\">Tension (V) :\u00a0<\/span><span class=\"property-desc line-limit-length\">220<\/span><\/li>\n<li class=\"product-prop line-limit-length\"><span class=\"property-title\">Lieu d'origine :\u00a0<\/span><span class=\"property-desc line-limit-length\">Zhejiang, Chine<\/span><\/li>\n<li class=\"product-prop line-limit-length\"><span class=\"property-title\">Nom de marque :\u00a0<\/span><span class=\"property-desc line-limit-length\">RAF<\/span><\/li>\n<li class=\"product-prop line-limit-length\"><span class=\"property-title\">Num\u00e9ro de mod\u00e8le :\u00a0<\/span><span class=\"property-desc line-limit-length\">R.5316<\/span><\/li>\n<li class=\"product-prop line-limit-length\"><span class=\"property-title\">Type :\u00a0<\/span><span class=\"property-desc line-limit-length\">Mini Toaster Oven<\/span><\/li>\n<li class=\"product-prop line-limit-length\"><span class=\"property-title\">Nom du produit :\u00a0<\/span><span class=\"property-desc line-limit-length\">Multifunctional Household Oven<\/span><\/li>\n<li class=\"product-prop line-limit-length\"><span class=\"property-title\">Capacit\u00e9 :\u00a0<\/span><span class=\"property-desc line-limit-length\">38L<\/span><\/li>\n<li class=\"product-prop line-limit-length\"><span class=\"property-title\">Oven door:\u00a0<\/span><span class=\"property-desc line-limit-length\">Glass Oven Door<\/span><\/li>\n<li class=\"product-prop line-limit-length\"><span class=\"property-title\">Couleur :\u00a0<\/span><span class=\"property-desc line-limit-length\">Noir<\/span><\/li>\n<li class=\"product-prop line-limit-length\"><span class=\"property-title\">Keyword:\u00a0<\/span><span class=\"property-desc line-limit-length\">Multi-Function Electric Oven<\/span><\/li>\n<li class=\"product-prop line-limit-length\"><span class=\"property-title\">Utilisation :\u00a0<\/span><span class=\"property-desc line-limit-length\">Kitchen CookingBaking<\/span><\/li>\n<li class=\"product-prop line-limit-length\"><span class=\"property-title\">MOQ :\u00a0<\/span><span class=\"property-desc line-limit-length\">2pcs<\/span><\/li>\n<li class=\"product-prop line-limit-length\"><span class=\"property-title\">LOGO:\u00a0<\/span><span class=\"property-desc line-limit-length\">Customized Logo Acceptable<\/span><\/li>\n<li class=\"product-prop line-limit-length\"><span class=\"property-title\">Fonctionnalit\u00e9 :\u00a0<\/span><span class=\"property-desc line-limit-length\">Easy Operation<\/span><\/li>\n<li class=\"product-prop line-limit-length\"><span class=\"property-title\">Emballage :\u00a0<\/span><span class=\"property-desc line-limit-length\">Bo\u00eete de couleur + carton<\/span><\/li>\n<\/ul>\n<\/div>\n<div class=\"detailmodule_html\">\n<div class=\"detail-desc-decorate-richtext\">\n<p id=\"tl_1\" style=\"text-align: left; color: #434649; font-size: 13px;\">Mon ami, bienvenue dans notre magasin, si vous avez besoin d&#8217;autres mod\u00e8les de ce produit, veuillez me contacter, je vous enverrai le lien du produit pour que vous l&#8217;achetiez! Si vous avez des questions, vous pouvez ajouter mon WhatsApp: + 8619083110464<br \/>\nDescription des produits<br \/>\nNom du produit<br \/>\nFour \u00e9lectrique<br \/>\nMod\u00e8le non.<br \/>\nR.5316<br \/>\nMarque<br \/>\nRAF<br \/>\nCouleur<br \/>\nNoir<br \/>\nMat\u00e9riel<br \/>\nAcier inoxydable<br \/>\nOrigine<br \/>\nChine<br \/>\nQT\u00c9\/CTN<br \/>\n1 pi\u00e8ces\/ctn<br \/>\nPuissance<br \/>\n1700W<br \/>\nTaille du carton<br \/>\n58*44.5*45cm<br \/>\nGarantie<br \/>\n1 ann\u00e9e<br \/>\nPoids du carton<br \/>\n15kg<br \/>\nEmballage<br \/>\nBo\u00eete de couleur + carton<\/p>\n<p><img loading=\"lazy\" decoding=\"async\" style=\"width: 100%; height: auto; vertical-align: middle;\" src=\"https:\/\/ae01.alicdn.com\/kf\/S7888e5d844a7423b890bd6d2082591c2A.jpg?width=1000&amp;height=1000&amp;hash=2000\" width=\"458\" height=\"458\" \/><br \/>\n<img loading=\"lazy\" decoding=\"async\" style=\"width: 100%; height: auto; vertical-align: middle;\" src=\"https:\/\/ae01.alicdn.com\/kf\/S54dffd49a50e49688c9b8a11322f814aL.jpg?width=1000&amp;height=1000&amp;hash=2000\" width=\"458\" height=\"458\" \/><br \/>\n<img loading=\"lazy\" decoding=\"async\" style=\"width: 100%; height: auto; vertical-align: middle;\" src=\"https:\/\/ae01.alicdn.com\/kf\/S41828fdb3ea7451cb080e496dae4d876y.jpg?width=1000&amp;height=1000&amp;hash=2000\" width=\"458\" height=\"458\" \/><br \/>\n<img loading=\"lazy\" decoding=\"async\" style=\"width: 100%; height: auto; vertical-align: middle;\" src=\"https:\/\/ae01.alicdn.com\/kf\/S4ec072131ed345e7bf6e515ecf3ffea9K.jpg?width=1000&amp;height=1000&amp;hash=2000\" width=\"458\" height=\"458\" \/><br \/>\n<img loading=\"lazy\" decoding=\"async\" style=\"width: 100%; height: auto; vertical-align: middle;\" src=\"https:\/\/ae01.alicdn.com\/kf\/Sb6972a57358f4379b7303d21d141ea37b.jpg?width=1000&amp;height=1000&amp;hash=2000\" width=\"458\" height=\"458\" \/><br \/>\n<img loading=\"lazy\" decoding=\"async\" style=\"width: 100%; height: auto; vertical-align: middle;\" src=\"https:\/\/ae01.alicdn.com\/kf\/Sd02ccbb538a545e397742be29a3f9aa9g.jpg?width=1000&amp;height=1000&amp;hash=2000\" width=\"458\" height=\"458\" \/><\/p>\n<p id=\"tl_2\" style=\"text-align: left; color: #434649; font-size: 13px;\">Produits Hotsale<br \/>\nEmballage du produit<\/p>\n<p><img loading=\"lazy\" decoding=\"async\" style=\"width: 100%; height: auto; vertical-align: middle;\" src=\"https:\/\/ae01.alicdn.com\/kf\/S3c055b252d304dfba0fd5869ffad7f12N.jpg?width=1000&amp;height=1000&amp;hash=2000\" width=\"458\" height=\"458\" \/><br \/>\n<a href=\"http:\/\/helmut01.en.alibaba.com\/\" target=\"_blank\" rel=\"noopener\"><img loading=\"lazy\" decoding=\"async\" style=\"width: 100%; height: auto; vertical-align: middle;\" src=\"https:\/\/ae01.alicdn.com\/kf\/Sd17a1850c09b445d868a692cda067bc8r.jpg?width=750&amp;height=715&amp;hash=1465\" width=\"458\" height=\"437\" \/><\/a><\/p>\n<\/div>\n<\/div>","protected":false},"excerpt":{"rendered":"<p>Chimique Hign-concern\u00e9:\u00a0Aucun Nom de marque:\u00a0XMSJ Origine:\u00a0CN (Origine) After-sales Service Provided:\u00a0Free spare parts Operating Language:\u00a0English Application:\u00a0Hotel, Commercial, Household Power Source:\u00a0Electric App-Controlled:\u00a0NO<\/p>","protected":false},"featured_media":2376,"comment_status":"open","ping_status":"closed","template":"","meta":[],"product_brand":[],"product_cat":[20,30],"product_tag":[],"class_list":{"0":"post-2375","1":"product","2":"type-product","3":"status-publish","4":"has-post-thumbnail","6":"product_cat-appliances","7":"product_cat-ovens-refrigeration-appliances","9":"first","10":"instock","11":"sale","12":"shipping-taxable","13":"purchasable","14":"product-type-variable"},"jetpack_sharing_enabled":true,"_links":{"self":[{"href":"https:\/\/afrycom.com\/fr\/wp-json\/wp\/v2\/product\/2375","targetHints":{"allow":["GET"]}}],"collection":[{"href":"https:\/\/afrycom.com\/fr\/wp-json\/wp\/v2\/product"}],"about":[{"href":"https:\/\/afrycom.com\/fr\/wp-json\/wp\/v2\/types\/product"}],"replies":[{"embeddable":true,"href":"https:\/\/afrycom.com\/fr\/wp-json\/wp\/v2\/comments?post=2375"}],"wp:featuredmedia":[{"embeddable":true,"href":"https:\/\/afrycom.com\/fr\/wp-json\/wp\/v2\/media\/2376"}],"wp:attachment":[{"href":"https:\/\/afrycom.com\/fr\/wp-json\/wp\/v2\/media?parent=2375"}],"wp:term":[{"taxonomy":"product_brand","embeddable":true,"href":"https:\/\/afrycom.com\/fr\/wp-json\/wp\/v2\/product_brand?post=2375"},{"taxonomy":"product_cat","embeddable":true,"href":"https:\/\/afrycom.com\/fr\/wp-json\/wp\/v2\/product_cat?post=2375"},{"taxonomy":"product_tag","embeddable":true,"href":"https:\/\/afrycom.com\/fr\/wp-json\/wp\/v2\/product_tag?post=2375"}],"curies":[{"name":"wp","href":"https:\/\/api.w.org\/{rel}","templated":true}]}}