{"id":23705,"date":"2025-06-10T07:30:44","date_gmt":"2025-06-10T07:30:44","guid":{"rendered":"https:\/\/afrycom.com\/product\/%e7%99%bd%e7%81%b0p2%e4%b8%a4%e6%ae%b5%e5%b0%bc%e9%be%99%e9%93%9d%e5%90%88%e9%87%91%e4%b8%89%e8%84%9a%e6%9e%b6%e6%88%b7%e5%a4%96%e5%be%ae%e5%8d%95%e5%8f%8d%e4%be%bf%e6%90%ba%e6%a1%8c%e9%9d%a2%e6%94%af\/"},"modified":"2025-08-12T15:01:57","modified_gmt":"2025-08-12T15:01:57","slug":"trepied-blanc-gris-p2-a-deux-sections-en-alliage-daluminium-et-nylon-trepied-portable-pour-appareil-photo-hybride-ou-reflex-support-de-table-pour-usage-en-exterieur-photographe-chen-wenjian","status":"publish","type":"product","link":"https:\/\/afrycom.com\/fr\/produit\/trepied-blanc-gris-p2-a-deux-sections-en-alliage-daluminium-et-nylon-trepied-portable-pour-appareil-photo-hybride-ou-reflex-support-de-table-pour-usage-en-exterieur-photographe-chen-wenjian\/","title":{"rendered":"Tr\u00e9pied blanc gris P2 \u00e0 deux sections, en alliage d'aluminium et nylon, tr\u00e9pied portable pour appareil photo hybride ou reflex, support de table, pour usage en ext\u00e9rieur, photographe Chen Wenjian"},"content":{"rendered":"","protected":false},"excerpt":{"rendered":"","protected":false},"featured_media":23706,"comment_status":"open","ping_status":"closed","template":"","meta":[],"product_brand":[],"product_cat":[85,5770,5769],"product_tag":[],"class_list":{"0":"post-23705","1":"product","2":"type-product","3":"status-publish","4":"has-post-thumbnail","6":"product_cat-accessories","7":"product_cat-cameras","8":"product_cat-photograhy-accessories","10":"first","11":"instock","12":"shipping-taxable","13":"purchasable","14":"product-type-variable"},"jetpack_sharing_enabled":true,"_links":{"self":[{"href":"https:\/\/afrycom.com\/fr\/wp-json\/wp\/v2\/product\/23705","targetHints":{"allow":["GET"]}}],"collection":[{"href":"https:\/\/afrycom.com\/fr\/wp-json\/wp\/v2\/product"}],"about":[{"href":"https:\/\/afrycom.com\/fr\/wp-json\/wp\/v2\/types\/product"}],"replies":[{"embeddable":true,"href":"https:\/\/afrycom.com\/fr\/wp-json\/wp\/v2\/comments?post=23705"}],"wp:featuredmedia":[{"embeddable":true,"href":"https:\/\/afrycom.com\/fr\/wp-json\/wp\/v2\/media\/23706"}],"wp:attachment":[{"href":"https:\/\/afrycom.com\/fr\/wp-json\/wp\/v2\/media?parent=23705"}],"wp:term":[{"taxonomy":"product_brand","embeddable":true,"href":"https:\/\/afrycom.com\/fr\/wp-json\/wp\/v2\/product_brand?post=23705"},{"taxonomy":"product_cat","embeddable":true,"href":"https:\/\/afrycom.com\/fr\/wp-json\/wp\/v2\/product_cat?post=23705"},{"taxonomy":"product_tag","embeddable":true,"href":"https:\/\/afrycom.com\/fr\/wp-json\/wp\/v2\/product_tag?post=23705"}],"curies":[{"name":"wp","href":"https:\/\/api.w.org\/{rel}","templated":true}]}}