{"id":23669,"date":"2025-06-10T07:29:55","date_gmt":"2025-06-10T07:29:55","guid":{"rendered":"https:\/\/afrycom.com\/product\/%e9%97%aa%e5%85%8bpd100x%e9%ba%a6%e5%85%8b%e9%a3%8e%e6%b8%b8%e6%88%8f%e7%94%b5%e7%ab%9e%e5%8a%a8%e5%9c%88%e7%94%b5%e8%84%91%e5%8f%b0%e5%bc%8f%e4%b8%bb%e6%92%ad%e7%9b%b4%e6%92%ad%e4%b8%93%e7%94%a8\/"},"modified":"2025-08-12T15:04:29","modified_gmt":"2025-08-12T15:04:29","slug":"microphone-shuangke-pd100x-microphone-dynamique-pour-jeux%e7%94%b5%e7%ab%9e-streaming-et-diffusion-en-direct-ideal-pour-les-ordinateurs-de-bureau-micro-specialise-pour-les-streamers-et-lenregist","status":"publish","type":"product","link":"https:\/\/afrycom.com\/fr\/produit\/microphone-shuangke-pd100x-microphone-dynamique-pour-jeux%e7%94%b5%e7%ab%9e-streaming-et-diffusion-en-direct-ideal-pour-les-ordinateurs-de-bureau-micro-specialise-pour-les-streamers-et-lenregist\/","title":{"rendered":"Microphone Shuangke PD100X, microphone dynamique pour jeux\u7535\u7ade, streaming et diffusion en direct, id\u00e9al pour les ordinateurs de bureau, micro sp\u00e9cialis\u00e9 pour les streamers et l'enregistrement, marque Shuangke"},"content":{"rendered":"","protected":false},"excerpt":{"rendered":"","protected":false},"featured_media":23673,"comment_status":"open","ping_status":"closed","template":"","meta":[],"product_brand":[],"product_cat":[5772,5769],"product_tag":[],"class_list":{"0":"post-23669","1":"product","2":"type-product","3":"status-publish","4":"has-post-thumbnail","6":"product_cat-microphones-photograhy-accessories","7":"product_cat-photograhy-accessories","9":"first","10":"instock","11":"shipping-taxable","12":"purchasable","13":"product-type-variable"},"jetpack_sharing_enabled":true,"_links":{"self":[{"href":"https:\/\/afrycom.com\/fr\/wp-json\/wp\/v2\/product\/23669","targetHints":{"allow":["GET"]}}],"collection":[{"href":"https:\/\/afrycom.com\/fr\/wp-json\/wp\/v2\/product"}],"about":[{"href":"https:\/\/afrycom.com\/fr\/wp-json\/wp\/v2\/types\/product"}],"replies":[{"embeddable":true,"href":"https:\/\/afrycom.com\/fr\/wp-json\/wp\/v2\/comments?post=23669"}],"wp:featuredmedia":[{"embeddable":true,"href":"https:\/\/afrycom.com\/fr\/wp-json\/wp\/v2\/media\/23673"}],"wp:attachment":[{"href":"https:\/\/afrycom.com\/fr\/wp-json\/wp\/v2\/media?parent=23669"}],"wp:term":[{"taxonomy":"product_brand","embeddable":true,"href":"https:\/\/afrycom.com\/fr\/wp-json\/wp\/v2\/product_brand?post=23669"},{"taxonomy":"product_cat","embeddable":true,"href":"https:\/\/afrycom.com\/fr\/wp-json\/wp\/v2\/product_cat?post=23669"},{"taxonomy":"product_tag","embeddable":true,"href":"https:\/\/afrycom.com\/fr\/wp-json\/wp\/v2\/product_tag?post=23669"}],"curies":[{"name":"wp","href":"https:\/\/api.w.org\/{rel}","templated":true}]}}