{"id":23570,"date":"2025-06-10T07:29:41","date_gmt":"2025-06-10T07:29:41","guid":{"rendered":"https:\/\/afrycom.com\/product\/%e8%b8%a9%e5%b1%8e%e6%84%9f%e6%8b%96%e9%9e%8b%e7%94%b7%e5%a3%ab%e5%a4%96%e7%a9%bf2025%e6%96%b0%e6%ac%be%e5%a4%8f%e5%ad%a3%e9%98%b2%e6%bb%91%e9%98%b2%e8%87%ad%e8%bf%90%e5%8a%a8%e5%a2%9e%e9%ab%98\/"},"modified":"2025-08-01T04:26:44","modified_gmt":"2025-08-01T04:26:44","slug":"tongs-homme-sensation-pieds-nus-2025-semelle-epaisse-amortie-anti-derapante-et-anti-odeur-ideales-pour-lete-exterieur-et-marche-confortable","status":"publish","type":"product","link":"https:\/\/afrycom.com\/fr\/produit\/tongs-homme-sensation-pieds-nus-2025-semelle-epaisse-amortie-anti-derapante-et-anti-odeur-ideales-pour-lete-exterieur-et-marche-confortable\/","title":{"rendered":"Tongs Homme \"Sensation Pieds Nus\" - 2025, Semelle \u00c9paisse Amortie, Anti-D\u00e9rapante et Anti-Odeur, Id\u00e9ales pour l'\u00c9t\u00e9, Ext\u00e9rieur et Marche Confortable"},"content":{"rendered":"","protected":false},"excerpt":{"rendered":"","protected":false},"featured_media":23571,"comment_status":"open","ping_status":"closed","template":"","meta":[],"product_brand":[],"product_cat":[4994,1450,4984],"product_tag":[],"class_list":{"0":"post-23570","1":"product","2":"type-product","3":"status-publish","4":"has-post-thumbnail","6":"product_cat-flats-confort-shoes","7":"product_cat-mens-section","8":"product_cat-sandals-summers-shoes","10":"first","11":"instock","12":"shipping-taxable","13":"purchasable","14":"product-type-variable"},"jetpack_sharing_enabled":true,"_links":{"self":[{"href":"https:\/\/afrycom.com\/fr\/wp-json\/wp\/v2\/product\/23570","targetHints":{"allow":["GET"]}}],"collection":[{"href":"https:\/\/afrycom.com\/fr\/wp-json\/wp\/v2\/product"}],"about":[{"href":"https:\/\/afrycom.com\/fr\/wp-json\/wp\/v2\/types\/product"}],"replies":[{"embeddable":true,"href":"https:\/\/afrycom.com\/fr\/wp-json\/wp\/v2\/comments?post=23570"}],"wp:featuredmedia":[{"embeddable":true,"href":"https:\/\/afrycom.com\/fr\/wp-json\/wp\/v2\/media\/23571"}],"wp:attachment":[{"href":"https:\/\/afrycom.com\/fr\/wp-json\/wp\/v2\/media?parent=23570"}],"wp:term":[{"taxonomy":"product_brand","embeddable":true,"href":"https:\/\/afrycom.com\/fr\/wp-json\/wp\/v2\/product_brand?post=23570"},{"taxonomy":"product_cat","embeddable":true,"href":"https:\/\/afrycom.com\/fr\/wp-json\/wp\/v2\/product_cat?post=23570"},{"taxonomy":"product_tag","embeddable":true,"href":"https:\/\/afrycom.com\/fr\/wp-json\/wp\/v2\/product_tag?post=23570"}],"curies":[{"name":"wp","href":"https:\/\/api.w.org\/{rel}","templated":true}]}}