{"id":23498,"date":"2025-06-10T07:29:15","date_gmt":"2025-06-10T07:29:15","guid":{"rendered":"https:\/\/afrycom.com\/product\/%e9%a3%9e%e5%88%a9%e6%b5%a6%e5%9b%ba%e6%80%81%e7%a7%bb%e5%8a%a8%e7%a1%ac%e7%9b%981t%e5%ad%98%e5%82%a8ssd%e9%ab%98%e9%80%9f%e7%94%b5%e8%84%91%e6%89%8b%e6%9c%ba512%e7%9b%b8%e6%9c%ba%e5%a4%a7%e5%ae%b9\/"},"modified":"2025-08-12T15:17:46","modified_gmt":"2025-08-12T15:17:46","slug":"philips-etat-solide-disque-dur-externe-1to-stockage-ssd-haute-vitesse-compatible-ordinateur-telephone-appareil-photo-grande-capacite-2to-4to-disque-dur-externe","status":"publish","type":"product","link":"https:\/\/afrycom.com\/fr\/produit\/philips-etat-solide-disque-dur-externe-1to-stockage-ssd-haute-vitesse-compatible-ordinateur-telephone-appareil-photo-grande-capacite-2to-4to-disque-dur-externe\/","title":{"rendered":"Philips \u00e9tat solide disque dur externe 1To stockage SSD haute vitesse, compatible ordinateur, t\u00e9l\u00e9phone, appareil photo, grande capacit\u00e9 2To, 4To, disque dur externe"},"content":{"rendered":"","protected":false},"excerpt":{"rendered":"","protected":false},"featured_media":23500,"comment_status":"open","ping_status":"closed","template":"","meta":[],"product_brand":[],"product_cat":[85,35],"product_tag":[],"class_list":{"0":"post-23498","1":"product","2":"type-product","3":"status-publish","4":"has-post-thumbnail","6":"product_cat-accessories","7":"product_cat-electronics","9":"first","10":"instock","11":"shipping-taxable","12":"purchasable","13":"product-type-variable"},"jetpack_sharing_enabled":true,"_links":{"self":[{"href":"https:\/\/afrycom.com\/fr\/wp-json\/wp\/v2\/product\/23498","targetHints":{"allow":["GET"]}}],"collection":[{"href":"https:\/\/afrycom.com\/fr\/wp-json\/wp\/v2\/product"}],"about":[{"href":"https:\/\/afrycom.com\/fr\/wp-json\/wp\/v2\/types\/product"}],"replies":[{"embeddable":true,"href":"https:\/\/afrycom.com\/fr\/wp-json\/wp\/v2\/comments?post=23498"}],"wp:featuredmedia":[{"embeddable":true,"href":"https:\/\/afrycom.com\/fr\/wp-json\/wp\/v2\/media\/23500"}],"wp:attachment":[{"href":"https:\/\/afrycom.com\/fr\/wp-json\/wp\/v2\/media?parent=23498"}],"wp:term":[{"taxonomy":"product_brand","embeddable":true,"href":"https:\/\/afrycom.com\/fr\/wp-json\/wp\/v2\/product_brand?post=23498"},{"taxonomy":"product_cat","embeddable":true,"href":"https:\/\/afrycom.com\/fr\/wp-json\/wp\/v2\/product_cat?post=23498"},{"taxonomy":"product_tag","embeddable":true,"href":"https:\/\/afrycom.com\/fr\/wp-json\/wp\/v2\/product_tag?post=23498"}],"curies":[{"name":"wp","href":"https:\/\/api.w.org\/{rel}","templated":true}]}}