{"id":23447,"date":"2025-06-10T07:27:57","date_gmt":"2025-06-10T07:27:57","guid":{"rendered":"https:\/\/afrycom.com\/product\/%e5%b0%8f%e7%99%bd%e9%9e%8b%e6%b8%85%e6%b4%81%e5%89%82%e6%b4%97%e9%9e%8b%e5%88%b7%e7%90%83%e9%9e%8b%e7%99%bd%e9%9e%8b%e7%a5%9e%e5%99%a8%e5%8e%bb%e6%b8%8d%e5%85%8d%e6%b4%97%e5%8e%bb%e9%bb%84%e5%8e%bb\/"},"modified":"2025-07-31T14:50:35","modified_gmt":"2025-07-31T14:50:35","slug":"nettoyant-pour-baskets-blanches-kit-complet-avec-brosse-produit-magique-elimine-les-taches-jaune-et-salete-sans-machine-blanchit-et-protege","status":"publish","type":"product","link":"https:\/\/afrycom.com\/fr\/produit\/nettoyant-pour-baskets-blanches-kit-complet-avec-brosse-produit-magique-elimine-les-taches-jaune-et-salete-sans-machine-blanchit-et-protege\/","title":{"rendered":"Nettoyant pour Baskets Blanches - Kit Complet avec Brosse &amp; Produit Magique, \u00c9limine les Taches, Jaune et Salet\u00e9, Sans Machine, Blanchit et Prot\u00e8ge"},"content":{"rendered":"","protected":false},"excerpt":{"rendered":"","protected":false},"featured_media":23448,"comment_status":"open","ping_status":"closed","template":"","meta":[],"product_brand":[],"product_cat":[83,1450],"product_tag":[],"class_list":{"0":"post-23447","1":"product","2":"type-product","3":"status-publish","4":"has-post-thumbnail","6":"product_cat-clothings-shoes","7":"product_cat-mens-section","9":"first","10":"instock","11":"shipping-taxable","12":"purchasable","13":"product-type-variable"},"jetpack_sharing_enabled":true,"_links":{"self":[{"href":"https:\/\/afrycom.com\/fr\/wp-json\/wp\/v2\/product\/23447","targetHints":{"allow":["GET"]}}],"collection":[{"href":"https:\/\/afrycom.com\/fr\/wp-json\/wp\/v2\/product"}],"about":[{"href":"https:\/\/afrycom.com\/fr\/wp-json\/wp\/v2\/types\/product"}],"replies":[{"embeddable":true,"href":"https:\/\/afrycom.com\/fr\/wp-json\/wp\/v2\/comments?post=23447"}],"wp:featuredmedia":[{"embeddable":true,"href":"https:\/\/afrycom.com\/fr\/wp-json\/wp\/v2\/media\/23448"}],"wp:attachment":[{"href":"https:\/\/afrycom.com\/fr\/wp-json\/wp\/v2\/media?parent=23447"}],"wp:term":[{"taxonomy":"product_brand","embeddable":true,"href":"https:\/\/afrycom.com\/fr\/wp-json\/wp\/v2\/product_brand?post=23447"},{"taxonomy":"product_cat","embeddable":true,"href":"https:\/\/afrycom.com\/fr\/wp-json\/wp\/v2\/product_cat?post=23447"},{"taxonomy":"product_tag","embeddable":true,"href":"https:\/\/afrycom.com\/fr\/wp-json\/wp\/v2\/product_tag?post=23447"}],"curies":[{"name":"wp","href":"https:\/\/api.w.org\/{rel}","templated":true}]}}