{"id":23405,"date":"2025-06-10T07:26:49","date_gmt":"2025-06-10T07:26:49","guid":{"rendered":"https:\/\/afrycom.com\/product\/%e5%90%8c%e4%bb%81%e5%a0%82%e9%98%b2%e8%84%b1%e5%8f%91%e8%82%b2%e5%8f%91%e6%b6%b2%e7%94%9f%e5%8f%91%e5%a2%9e%e5%8f%91%e5%af%86%e5%8f%91%e5%9b%ba%e5%8f%91%e9%99%85%e7%ba%bf%e7%a7%83%e9%a1%b6%e7%94%b7\/"},"modified":"2025-07-14T16:12:14","modified_gmt":"2025-07-14T16:12:14","slug":"serum-anti-chute-tongrentang-pour-hommes-souffrant-de-deperissement-capillaire-regule-la-chute-et-stimule-la-pousse","status":"publish","type":"product","link":"https:\/\/afrycom.com\/fr\/produit\/serum-anti-chute-tongrentang-pour-hommes-souffrant-de-deperissement-capillaire-regule-la-chute-et-stimule-la-pousse\/","title":{"rendered":"S\u00e9rum Capillaire Anti-Alop\u00e9cie - Pour Homme et Femme, Effet \u00c9paississant et Revitalisant, Action sur la Racine"},"content":{"rendered":"","protected":false},"excerpt":{"rendered":"","protected":false},"featured_media":23406,"comment_status":"open","ping_status":"closed","template":"","meta":[],"product_brand":[],"product_cat":[4909,4912],"product_tag":[],"class_list":{"0":"post-23405","1":"product","2":"type-product","3":"status-publish","4":"has-post-thumbnail","6":"product_cat-hair-care","7":"product_cat-hair-loss-growth-products","9":"first","10":"instock","11":"shipping-taxable","12":"purchasable","13":"product-type-simple"},"jetpack_sharing_enabled":true,"_links":{"self":[{"href":"https:\/\/afrycom.com\/fr\/wp-json\/wp\/v2\/product\/23405","targetHints":{"allow":["GET"]}}],"collection":[{"href":"https:\/\/afrycom.com\/fr\/wp-json\/wp\/v2\/product"}],"about":[{"href":"https:\/\/afrycom.com\/fr\/wp-json\/wp\/v2\/types\/product"}],"replies":[{"embeddable":true,"href":"https:\/\/afrycom.com\/fr\/wp-json\/wp\/v2\/comments?post=23405"}],"wp:featuredmedia":[{"embeddable":true,"href":"https:\/\/afrycom.com\/fr\/wp-json\/wp\/v2\/media\/23406"}],"wp:attachment":[{"href":"https:\/\/afrycom.com\/fr\/wp-json\/wp\/v2\/media?parent=23405"}],"wp:term":[{"taxonomy":"product_brand","embeddable":true,"href":"https:\/\/afrycom.com\/fr\/wp-json\/wp\/v2\/product_brand?post=23405"},{"taxonomy":"product_cat","embeddable":true,"href":"https:\/\/afrycom.com\/fr\/wp-json\/wp\/v2\/product_cat?post=23405"},{"taxonomy":"product_tag","embeddable":true,"href":"https:\/\/afrycom.com\/fr\/wp-json\/wp\/v2\/product_tag?post=23405"}],"curies":[{"name":"wp","href":"https:\/\/api.w.org\/{rel}","templated":true}]}}