{"id":23323,"date":"2025-06-10T07:25:29","date_gmt":"2025-06-10T07:25:29","guid":{"rendered":"https:\/\/afrycom.com\/product\/24%e9%aa%a8%e9%9b%a8%e4%bc%9e%e9%95%bf%e6%9f%84%e7%94%b7%e5%a4%a7%e5%8f%b7%e5%8f%8c%e4%ba%ba%e8%87%aa%e5%8a%a8%e5%8a%a0%e5%a4%a7%e5%8a%a0%e5%9b%ba%e5%8a%a0%e5%8e%9a%e7%bb%93%e5%ae%9e%e6%8a%97%e9%a3%8e\/"},"modified":"2025-07-07T14:34:10","modified_gmt":"2025-07-07T14:34:10","slug":"grand-parapluie-automatique-resistant-au-vent-et-a-la-pluie-avec-24-nervures-renforcees","status":"publish","type":"product","link":"https:\/\/afrycom.com\/fr\/produit\/grand-parapluie-automatique-resistant-au-vent-et-a-la-pluie-avec-24-nervures-renforcees\/","title":{"rendered":"Grand parapluie automatique r\u00e9sistant au vent et \u00e0 la pluie, avec 24 nervures renforc\u00e9es."},"content":{"rendered":"","protected":false},"excerpt":{"rendered":"","protected":false},"featured_media":23324,"comment_status":"open","ping_status":"closed","template":"","meta":[],"product_brand":[],"product_cat":[45],"product_tag":[],"class_list":{"0":"post-23323","1":"product","2":"type-product","3":"status-publish","4":"has-post-thumbnail","6":"product_cat-home-garden","8":"first","9":"instock","10":"shipping-taxable","11":"purchasable","12":"product-type-variable"},"jetpack_sharing_enabled":true,"_links":{"self":[{"href":"https:\/\/afrycom.com\/fr\/wp-json\/wp\/v2\/product\/23323","targetHints":{"allow":["GET"]}}],"collection":[{"href":"https:\/\/afrycom.com\/fr\/wp-json\/wp\/v2\/product"}],"about":[{"href":"https:\/\/afrycom.com\/fr\/wp-json\/wp\/v2\/types\/product"}],"replies":[{"embeddable":true,"href":"https:\/\/afrycom.com\/fr\/wp-json\/wp\/v2\/comments?post=23323"}],"wp:featuredmedia":[{"embeddable":true,"href":"https:\/\/afrycom.com\/fr\/wp-json\/wp\/v2\/media\/23324"}],"wp:attachment":[{"href":"https:\/\/afrycom.com\/fr\/wp-json\/wp\/v2\/media?parent=23323"}],"wp:term":[{"taxonomy":"product_brand","embeddable":true,"href":"https:\/\/afrycom.com\/fr\/wp-json\/wp\/v2\/product_brand?post=23323"},{"taxonomy":"product_cat","embeddable":true,"href":"https:\/\/afrycom.com\/fr\/wp-json\/wp\/v2\/product_cat?post=23323"},{"taxonomy":"product_tag","embeddable":true,"href":"https:\/\/afrycom.com\/fr\/wp-json\/wp\/v2\/product_tag?post=23323"}],"curies":[{"name":"wp","href":"https:\/\/api.w.org\/{rel}","templated":true}]}}