{"id":23123,"date":"2025-06-10T07:24:23","date_gmt":"2025-06-10T07:24:23","guid":{"rendered":"https:\/\/afrycom.com\/product\/%e4%ba%8c%e6%89%8b%e6%ad%a3%e5%93%81vivo-x50%e5%85%a8%e7%bd%91%e9%80%9a-x30%e6%99%ba%e8%83%bdx27%e5%ae%89%e5%8d%93x21%e4%bd%8e%e4%bb%b7%e6%b8%85%e4%bb%93%e4%be%bf%e5%ae%9c%e5%ad%a6%e7%94%9f%e6%89%8b\/"},"modified":"2025-08-10T09:38:16","modified_gmt":"2025-08-10T09:38:16","slug":"telephone-doccasion-authentique-vivo-x50-x30-x27-x21-tout-reseau-systeme-android-bon-marche-liquidation-a-bas-prix-ideal-pour-etudiants","status":"publish","type":"product","link":"https:\/\/afrycom.com\/fr\/produit\/telephone-doccasion-authentique-vivo-x50-x30-x27-x21-tout-reseau-systeme-android-bon-marche-liquidation-a-bas-prix-ideal-pour-etudiants\/","title":{"rendered":"T\u00e9l\u00e9phone d'occasion, authentique, vivo X50\/X30\/X27\/X21, tout r\u00e9seau, syst\u00e8me Android, bon march\u00e9, liquidation \u00e0 bas prix, id\u00e9al pour \u00e9tudiants"},"content":{"rendered":"","protected":false},"excerpt":{"rendered":"","protected":false},"featured_media":23200,"comment_status":"open","ping_status":"closed","template":"","meta":[],"product_brand":[],"product_cat":[35,4973],"product_tag":[],"class_list":{"0":"post-23123","1":"product","2":"type-product","3":"status-publish","4":"has-post-thumbnail","6":"product_cat-electronics","7":"product_cat-smartphones","9":"first","10":"instock","11":"shipping-taxable","12":"purchasable","13":"product-type-variable"},"jetpack_sharing_enabled":true,"_links":{"self":[{"href":"https:\/\/afrycom.com\/fr\/wp-json\/wp\/v2\/product\/23123","targetHints":{"allow":["GET"]}}],"collection":[{"href":"https:\/\/afrycom.com\/fr\/wp-json\/wp\/v2\/product"}],"about":[{"href":"https:\/\/afrycom.com\/fr\/wp-json\/wp\/v2\/types\/product"}],"replies":[{"embeddable":true,"href":"https:\/\/afrycom.com\/fr\/wp-json\/wp\/v2\/comments?post=23123"}],"wp:featuredmedia":[{"embeddable":true,"href":"https:\/\/afrycom.com\/fr\/wp-json\/wp\/v2\/media\/23200"}],"wp:attachment":[{"href":"https:\/\/afrycom.com\/fr\/wp-json\/wp\/v2\/media?parent=23123"}],"wp:term":[{"taxonomy":"product_brand","embeddable":true,"href":"https:\/\/afrycom.com\/fr\/wp-json\/wp\/v2\/product_brand?post=23123"},{"taxonomy":"product_cat","embeddable":true,"href":"https:\/\/afrycom.com\/fr\/wp-json\/wp\/v2\/product_cat?post=23123"},{"taxonomy":"product_tag","embeddable":true,"href":"https:\/\/afrycom.com\/fr\/wp-json\/wp\/v2\/product_tag?post=23123"}],"curies":[{"name":"wp","href":"https:\/\/api.w.org\/{rel}","templated":true}]}}