{"id":23021,"date":"2025-06-10T07:23:01","date_gmt":"2025-06-10T07:23:01","guid":{"rendered":"https:\/\/afrycom.com\/product\/%e8%93%9d%e7%90%837%e5%8f%b7%e6%ad%a3%e5%93%81%e7%9c%9f%e7%9a%ae%e8%80%90%e7%a3%a8%e6%88%90%e4%ba%ba%e5%ae%a4%e5%a4%96%e6%b0%b4%e6%b3%a5%e5%9c%b0%e8%ae%ad%e7%bb%83%e7%90%83%e6%a0%87%e5%87%86%e7%94%b7\/"},"modified":"2025-07-14T16:08:07","modified_gmt":"2025-07-14T16:08:07","slug":"basket-ball-taille-7-pour-homme-ballon-en-cuir-naturel-resistant-a-lusage-intensif-usage-exterieur-et-salle","status":"publish","type":"product","link":"https:\/\/afrycom.com\/fr\/produit\/basket-ball-taille-7-pour-homme-ballon-en-cuir-naturel-resistant-a-lusage-intensif-usage-exterieur-et-salle\/","title":{"rendered":"Basket-ball Taille 7 pour Adulte - Ballon en Cuir Naturel Renforc\u00e9, Id\u00e9al pour Sol Dur (Ciment, B\u00e9ton)"},"content":{"rendered":"","protected":false},"excerpt":{"rendered":"","protected":false},"featured_media":23022,"comment_status":"open","ping_status":"closed","template":"","meta":[],"product_brand":[],"product_cat":[5750,5745],"product_tag":[],"class_list":{"0":"post-23021","1":"product","2":"type-product","3":"status-publish","4":"has-post-thumbnail","6":"product_cat-basketball","7":"product_cat-team-individual-sports","9":"first","10":"instock","11":"shipping-taxable","12":"purchasable","13":"product-type-variable"},"jetpack_sharing_enabled":true,"_links":{"self":[{"href":"https:\/\/afrycom.com\/fr\/wp-json\/wp\/v2\/product\/23021","targetHints":{"allow":["GET"]}}],"collection":[{"href":"https:\/\/afrycom.com\/fr\/wp-json\/wp\/v2\/product"}],"about":[{"href":"https:\/\/afrycom.com\/fr\/wp-json\/wp\/v2\/types\/product"}],"replies":[{"embeddable":true,"href":"https:\/\/afrycom.com\/fr\/wp-json\/wp\/v2\/comments?post=23021"}],"wp:featuredmedia":[{"embeddable":true,"href":"https:\/\/afrycom.com\/fr\/wp-json\/wp\/v2\/media\/23022"}],"wp:attachment":[{"href":"https:\/\/afrycom.com\/fr\/wp-json\/wp\/v2\/media?parent=23021"}],"wp:term":[{"taxonomy":"product_brand","embeddable":true,"href":"https:\/\/afrycom.com\/fr\/wp-json\/wp\/v2\/product_brand?post=23021"},{"taxonomy":"product_cat","embeddable":true,"href":"https:\/\/afrycom.com\/fr\/wp-json\/wp\/v2\/product_cat?post=23021"},{"taxonomy":"product_tag","embeddable":true,"href":"https:\/\/afrycom.com\/fr\/wp-json\/wp\/v2\/product_tag?post=23021"}],"curies":[{"name":"wp","href":"https:\/\/api.w.org\/{rel}","templated":true}]}}