{"id":2293,"date":"2025-03-08T05:47:57","date_gmt":"2025-03-08T05:47:57","guid":{"rendered":"https:\/\/afrycom.com\/product\/bouteille-deau-portable-de-grande-capacite-pour-enfants-dessin-anime-disney-anime-can-o-stitch-tasse-a-boire-sports-de-plein-air-cadeaux-pour-enfants-750ml\/"},"modified":"2025-03-08T05:48:16","modified_gmt":"2025-03-08T05:48:16","slug":"bouteille-deau-portable-de-grande-capacite-pour-enfants-dessin-anime-disney-anime-can-o-stitch-tasse-a-boire-sports-de-plein-air-cadeaux-pour-enfants-750ml","status":"publish","type":"product","link":"https:\/\/afrycom.com\/fr\/produit\/bouteille-deau-portable-de-grande-capacite-pour-enfants-dessin-anime-disney-anime-can-o-stitch-tasse-a-boire-sports-de-plein-air-cadeaux-pour-enfants-750ml\/","title":{"rendered":"Bouteille d'eau portable de grande capacit\u00e9 pour enfants, dessin anim\u00e9 Disney, Anime, CAN o Stitch, tasse \u00e0 boire, sports de plein air, cadeaux pour enfants, 750ml"},"content":{"rendered":"<div class=\"product-specs-list-container\">\n<ul class=\"product-specs-list util-clearfix\">\n<li class=\"product-prop line-limit-length\"><span class=\"property-title\">Chimique Hign-concern\u00e9 :\u00a0<\/span><span class=\"property-desc line-limit-length\">Aucun<\/span><\/li>\n<li class=\"product-prop line-limit-length\"><span class=\"property-title\">ACG Nom :\u00a0<\/span><span class=\"property-desc line-limit-length\">Lilo &amp; Stitch<\/span><\/li>\n<li class=\"product-prop line-limit-length\"><span class=\"property-title\">Paquet original :\u00a0<\/span><span class=\"property-desc line-limit-length\">non<\/span><\/li>\n<li class=\"product-prop line-limit-length\"><span class=\"property-title\">T\u00e9l\u00e9commande :\u00a0<\/span><span class=\"property-desc line-limit-length\">Pas de<\/span><\/li>\n<li class=\"product-prop line-limit-length\"><span class=\"property-title\">\u00c9tat :\u00a0<\/span><span class=\"property-desc line-limit-length\">Articles en stock<\/span><\/li>\n<li class=\"product-prop line-limit-length\"><span class=\"property-title\">Type de version :\u00a0<\/span><span class=\"property-desc line-limit-length\">Premi\u00e8re \u00e9dition<\/span><\/li>\n<li class=\"product-prop line-limit-length\"><span class=\"property-title\">Avertissement :\u00a0<\/span><span class=\"property-desc line-limit-length\">NON<\/span><\/li>\n<li class=\"product-prop line-limit-length\"><span class=\"property-title\">Attribut du produit :\u00a0<\/span><span class=\"property-desc line-limit-length\">P\u00e9riph\u00e9riques<\/span><\/li>\n<li class=\"product-prop line-limit-length\"><span class=\"property-title\">Dipl\u00f4me d'ach\u00e8vement :\u00a0<\/span><span class=\"property-desc line-limit-length\">Produits finis<\/span><\/li>\n<li class=\"product-prop line-limit-length\"><span class=\"property-title\">Sexe :\u00a0<\/span><span class=\"property-desc line-limit-length\">Unisexe<\/span><\/li>\n<li class=\"product-prop line-limit-length\"><span class=\"property-title\">Th\u00e8me :\u00a0<\/span><span class=\"property-desc line-limit-length\">Film et t\u00e9l\u00e9vision<\/span><\/li>\n<li class=\"product-prop line-limit-length\"><span class=\"property-title\">Par source d'animation :\u00a0<\/span><span class=\"property-desc line-limit-length\">Animation occidentale<\/span><\/li>\n<li class=\"product-prop line-limit-length\"><span class=\"property-title\">Type d'article :\u00a0<\/span><span class=\"property-desc line-limit-length\">Articles m\u00e9nagers de dessins anim\u00e9s<\/span><\/li>\n<li class=\"product-prop line-limit-length\"><span class=\"property-title\">Num\u00e9ro de la s\u00e9rie Mfg :\u00a0<\/span><span class=\"property-desc line-limit-length\">Cuisine \/ Salle \u00e0 manger<\/span><\/li>\n<li class=\"product-prop line-limit-length\"><span class=\"property-title\">Nom de marque :\u00a0<\/span><span class=\"property-desc line-limit-length\">MINISO<\/span><\/li>\n<li class=\"product-prop line-limit-length\"><span class=\"property-title\">Origine :\u00a0<\/span><span class=\"property-desc line-limit-length\">CN (Origine)<\/span><\/li>\n<li class=\"product-prop line-limit-length\"><span class=\"property-title\">Recommande L'\u00e2ge :\u00a0<\/span><span class=\"property-desc line-limit-length\">14 + y<\/span><\/li>\n<li class=\"product-prop line-limit-length\"><span class=\"property-title\">A :\u00a0<\/span><span class=\"property-desc line-limit-length\">Cadeaux de No\u00ebl<\/span><\/li>\n<li class=\"product-prop line-limit-length\"><span class=\"property-title\">B :\u00a0<\/span><span class=\"property-desc line-limit-length\">Cadeau du Nouvel An<\/span><\/li>\n<li class=\"product-prop line-limit-length\"><span class=\"property-title\">C :\u00a0<\/span><span class=\"property-desc line-limit-length\">Cadeau de papa<\/span><\/li>\n<li class=\"product-prop line-limit-length\"><span class=\"property-title\">D :\u00a0<\/span><span class=\"property-desc line-limit-length\">Cadeau de maman<\/span><\/li>\n<li class=\"product-prop line-limit-length\"><span class=\"property-title\">E :\u00a0<\/span><span class=\"property-desc line-limit-length\">Cadeau d'un ami<\/span><\/li>\n<li class=\"product-prop line-limit-length\"><span class=\"property-title\">F :\u00a0<\/span><span class=\"property-desc line-limit-length\">Cadeaux pour enfants<\/span><\/li>\n<li class=\"product-prop line-limit-length\"><span class=\"property-title\">G :\u00a0<\/span><span class=\"property-desc line-limit-length\">Cadeau de l'\u00e9tudiant<\/span><\/li>\n<li class=\"product-prop line-limit-length\"><span class=\"property-title\">H :\u00a0<\/span><span class=\"property-desc line-limit-length\">Cadeaux pour enfants<\/span><\/li>\n<li class=\"product-prop line-limit-length\"><span class=\"property-title\">I :\u00a0<\/span><span class=\"property-desc line-limit-length\">Cadeau pour gar\u00e7on<\/span><\/li>\n<li class=\"product-prop line-limit-length\"><span class=\"property-title\">J :\u00a0<\/span><span class=\"property-desc line-limit-length\">Cadeau pour fille<\/span><\/li>\n<li class=\"product-prop line-limit-length\"><span class=\"property-title\">Mat\u00e9riau du couvercle de la tasse :\u00a0<\/span><span class=\"property-desc line-limit-length\">PP<\/span><\/li>\n<li class=\"product-prop line-limit-length\"><span class=\"property-title\">Mat\u00e9riau du corps de la tasse :\u00a0<\/span><span class=\"property-desc line-limit-length\">PC<\/span><\/li>\n<\/ul>\n<\/div>\n<div class=\"detailmodule_html\">\n<div class=\"detail-desc-decorate-richtext\">\n<div class=\"detailmodule_dynamic\">\u00a0<\/div>\n<div style=\"text-align: center;\" align=\"center\"><span style=\"font-size: 20px;\"><strong><span id=\"tl_1\" style=\"color: #ff0000;\">Personnalisation : images personnalisables. Personnalisation \u00e0 partir de 1pc. Veuillez contacter le service client pour la personnalisation.<\/span><\/strong><\/span><\/div>\n<div id=\"tl_2\">Taille : Taille unique<\/p>\n<p>Hauteur : 26cm,<\/p>\n<p>Largeur : 7cm<\/p>\n<p>Capacit\u00e9 : 750ML<\/p>\n<p>Mat\u00e9riel : Corps de tasse PC, couvercle de tasse PP, silicone de paille<\/p>\n<p>\u00c9tiquette principale : Oui<\/p>\n<p>L'emballage comprend :<\/p>\n<p>1 x bouteille d'eau<\/p>\n<p>Remarque : Veuillez accepter des diff\u00e9rences de 1 \u00e0 3 cm en raison de la mesure manuelle.<\/p>\n<p><img decoding=\"async\" src=\"https:\/\/ae01.alicdn.com\/kf\/S35473d17f97b4d14a4bdf5d874f0208as.jpg\" \/><\/p>\n<\/div>\n<p style=\"font-size: 14px; line-height: inherit; color: #222222; margin: 0px; padding: 0px; box-sizing: border-box;\"><img decoding=\"async\" src=\"https:\/\/ae01.alicdn.com\/kf\/S2c36fa0f6d67469496ddbec78b4c118ac.png\" \/><br \/><img decoding=\"async\" src=\"https:\/\/ae01.alicdn.com\/kf\/S7db1478b75524b44926e7e6a63b1582ch.jpg\" \/><br \/><img decoding=\"async\" src=\"https:\/\/ae01.alicdn.com\/kf\/S847cc138b1c3468380509e034ad37558n.jpg\" \/><br \/><img decoding=\"async\" src=\"https:\/\/ae01.alicdn.com\/kf\/Sf80191d9ef304a52956648a2a7bcf9f3N.jpg\" \/><br \/><img decoding=\"async\" src=\"https:\/\/ae01.alicdn.com\/kf\/S33253e4ff3574552a173ada35c1ed21bb.jpg\" \/><br \/><img decoding=\"async\" src=\"https:\/\/ae01.alicdn.com\/kf\/Sbd4b12ba17e4465d9810801fa1d70bff1.jpg\" \/><br \/><img decoding=\"async\" src=\"https:\/\/ae01.alicdn.com\/kf\/S1888911af63a4c0bb958e6161aa321883.jpg\" \/><br \/><img decoding=\"async\" src=\"https:\/\/ae01.alicdn.com\/kf\/S1e87d7be9945474b8179d939b0f3f92bl.jpg\" \/><\/p>\n<p><span id=\"tl_3\">\u00c0 propos du paiement<\/span><\/p>\n<p id=\"tl_4\" style=\"font-size: 14px; line-height: inherit; color: #222222; margin: 0px; padding: 0px; box-sizing: border-box;\">1. Le paiement int\u00e9gral doit \u00eatre effectu\u00e9 dans les 7 jours au moment de la commande.<\/p>\n<p id=\"tl_5\" style=\"font-size: 14px; line-height: inherit; color: #222222; margin: 0px; padding: 0px; box-sizing: border-box;\">2. L'acheteur est responsable de toute taxe et\/ou droit factur\u00e9 par son propre pays.<\/p>\n<p id=\"tl_6\" style=\"font-size: 14px; line-height: inherit; color: #222222; margin: 0px; padding: 0px; box-sizing: border-box;\">3. M\u00e9thodes de paiement accept\u00e9es :<\/p>\n<p id=\"tl_7\" style=\"font-size: 14px; line-height: inherit; color: #222222; margin: 0px; padding: 0px; box-sizing: border-box;\">Actuellement, vous pouvez payer par Visa, MasterCard, Western Union, Qiwi et virement bancaire. Plus d'options de paiement seront disponibles sur AliExpress \u00e0 l'avenir.<\/p>\n<p>\u00a0<\/p>\n<h2 style=\"font-size: 20px; line-height: 30px; color: #222222; margin: 0px; padding: 0px; box-sizing: border-box;\"><span id=\"tl_8\">Exp\u00e9dition et livraison<\/span><\/h2>\n<p id=\"tl_9\" style=\"font-size: 14px; line-height: inherit; color: #222222; margin: 0px; padding: 0px; box-sizing: border-box;\">1. Les commandes seront envoy\u00e9es dans les 2-5 jours apr\u00e8s r\u00e9ception du paiement, normalement il faut 15-30 jours pour arriver.<\/p>\n<p id=\"tl_10\" style=\"font-size: 14px; line-height: inherit; color: #222222; margin: 0px; padding: 0px; box-sizing: border-box;\">2. Veuillez nous demander de l'aide lorsque vous avez quelque chose \u00e0 changer, mais une fois la commande envoy\u00e9e, rien ne peut plus \u00eatre chang\u00e9.<\/p>\n<p id=\"tl_11\" style=\"font-size: 14px; line-height: inherit; color: #222222; margin: 0px; padding: 0px; box-sizing: border-box;\">3. Le transport international prend beaucoup de temps, veuillez \u00eatre patient,<\/p>\n<p id=\"tl_12\" style=\"font-size: 14px; line-height: inherit; color: #222222; margin: 0px; padding: 0px; box-sizing: border-box;\">Vous pouvez nous contacter \u00e0 tout moment (sauf le dimanche et les jours f\u00e9ri\u00e9s)<\/p>\n<p id=\"tl_13\" style=\"font-size: 14px; line-height: inherit; color: #222222; margin: 0px; padding: 0px; box-sizing: border-box;\">Le colis peut \u00eatre endommag\u00e9 accidentellement, y compris l'aplatissement, d\u00e9form\u00e9, m\u00eame perdu, veuillez comprendre<\/p>\n<p id=\"tl_14\" style=\"font-size: 14px; line-height: inherit; color: #222222; margin: 0px; padding: 0px; box-sizing: border-box;\">Si vous ne recevez pas votre colis, ou s'il est endommag\u00e9, ou si vous recevez des produits d\u00e9fectueux, veuillez nous contacter et nous fournir des photos comme preuve \u00e0 v\u00e9rifier,<\/p>\n<p id=\"tl_15\" style=\"font-size: 14px; line-height: inherit; color: #222222; margin: 0px; padding: 0px; box-sizing: border-box;\">Nous vous donnerons une solution satisfaisante, ne vous inqui\u00e9tez pas.<\/p>\n<div style=\"font-size: 14px; color: #222222; margin: 0px; padding: 0px; box-sizing: content-box;\">\u00a0<\/div>\n<h2 id=\"tl_16\" style=\"font-size: 20px; line-height: 30px; color: #222222; margin: 0px; padding: 0px; box-sizing: border-box;\">Laisser un commentaire<\/h2>\n<p id=\"tl_17\" style=\"font-size: 14px; line-height: inherit; color: #222222; margin: 0px; padding: 0px; box-sizing: border-box;\">D\u00e9crivez l'histoire de votre marque, y compris les \u00e9ch\u00e9anciers d'\u00e9tablissement et de d\u00e9veloppement, les jalons, etc.<\/p>\n<div><img decoding=\"async\" src=\"https:\/\/ae01.alicdn.com\/kf\/S66936aa9aa7f4bc99cc4cde5d42a086aN.jpg\" \/><\/p>\n<p><img decoding=\"async\" src=\"https:\/\/ae01.alicdn.com\/kf\/S7efe3c8df4464bfba9dc8d4be6ba5566z.jpg\" \/><\/div>\n<p>\u00a0<\/p>\n<\/div>\n<\/div>","protected":false},"excerpt":{"rendered":"<p>Chimique Hign-concern\u00e9:\u00a0Aucun ACG Nom:\u00a0Lilo &amp; Stitch Paquet original:\u00a0no T\u00e9l\u00e9commande:\u00a0Pas de Condition:\u00a0Articles en stock Type de version:\u00a0Premi\u00e8re \u00e9dition Avertissement:\u00a0NO Attribut du<\/p>","protected":false},"featured_media":2294,"comment_status":"open","ping_status":"closed","template":"","meta":[],"product_brand":[],"product_cat":[15],"product_tag":[],"class_list":{"0":"post-2293","1":"product","2":"type-product","3":"status-publish","4":"has-post-thumbnail","6":"product_cat-uncategorized","8":"first","9":"instock","10":"shipping-taxable","11":"purchasable","12":"product-type-variable"},"jetpack_sharing_enabled":true,"_links":{"self":[{"href":"https:\/\/afrycom.com\/fr\/wp-json\/wp\/v2\/product\/2293","targetHints":{"allow":["GET"]}}],"collection":[{"href":"https:\/\/afrycom.com\/fr\/wp-json\/wp\/v2\/product"}],"about":[{"href":"https:\/\/afrycom.com\/fr\/wp-json\/wp\/v2\/types\/product"}],"replies":[{"embeddable":true,"href":"https:\/\/afrycom.com\/fr\/wp-json\/wp\/v2\/comments?post=2293"}],"wp:featuredmedia":[{"embeddable":true,"href":"https:\/\/afrycom.com\/fr\/wp-json\/wp\/v2\/media\/2294"}],"wp:attachment":[{"href":"https:\/\/afrycom.com\/fr\/wp-json\/wp\/v2\/media?parent=2293"}],"wp:term":[{"taxonomy":"product_brand","embeddable":true,"href":"https:\/\/afrycom.com\/fr\/wp-json\/wp\/v2\/product_brand?post=2293"},{"taxonomy":"product_cat","embeddable":true,"href":"https:\/\/afrycom.com\/fr\/wp-json\/wp\/v2\/product_cat?post=2293"},{"taxonomy":"product_tag","embeddable":true,"href":"https:\/\/afrycom.com\/fr\/wp-json\/wp\/v2\/product_tag?post=2293"}],"curies":[{"name":"wp","href":"https:\/\/api.w.org\/{rel}","templated":true}]}}