{"id":22841,"date":"2025-05-29T16:26:30","date_gmt":"2025-05-29T16:26:30","guid":{"rendered":"https:\/\/afrycom.com\/product\/godox%e7%a5%9e%e7%89%9blc500-lc500r-mini%e8%a1%a5%e5%85%89%e7%81%afled%e6%89%8b%e6%8c%81%e6%a3%92%e7%81%af%e5%85%a8%e5%bd%a9%e7%9b%b4%e6%92%ad%e7%81%af%e5%85%89%e4%b8%93%e7%94%a8%e8%a7%86%e9%a2%91\/"},"modified":"2025-07-31T14:53:01","modified_gmt":"2025-07-31T14:53:01","slug":"godox-lc500-lc500r-mini-lampe-led-rgb-portable-eclairage-continu-reglable-ideale-pour-streaming-video-photo-en-exterieur-vlog-nuit-portrait","status":"publish","type":"product","link":"https:\/\/afrycom.com\/fr\/produit\/godox-lc500-lc500r-mini-lampe-led-rgb-portable-eclairage-continu-reglable-ideale-pour-streaming-video-photo-en-exterieur-vlog-nuit-portrait\/","title":{"rendered":"Godox LC500 \/ LC500R - Mini Lampe LED RGB Portable, \u00c9clairage Continu R\u00e9glable, Id\u00e9ale pour Streaming, Vid\u00e9o, Photo en Ext\u00e9rieur, Vlog, Nuit &amp; Portrait"},"content":{"rendered":"","protected":false},"excerpt":{"rendered":"","protected":false},"featured_media":22842,"comment_status":"open","ping_status":"closed","template":"","meta":[],"product_brand":[],"product_cat":[35,5769,4692,5771],"product_tag":[],"class_list":{"0":"post-22841","1":"product","2":"type-product","3":"status-publish","4":"has-post-thumbnail","6":"product_cat-electronics","7":"product_cat-photograhy-accessories","8":"product_cat-studio-lights","9":"product_cat-studio-lights-photograhy-accessories","11":"first","12":"instock","13":"shipping-taxable","14":"purchasable","15":"product-type-variable"},"jetpack_sharing_enabled":true,"_links":{"self":[{"href":"https:\/\/afrycom.com\/fr\/wp-json\/wp\/v2\/product\/22841","targetHints":{"allow":["GET"]}}],"collection":[{"href":"https:\/\/afrycom.com\/fr\/wp-json\/wp\/v2\/product"}],"about":[{"href":"https:\/\/afrycom.com\/fr\/wp-json\/wp\/v2\/types\/product"}],"replies":[{"embeddable":true,"href":"https:\/\/afrycom.com\/fr\/wp-json\/wp\/v2\/comments?post=22841"}],"wp:featuredmedia":[{"embeddable":true,"href":"https:\/\/afrycom.com\/fr\/wp-json\/wp\/v2\/media\/22842"}],"wp:attachment":[{"href":"https:\/\/afrycom.com\/fr\/wp-json\/wp\/v2\/media?parent=22841"}],"wp:term":[{"taxonomy":"product_brand","embeddable":true,"href":"https:\/\/afrycom.com\/fr\/wp-json\/wp\/v2\/product_brand?post=22841"},{"taxonomy":"product_cat","embeddable":true,"href":"https:\/\/afrycom.com\/fr\/wp-json\/wp\/v2\/product_cat?post=22841"},{"taxonomy":"product_tag","embeddable":true,"href":"https:\/\/afrycom.com\/fr\/wp-json\/wp\/v2\/product_tag?post=22841"}],"curies":[{"name":"wp","href":"https:\/\/api.w.org\/{rel}","templated":true}]}}