{"id":22835,"date":"2025-05-29T16:25:03","date_gmt":"2025-05-29T16:25:03","guid":{"rendered":"https:\/\/afrycom.com\/product\/%e4%b8%ad%e9%97%bd%e5%bc%98%e6%b3%b0%e6%ad%a3%e5%ae%97%e5%ae%89%e6%ba%aa%e9%93%81%e8%a7%82%e9%9f%b3%e5%85%b0%e8%8a%b1%e9%a6%99%e7%89%b9%e7%ba%a7%e6%b5%93%e9%a6%99%e5%9e%8b2024%e6%96%b0%e7%a7%8b\/"},"modified":"2025-07-31T14:56:03","modified_gmt":"2025-07-31T14:56:03","slug":"the-oolong-anxi-tieguanyin-2024-the-authentique-de-chine-parfum-de-fleur-dorchidee-saveur-forte-et-aromatique-500g-marque-zhongmin-hongtai-nouvelle-recolte-da","status":"publish","type":"product","link":"https:\/\/afrycom.com\/fr\/produit\/the-oolong-anxi-tieguanyin-2024-the-authentique-de-chine-parfum-de-fleur-dorchidee-saveur-forte-et-aromatique-500g-marque-zhongmin-hongtai-nouvelle-recolte-da\/","title":{"rendered":"Th\u00e9 Oolong Anxi Tieguanyin 2024 - Th\u00e9 Authentique de Chine, Parfum de Fleur d'Orchid\u00e9e, Saveur Forte et Aromatique, 500g - Marque Zhongmin Hongtai, Nouvelle R\u00e9colte d'Automne"},"content":{"rendered":"","protected":false},"excerpt":{"rendered":"","protected":false},"featured_media":22836,"comment_status":"open","ping_status":"closed","template":"","meta":[],"product_brand":[],"product_cat":[1839],"product_tag":[],"class_list":{"0":"post-22835","1":"product","2":"type-product","3":"status-publish","4":"has-post-thumbnail","6":"product_cat-tea-coffee","8":"first","9":"instock","10":"shipping-taxable","11":"purchasable","12":"product-type-simple"},"jetpack_sharing_enabled":true,"_links":{"self":[{"href":"https:\/\/afrycom.com\/fr\/wp-json\/wp\/v2\/product\/22835","targetHints":{"allow":["GET"]}}],"collection":[{"href":"https:\/\/afrycom.com\/fr\/wp-json\/wp\/v2\/product"}],"about":[{"href":"https:\/\/afrycom.com\/fr\/wp-json\/wp\/v2\/types\/product"}],"replies":[{"embeddable":true,"href":"https:\/\/afrycom.com\/fr\/wp-json\/wp\/v2\/comments?post=22835"}],"wp:featuredmedia":[{"embeddable":true,"href":"https:\/\/afrycom.com\/fr\/wp-json\/wp\/v2\/media\/22836"}],"wp:attachment":[{"href":"https:\/\/afrycom.com\/fr\/wp-json\/wp\/v2\/media?parent=22835"}],"wp:term":[{"taxonomy":"product_brand","embeddable":true,"href":"https:\/\/afrycom.com\/fr\/wp-json\/wp\/v2\/product_brand?post=22835"},{"taxonomy":"product_cat","embeddable":true,"href":"https:\/\/afrycom.com\/fr\/wp-json\/wp\/v2\/product_cat?post=22835"},{"taxonomy":"product_tag","embeddable":true,"href":"https:\/\/afrycom.com\/fr\/wp-json\/wp\/v2\/product_tag?post=22835"}],"curies":[{"name":"wp","href":"https:\/\/api.w.org\/{rel}","templated":true}]}}