{"id":22825,"date":"2025-05-29T16:24:21","date_gmt":"2025-05-29T16:24:21","guid":{"rendered":"https:\/\/afrycom.com\/product\/%e5%b2%a9%e5%8f%8b%e4%bc%9a%e6%ad%a6%e5%a4%b7%e5%b2%a9%e8%8c%b6%e5%a4%a7%e7%ba%a2%e8%a2%8d%e8%8c%b6%e5%8f%b62024%e6%96%b0%e8%8c%b6%e5%ae%98%e6%96%b9%e6%97%97%e8%88%b0%e5%ba%97%e6%ad%a6%e5%a4%b7\/"},"modified":"2025-07-31T14:54:57","modified_gmt":"2025-07-31T14:54:57","slug":"da-hong-pao-2024-the-oolong-wuyi-rock-tea-original-the-de-wuyi-shan-en-sachets-individuels-arome-robuste-et-fume-ideal-pour-cadeau-ou-degustation","status":"publish","type":"product","link":"https:\/\/afrycom.com\/fr\/produit\/da-hong-pao-2024-the-oolong-wuyi-rock-tea-original-the-de-wuyi-shan-en-sachets-individuels-arome-robuste-et-fume-ideal-pour-cadeau-ou-degustation\/","title":{"rendered":"Da Hong Pao 2024 - Th\u00e9 Oolong Wuyi Rock Tea Original, Th\u00e9 de Wuyi Shan en Sachets Individuels, Ar\u00f4me Robuste et Fum\u00e9, Id\u00e9al pour Cadeau ou D\u00e9gustation"},"content":{"rendered":"","protected":false},"excerpt":{"rendered":"","protected":false},"featured_media":22826,"comment_status":"open","ping_status":"closed","template":"","meta":[],"product_brand":[],"product_cat":[1839],"product_tag":[],"class_list":{"0":"post-22825","1":"product","2":"type-product","3":"status-publish","4":"has-post-thumbnail","6":"product_cat-tea-coffee","8":"first","9":"instock","10":"shipping-taxable","11":"purchasable","12":"product-type-variable"},"jetpack_sharing_enabled":true,"_links":{"self":[{"href":"https:\/\/afrycom.com\/fr\/wp-json\/wp\/v2\/product\/22825","targetHints":{"allow":["GET"]}}],"collection":[{"href":"https:\/\/afrycom.com\/fr\/wp-json\/wp\/v2\/product"}],"about":[{"href":"https:\/\/afrycom.com\/fr\/wp-json\/wp\/v2\/types\/product"}],"replies":[{"embeddable":true,"href":"https:\/\/afrycom.com\/fr\/wp-json\/wp\/v2\/comments?post=22825"}],"wp:featuredmedia":[{"embeddable":true,"href":"https:\/\/afrycom.com\/fr\/wp-json\/wp\/v2\/media\/22826"}],"wp:attachment":[{"href":"https:\/\/afrycom.com\/fr\/wp-json\/wp\/v2\/media?parent=22825"}],"wp:term":[{"taxonomy":"product_brand","embeddable":true,"href":"https:\/\/afrycom.com\/fr\/wp-json\/wp\/v2\/product_brand?post=22825"},{"taxonomy":"product_cat","embeddable":true,"href":"https:\/\/afrycom.com\/fr\/wp-json\/wp\/v2\/product_cat?post=22825"},{"taxonomy":"product_tag","embeddable":true,"href":"https:\/\/afrycom.com\/fr\/wp-json\/wp\/v2\/product_tag?post=22825"}],"curies":[{"name":"wp","href":"https:\/\/api.w.org\/{rel}","templated":true}]}}