{"id":2272,"date":"2025-03-08T05:47:48","date_gmt":"2025-03-08T05:47:48","guid":{"rendered":"https:\/\/afrycom.com\/product\/tasse-a-vide-en-acier-inoxydable-304-avec-poignee-et-paille-dextraction-a-vide-pour-exterieur-de-voiture-bouteille-deau-tasses-chaudes-et-froides-grande-capacite-40oz\/"},"modified":"2025-03-08T05:47:55","modified_gmt":"2025-03-08T05:47:55","slug":"tasse-a-vide-en-acier-inoxydable-304-avec-poignee-et-paille-dextraction-a-vide-pour-exterieur-de-voiture-bouteille-deau-tasses-chaudes-et-froides-grande-capacite-40oz","status":"publish","type":"product","link":"https:\/\/afrycom.com\/fr\/produit\/tasse-a-vide-en-acier-inoxydable-304-avec-poignee-et-paille-dextraction-a-vide-pour-exterieur-de-voiture-bouteille-deau-tasses-chaudes-et-froides-grande-capacite-40oz\/","title":{"rendered":"Tasse \u00e0 vide en acier inoxydable 304 avec poign\u00e9e et paille, d'extraction \u00e0 vide pour ext\u00e9rieur de voiture, bouteille d'eau, tasses chaudes et froides, grande capacit\u00e9, 40oz"},"content":{"rendered":"<div class=\"product-specs-list-container\">\n<ul class=\"product-specs-list util-clearfix\">\n<li class=\"product-prop line-limit-length\"><span class=\"property-title\">Chimique Hign-concern\u00e9 :\u00a0<\/span><span class=\"property-desc line-limit-length\">Aucun<\/span><\/li>\n<li class=\"product-prop line-limit-length\"><span class=\"property-title\">Caract\u00e9ristique :\u00a0<\/span><span class=\"property-desc line-limit-length\">PORTABLE,Grande capacit\u00e9<\/span><\/li>\n<li class=\"product-prop line-limit-length\"><span class=\"property-title\">Mat\u00e9riel du thermos :\u00a0<\/span><span class=\"property-desc line-limit-length\">Acier inoxydable<\/span><\/li>\n<li class=\"product-prop line-limit-length\"><span class=\"property-title\">Type de bouteille :\u00a0<\/span><span class=\"property-desc line-limit-length\">Normal<\/span><\/li>\n<li class=\"product-prop line-limit-length\"><span class=\"property-title\">Mat\u00e9riau de rev\u00eatement en verre :\u00a0<\/span><span class=\"property-desc line-limit-length\">Acier inoxydable<\/span><\/li>\n<li class=\"product-prop line-limit-length\"><span class=\"property-title\">Num\u00e9ro de Mod\u00e8le :\u00a0<\/span><span class=\"property-desc line-limit-length\">TH-02<\/span><\/li>\n<li class=\"product-prop line-limit-length\"><span class=\"property-title\">Forme :\u00a0<\/span><span class=\"property-desc line-limit-length\">Coupe droite<\/span><\/li>\n<li class=\"product-prop line-limit-length\"><span class=\"property-title\">Mat\u00e9riau :\u00a0<\/span><span class=\"property-desc line-limit-length\">Acier inoxydable<\/span><\/li>\n<li class=\"product-prop line-limit-length\"><span class=\"property-title\">Production :\u00a0<\/span><span class=\"property-desc line-limit-length\">Flacons d'aspirateur<\/span><\/li>\n<li class=\"product-prop line-limit-length\"><span class=\"property-title\">Performance de l'isolation thermique :\u00a0<\/span><span class=\"property-desc line-limit-length\">6 \u00e0 12 heures<\/span><\/li>\n<li class=\"product-prop line-limit-length\"><span class=\"property-title\">Type de m\u00e9tal :\u00a0<\/span><span class=\"property-desc line-limit-length\">Acier inoxydable<\/span><\/li>\n<li class=\"product-prop line-limit-length\"><span class=\"property-title\">Origine :\u00a0<\/span><span class=\"property-desc line-limit-length\">CN (Origine)<\/span><\/li>\n<li class=\"product-prop line-limit-length\"><span class=\"property-title\">Type d'ustensiles de boisson :\u00a0<\/span><span class=\"property-desc line-limit-length\">Bouteilles thermos &amp; thermos<\/span><\/li>\n<\/ul>\n<\/div>\n<div class=\"detailmodule_html\">\n<div class=\"detail-desc-decorate-richtext\">\n<div>\n<p class=\"detail-desc-decorate-content\" style=\"font-family: OpenSans; font-size: 14px; font-weight: 300; line-height: 20px; white-space: pre-wrap; color: #000000; margin-bottom: 12px;\"><span style=\"font-family: 'comic sans ms', cursive;\"><strong id=\"tl_1\">Tasse de 40oz avec poign\u00e9e Caf\u00e9 Gobelet isol\u00e9 Paille en acier inoxydable Tasse \u00e0 caf\u00e9 Termos Flacons sous vide pour voiture Bouteille d&#8217;eau portable<\/strong><\/span><\/p>\n<\/div>\n<div>\n<p class=\"detail-desc-decorate-title\" style=\"font-family: OpenSans; font-size: 20px; font-weight: 900; line-height: 28px; white-space: pre-wrap; color: #000000; margin-bottom: 12px;\"><span style=\"font-family: 'comic sans ms', cursive;\"><strong id=\"tl_2\">Caract\u00e9ristiques<\/strong><\/span><\/p>\n<p class=\"detail-desc-decorate-content\" style=\"font-family: OpenSans; font-size: 14px; font-weight: 300; line-height: 20px; white-space: pre-wrap; color: #000000; margin-bottom: 12px;\"><span style=\"font-family: 'comic sans ms', cursive;\"><strong id=\"tl_3\">\u25cf Cette bouteille d&#8217;eau isol\u00e9e sous vide passe au lave-vaisselle! <br \/>\u25cf Le rev\u00eatement en poudre antid\u00e9rapant ne transpirera pas! <br \/>\u25cf Ces bouteilles d&#8217;eau en acier inoxydable gardent les boissons les plus froides glac\u00e9es et les boissons chaudes chaudes pendant des heures! <br \/>\u25cf La bouteille d&#8217;eau r\u00e9utilisable est sans BPA, sans phtalate et en acier inoxydable! <br \/>\u25cf Convient aux porte-gobelets de voiture!<\/strong><\/span><\/p>\n<\/div>\n<div>\n<p class=\"detail-desc-decorate-title\" style=\"font-family: OpenSans; font-size: 20px; font-weight: 900; line-height: 28px; white-space: pre-wrap; color: #000000; margin-bottom: 12px;\"><span style=\"font-family: 'comic sans ms', cursive;\"><strong id=\"tl_4\">D\u00e9tails<\/strong><\/span><\/p>\n<p class=\"detail-desc-decorate-content\" style=\"font-family: OpenSans; font-size: 14px; font-weight: 300; line-height: 20px; white-space: pre-wrap; color: #000000; margin-bottom: 12px;\"><span style=\"font-family: 'comic sans ms', cursive;\"><strong id=\"tl_5\">\u25cf Construit avec l&#8217;acier inoxydable 18\/8 pro <br \/>\u25cf R\u00e9sistant aux odeurs et aux bact\u00e9ries <br \/>\u25cf 100% recyclable <br \/>\u25cf L&#8217;isolation sous vide \u00e0 double paroi garde les boissons chaudes chaudes jusqu&#8217;\u00e0 12 heures et les boissons froides froides et rafra\u00eechissantes pendant 24 heures<\/strong><\/span><\/p>\n<\/div>\n<div>\n<p><img decoding=\"async\" class=\"detail-desc-decorate-image\" src=\"https:\/\/ae01.alicdn.com\/kf\/S9bbc86ab2341466daf3d75ff13e493adP.jpg?width=790&amp;height=1088&amp;hash=1878\" \/><br \/><img decoding=\"async\" class=\"detail-desc-decorate-image\" src=\"https:\/\/ae01.alicdn.com\/kf\/Sd57141243e2b47b6a0cb4a51fdd432deN.jpg?width=790&amp;height=1405&amp;hash=2195\" \/><br \/><img decoding=\"async\" class=\"detail-desc-decorate-image\" src=\"https:\/\/ae01.alicdn.com\/kf\/Sb017b08741eb427db0aa365a1597497cB.jpg?width=790&amp;height=2614&amp;hash=3404\" \/><br \/><img decoding=\"async\" class=\"detail-desc-decorate-image\" src=\"https:\/\/ae01.alicdn.com\/kf\/S1a22551815234c368bfdf970895e52edf.jpg?width=790&amp;height=1535&amp;hash=2325\" \/><br \/><img decoding=\"async\" class=\"detail-desc-decorate-image\" src=\"https:\/\/ae01.alicdn.com\/kf\/Sdbba84c9a58141838ae9c858b1675a67Z.jpg?width=790&amp;height=1320&amp;hash=2110\" \/><br \/><img decoding=\"async\" class=\"detail-desc-decorate-image\" src=\"https:\/\/ae01.alicdn.com\/kf\/Se91cd45472514d709698d87535bd8a6ew.jpg?width=790&amp;height=2003&amp;hash=2793\" \/><\/div>\n<div><img decoding=\"async\" class=\"detail-desc-decorate-image\" src=\"https:\/\/ae01.alicdn.com\/kf\/S88eb0288273d48999f7f4e0413c4e075V.jpg?width=3072&amp;height=3072&amp;hash=6144\" \/><br \/><img decoding=\"async\" class=\"detail-desc-decorate-image\" src=\"https:\/\/ae01.alicdn.com\/kf\/S9dbd3cfc09044fa58fed86961c9ddc7dN.jpg?width=3072&amp;height=3072&amp;hash=6144\" \/><br \/><img decoding=\"async\" class=\"detail-desc-decorate-image\" src=\"https:\/\/ae01.alicdn.com\/kf\/S5153bde56c134a7a9fb462bd3fb9f27b1.jpg?width=2000&amp;height=2000&amp;hash=4000\" \/><br \/><img decoding=\"async\" class=\"detail-desc-decorate-image\" src=\"https:\/\/ae01.alicdn.com\/kf\/Sbe7dbef5c2c34a839ad05f98a0a822b0m.jpg?width=800&amp;height=800&amp;hash=1600\" \/><\/div>\n<p>\u00a0<\/p>\n<\/div>\n<\/div>","protected":false},"excerpt":{"rendered":"<p>Chimique Hign-concern\u00e9:\u00a0Aucun Caract\u00e9ristique:\u00a0PORTABLE,Grande capacit\u00e9 Mat\u00e9riel du thermos:\u00a0Acier inoxydable Type de bouteille:\u00a0Normal Mat\u00e9riau de rev\u00eatement en verre:\u00a0Acier inoxydable Num\u00e9ro de Mod\u00e8le:\u00a0TH-02<\/p>","protected":false},"featured_media":2273,"comment_status":"open","ping_status":"closed","template":"","meta":[],"product_brand":[],"product_cat":[15],"product_tag":[],"class_list":{"0":"post-2272","1":"product","2":"type-product","3":"status-publish","4":"has-post-thumbnail","6":"product_cat-uncategorized","8":"first","9":"instock","10":"shipping-taxable","11":"purchasable","12":"product-type-variable"},"jetpack_sharing_enabled":true,"_links":{"self":[{"href":"https:\/\/afrycom.com\/fr\/wp-json\/wp\/v2\/product\/2272","targetHints":{"allow":["GET"]}}],"collection":[{"href":"https:\/\/afrycom.com\/fr\/wp-json\/wp\/v2\/product"}],"about":[{"href":"https:\/\/afrycom.com\/fr\/wp-json\/wp\/v2\/types\/product"}],"replies":[{"embeddable":true,"href":"https:\/\/afrycom.com\/fr\/wp-json\/wp\/v2\/comments?post=2272"}],"wp:featuredmedia":[{"embeddable":true,"href":"https:\/\/afrycom.com\/fr\/wp-json\/wp\/v2\/media\/2273"}],"wp:attachment":[{"href":"https:\/\/afrycom.com\/fr\/wp-json\/wp\/v2\/media?parent=2272"}],"wp:term":[{"taxonomy":"product_brand","embeddable":true,"href":"https:\/\/afrycom.com\/fr\/wp-json\/wp\/v2\/product_brand?post=2272"},{"taxonomy":"product_cat","embeddable":true,"href":"https:\/\/afrycom.com\/fr\/wp-json\/wp\/v2\/product_cat?post=2272"},{"taxonomy":"product_tag","embeddable":true,"href":"https:\/\/afrycom.com\/fr\/wp-json\/wp\/v2\/product_tag?post=2272"}],"curies":[{"name":"wp","href":"https:\/\/api.w.org\/{rel}","templated":true}]}}