{"id":22675,"date":"2025-05-29T16:21:41","date_gmt":"2025-05-29T16:21:41","guid":{"rendered":"https:\/\/afrycom.com\/product\/%e7%b2%be%e8%87%a3b21%e5%ae%b6%e7%94%a8%e9%80%8f%e6%98%8e%e5%a4%a7%e6%a0%87%e7%ad%be%e6%89%93%e5%8d%b0%e6%9c%ba%e5%a4%9a%e5%8a%9f%e8%83%bd%e5%8f%af%e8%bf%9e%e6%89%8b%e6%9c%ba%e8%93%9d%e7%89%99\/"},"modified":"2025-07-31T15:03:16","modified_gmt":"2025-07-31T15:03:16","slug":"imprimante-etiquettes-niimbot-b21-portable-bluetooth-grandes-etiquettes-transparentes-ideale-pour-maison-rangement-bureau","status":"publish","type":"product","link":"https:\/\/afrycom.com\/fr\/produit\/imprimante-etiquettes-niimbot-b21-portable-bluetooth-grandes-etiquettes-transparentes-ideale-pour-maison-rangement-bureau\/","title":{"rendered":"profil Qwen3-235B-A22B-2507 7:56 am Imprimante \u00c9tiquettes Niimbot B21 - Portable, Bluetooth, Grandes \u00c9tiquettes Transparentes, Id\u00e9ale pour Maison, Rangement &amp; Bureaubureau"},"content":{"rendered":"","protected":false},"excerpt":{"rendered":"","protected":false},"featured_media":22676,"comment_status":"open","ping_status":"closed","template":"","meta":[],"product_brand":[],"product_cat":[85,35],"product_tag":[],"class_list":{"0":"post-22675","1":"product","2":"type-product","3":"status-publish","4":"has-post-thumbnail","6":"product_cat-accessories","7":"product_cat-electronics","9":"first","10":"instock","11":"shipping-taxable","12":"purchasable","13":"product-type-variable"},"jetpack_sharing_enabled":true,"_links":{"self":[{"href":"https:\/\/afrycom.com\/fr\/wp-json\/wp\/v2\/product\/22675","targetHints":{"allow":["GET"]}}],"collection":[{"href":"https:\/\/afrycom.com\/fr\/wp-json\/wp\/v2\/product"}],"about":[{"href":"https:\/\/afrycom.com\/fr\/wp-json\/wp\/v2\/types\/product"}],"replies":[{"embeddable":true,"href":"https:\/\/afrycom.com\/fr\/wp-json\/wp\/v2\/comments?post=22675"}],"wp:featuredmedia":[{"embeddable":true,"href":"https:\/\/afrycom.com\/fr\/wp-json\/wp\/v2\/media\/22676"}],"wp:attachment":[{"href":"https:\/\/afrycom.com\/fr\/wp-json\/wp\/v2\/media?parent=22675"}],"wp:term":[{"taxonomy":"product_brand","embeddable":true,"href":"https:\/\/afrycom.com\/fr\/wp-json\/wp\/v2\/product_brand?post=22675"},{"taxonomy":"product_cat","embeddable":true,"href":"https:\/\/afrycom.com\/fr\/wp-json\/wp\/v2\/product_cat?post=22675"},{"taxonomy":"product_tag","embeddable":true,"href":"https:\/\/afrycom.com\/fr\/wp-json\/wp\/v2\/product_tag?post=22675"}],"curies":[{"name":"wp","href":"https:\/\/api.w.org\/{rel}","templated":true}]}}