{"id":22635,"date":"2025-05-29T16:19:53","date_gmt":"2025-05-29T16:19:53","guid":{"rendered":"https:\/\/afrycom.com\/product\/%e5%be%b7%e5%9b%bd%e6%9e%aa%e7%81%b0%e5%8e%a8%e6%88%bf%e7%bd%ae%e7%89%a9%e6%9e%b6%e5%85%8d%e6%89%93%e5%ad%94%e8%b0%83%e6%96%99%e6%9e%b6%e5%ae%b6%e7%94%a8%e5%a4%9a%e5%8a%9f%e8%83%bd%e5%a3%81%e6%8c%82\/"},"modified":"2026-01-29T07:14:35","modified_gmt":"2026-01-29T07:14:35","slug":"etagere-murale-cuisine-sans-percage-gris-gun-range-epices-baguettes-multifonction-acier-inoxydable-facile-a-installer","status":"publish","type":"product","link":"https:\/\/afrycom.com\/fr\/produit\/etagere-murale-cuisine-sans-percage-gris-gun-range-epices-baguettes-multifonction-acier-inoxydable-facile-a-installer\/","title":{"rendered":"\u00c9tag\u00e8re Murale Cuisine Sans Per\u00e7age - Gris Gun, Range-\u00c9pices &amp; Baguettes, Multifonction, Acier Inoxydable, Facile \u00e0 Installer"},"content":{"rendered":"<div class=\"qwen-markdown-paragraph\"><span class=\"qwen-markdown-text\" data-spm-anchor-id=\"a2ty_o01.29997173.0.i12.737b5171fO9Udm\">D\u00e9couvrez l'<\/span><strong class=\"qwen-markdown-strong\"><span class=\"qwen-markdown-text\">\u00c9tag\u00e8re Murale Cuisine Sans Per\u00e7age Gris Gun<\/span><\/strong><span class=\"qwen-markdown-text\">, une solution innovante pour transformer votre cuisine en un espace organis\u00e9, \u00e9l\u00e9gant et fonctionnel ! Con\u00e7ue en <\/span><strong class=\"qwen-markdown-strong\"><span class=\"qwen-markdown-text\">acier inoxydable robuste et r\u00e9sistant \u00e0 la rouille<\/span><\/strong><span class=\"qwen-markdown-text\">, cette \u00e9tag\u00e8re double couche allie <\/span><strong class=\"qwen-markdown-strong\"><span class=\"qwen-markdown-text\">stabilit\u00e9<\/span><\/strong><span class=\"qwen-markdown-text\"> et <\/span><strong class=\"qwen-markdown-strong\"><span class=\"qwen-markdown-text\">design moderne<\/span><\/strong><span class=\"qwen-markdown-text\"> avec sa finition gris gun, s\u2019harmonisant parfaitement avec tous les styles de d\u00e9coration. Ses dimensions optimales (70 cm de longueur \u00d7 40 cm de profondeur \u00d7 6 cm de hauteur) offrent un <\/span><strong class=\"qwen-markdown-strong\"><span class=\"qwen-markdown-text\">espace de rangement g\u00e9n\u00e9reux<\/span><\/strong><span class=\"qwen-markdown-text\"> pour vos \u00e9pices, huiles, baguettes et ustensiles, tout en lib\u00e9rant pr\u00e9cieusement vos plans de travail.<\/span><\/div>\n<div class=\"qwen-markdown-space\"><\/div>\n<div class=\"qwen-markdown-paragraph\"><span class=\"qwen-markdown-text\">La <\/span><strong class=\"qwen-markdown-strong\"><span class=\"qwen-markdown-text\">premi\u00e8re \u00e9tag\u00e8re<\/span><\/strong><span class=\"qwen-markdown-text\">, dot\u00e9e d\u2019<\/span><strong class=\"qwen-markdown-strong\"><span class=\"qwen-markdown-text\">\u00e9l\u00e9ments \u00e9pais et d\u2019une hauteur accrue<\/span><\/strong><span class=\"qwen-markdown-text\">, permet de ranger vos \u00e9pices, bo\u00eetes de th\u00e9 et autres condiments de mani\u00e8re ordonn\u00e9e, tandis que la <\/span><strong class=\"qwen-markdown-strong\"><span class=\"qwen-markdown-text\">seconde \u00e9tag\u00e8re<\/span><\/strong><span class=\"qwen-markdown-text\"> int\u00e8gre des <\/span><strong class=\"qwen-markdown-strong\"><span class=\"qwen-markdown-text\">crochets pratiques<\/span><\/strong><span class=\"qwen-markdown-text\"> pour suspendre cuill\u00e8res, fouets ou planches \u00e0 d\u00e9couper. Un <\/span><strong class=\"qwen-markdown-strong\"><span class=\"qwen-markdown-text\">support sp\u00e9cifique pour baguettes<\/span><\/strong><span class=\"qwen-markdown-text\"> est \u00e9galement pr\u00e9vu, permettant de conserver votre pain frais \u00e0 port\u00e9e de main. Gr\u00e2ce \u00e0 son <\/span><strong class=\"qwen-markdown-strong\"><span class=\"qwen-markdown-text\">syst\u00e8me d\u2019installation sans per\u00e7age<\/span><\/strong><span class=\"qwen-markdown-text\">, vous gagnez un temps pr\u00e9cieux et pr\u00e9servez l\u2019int\u00e9grit\u00e9 de vos murs, tout en b\u00e9n\u00e9ficiant d\u2019un <\/span><strong class=\"qwen-markdown-strong\"><span class=\"qwen-markdown-text\">montage s\u00e9curis\u00e9 et stable<\/span><\/strong><span class=\"qwen-markdown-text\"> gr\u00e2ce \u00e0 des adh\u00e9sifs haute r\u00e9sistance.<\/span><\/div>\n<div class=\"qwen-markdown-space\"><img loading=\"lazy\" decoding=\"async\" class=\"alignnone size-medium wp-image-29127\" src=\"https:\/\/afrycom.com\/wp-content\/uploads\/2025\/05\/jimeng-2026-01-28-4616-Etagere-Murale-Cuisine-Sans-Percage-\u2013-Gr-225x300.png\" alt=\"\" width=\"225\" height=\"300\" srcset=\"https:\/\/afrycom.com\/wp-content\/uploads\/2025\/05\/jimeng-2026-01-28-4616-Etagere-Murale-Cuisine-Sans-Percage-\u2013-Gr-225x300.png 225w, https:\/\/afrycom.com\/wp-content\/uploads\/2025\/05\/jimeng-2026-01-28-4616-Etagere-Murale-Cuisine-Sans-Percage-\u2013-Gr-768x1024.png 768w, https:\/\/afrycom.com\/wp-content\/uploads\/2025\/05\/jimeng-2026-01-28-4616-Etagere-Murale-Cuisine-Sans-Percage-\u2013-Gr-1152x1536.png 1152w, https:\/\/afrycom.com\/wp-content\/uploads\/2025\/05\/jimeng-2026-01-28-4616-Etagere-Murale-Cuisine-Sans-Percage-\u2013-Gr-1536x2048.png 1536w, https:\/\/afrycom.com\/wp-content\/uploads\/2025\/05\/jimeng-2026-01-28-4616-Etagere-Murale-Cuisine-Sans-Percage-\u2013-Gr-9x12.png 9w, https:\/\/afrycom.com\/wp-content\/uploads\/2025\/05\/jimeng-2026-01-28-4616-Etagere-Murale-Cuisine-Sans-Percage-\u2013-Gr-1320x1760.png 1320w, https:\/\/afrycom.com\/wp-content\/uploads\/2025\/05\/jimeng-2026-01-28-4616-Etagere-Murale-Cuisine-Sans-Percage-\u2013-Gr-1200x1600.png 1200w, https:\/\/afrycom.com\/wp-content\/uploads\/2025\/05\/jimeng-2026-01-28-4616-Etagere-Murale-Cuisine-Sans-Percage-\u2013-Gr-150x200.png 150w, https:\/\/afrycom.com\/wp-content\/uploads\/2025\/05\/jimeng-2026-01-28-4616-Etagere-Murale-Cuisine-Sans-Percage-\u2013-Gr.png 1728w\" sizes=\"auto, (max-width: 225px) 100vw, 225px\" \/><img loading=\"lazy\" decoding=\"async\" class=\"alignnone size-medium wp-image-29128\" src=\"https:\/\/afrycom.com\/wp-content\/uploads\/2025\/05\/jimeng-2026-01-28-7401-Etagere-Murale-Cuisine-Sans-Percage-\u2013-Gr-e1769669951568-278x300.png\" alt=\"\" width=\"278\" height=\"300\" srcset=\"https:\/\/afrycom.com\/wp-content\/uploads\/2025\/05\/jimeng-2026-01-28-7401-Etagere-Murale-Cuisine-Sans-Percage-\u2013-Gr-e1769669951568-278x300.png 278w, https:\/\/afrycom.com\/wp-content\/uploads\/2025\/05\/jimeng-2026-01-28-7401-Etagere-Murale-Cuisine-Sans-Percage-\u2013-Gr-e1769669951568-948x1024.png 948w, https:\/\/afrycom.com\/wp-content\/uploads\/2025\/05\/jimeng-2026-01-28-7401-Etagere-Murale-Cuisine-Sans-Percage-\u2013-Gr-e1769669951568-768x829.png 768w, https:\/\/afrycom.com\/wp-content\/uploads\/2025\/05\/jimeng-2026-01-28-7401-Etagere-Murale-Cuisine-Sans-Percage-\u2013-Gr-e1769669951568-1422x1536.png 1422w, https:\/\/afrycom.com\/wp-content\/uploads\/2025\/05\/jimeng-2026-01-28-7401-Etagere-Murale-Cuisine-Sans-Percage-\u2013-Gr-e1769669951568-11x12.png 11w, https:\/\/afrycom.com\/wp-content\/uploads\/2025\/05\/jimeng-2026-01-28-7401-Etagere-Murale-Cuisine-Sans-Percage-\u2013-Gr-e1769669951568-1320x1425.png 1320w, https:\/\/afrycom.com\/wp-content\/uploads\/2025\/05\/jimeng-2026-01-28-7401-Etagere-Murale-Cuisine-Sans-Percage-\u2013-Gr-e1769669951568-1200x1296.png 1200w, https:\/\/afrycom.com\/wp-content\/uploads\/2025\/05\/jimeng-2026-01-28-7401-Etagere-Murale-Cuisine-Sans-Percage-\u2013-Gr-e1769669951568-150x162.png 150w, https:\/\/afrycom.com\/wp-content\/uploads\/2025\/05\/jimeng-2026-01-28-7401-Etagere-Murale-Cuisine-Sans-Percage-\u2013-Gr-e1769669951568.png 1728w\" sizes=\"auto, (max-width: 278px) 100vw, 278px\" \/><img loading=\"lazy\" decoding=\"async\" class=\"alignnone size-medium wp-image-29129\" src=\"https:\/\/afrycom.com\/wp-content\/uploads\/2025\/05\/jimeng-2026-01-28-1589-Etagere-Murale-Cuisine-Sans-Percage-\u2013-Gr-225x300.png\" alt=\"\" width=\"225\" height=\"300\" srcset=\"https:\/\/afrycom.com\/wp-content\/uploads\/2025\/05\/jimeng-2026-01-28-1589-Etagere-Murale-Cuisine-Sans-Percage-\u2013-Gr-225x300.png 225w, https:\/\/afrycom.com\/wp-content\/uploads\/2025\/05\/jimeng-2026-01-28-1589-Etagere-Murale-Cuisine-Sans-Percage-\u2013-Gr-768x1024.png 768w, https:\/\/afrycom.com\/wp-content\/uploads\/2025\/05\/jimeng-2026-01-28-1589-Etagere-Murale-Cuisine-Sans-Percage-\u2013-Gr-1152x1536.png 1152w, https:\/\/afrycom.com\/wp-content\/uploads\/2025\/05\/jimeng-2026-01-28-1589-Etagere-Murale-Cuisine-Sans-Percage-\u2013-Gr-1536x2048.png 1536w, https:\/\/afrycom.com\/wp-content\/uploads\/2025\/05\/jimeng-2026-01-28-1589-Etagere-Murale-Cuisine-Sans-Percage-\u2013-Gr-9x12.png 9w, https:\/\/afrycom.com\/wp-content\/uploads\/2025\/05\/jimeng-2026-01-28-1589-Etagere-Murale-Cuisine-Sans-Percage-\u2013-Gr-1320x1760.png 1320w, https:\/\/afrycom.com\/wp-content\/uploads\/2025\/05\/jimeng-2026-01-28-1589-Etagere-Murale-Cuisine-Sans-Percage-\u2013-Gr-1200x1600.png 1200w, https:\/\/afrycom.com\/wp-content\/uploads\/2025\/05\/jimeng-2026-01-28-1589-Etagere-Murale-Cuisine-Sans-Percage-\u2013-Gr-150x200.png 150w, https:\/\/afrycom.com\/wp-content\/uploads\/2025\/05\/jimeng-2026-01-28-1589-Etagere-Murale-Cuisine-Sans-Percage-\u2013-Gr.png 1728w\" sizes=\"auto, (max-width: 225px) 100vw, 225px\" \/><img loading=\"lazy\" decoding=\"async\" class=\"alignnone size-medium wp-image-29130\" src=\"https:\/\/afrycom.com\/wp-content\/uploads\/2025\/05\/jimeng-2026-01-28-5970-Etagere-Murale-Cuisine-Sans-Percage-\u2013-Gr-225x300.png\" alt=\"\" width=\"225\" height=\"300\" srcset=\"https:\/\/afrycom.com\/wp-content\/uploads\/2025\/05\/jimeng-2026-01-28-5970-Etagere-Murale-Cuisine-Sans-Percage-\u2013-Gr-225x300.png 225w, https:\/\/afrycom.com\/wp-content\/uploads\/2025\/05\/jimeng-2026-01-28-5970-Etagere-Murale-Cuisine-Sans-Percage-\u2013-Gr-768x1024.png 768w, https:\/\/afrycom.com\/wp-content\/uploads\/2025\/05\/jimeng-2026-01-28-5970-Etagere-Murale-Cuisine-Sans-Percage-\u2013-Gr-1152x1536.png 1152w, https:\/\/afrycom.com\/wp-content\/uploads\/2025\/05\/jimeng-2026-01-28-5970-Etagere-Murale-Cuisine-Sans-Percage-\u2013-Gr-1536x2048.png 1536w, https:\/\/afrycom.com\/wp-content\/uploads\/2025\/05\/jimeng-2026-01-28-5970-Etagere-Murale-Cuisine-Sans-Percage-\u2013-Gr-9x12.png 9w, https:\/\/afrycom.com\/wp-content\/uploads\/2025\/05\/jimeng-2026-01-28-5970-Etagere-Murale-Cuisine-Sans-Percage-\u2013-Gr-1320x1760.png 1320w, https:\/\/afrycom.com\/wp-content\/uploads\/2025\/05\/jimeng-2026-01-28-5970-Etagere-Murale-Cuisine-Sans-Percage-\u2013-Gr-1200x1600.png 1200w, https:\/\/afrycom.com\/wp-content\/uploads\/2025\/05\/jimeng-2026-01-28-5970-Etagere-Murale-Cuisine-Sans-Percage-\u2013-Gr-150x200.png 150w, https:\/\/afrycom.com\/wp-content\/uploads\/2025\/05\/jimeng-2026-01-28-5970-Etagere-Murale-Cuisine-Sans-Percage-\u2013-Gr.png 1728w\" sizes=\"auto, (max-width: 225px) 100vw, 225px\" \/><\/div>\n<div><\/div>\n<div class=\"qwen-markdown-paragraph\"><span class=\"qwen-markdown-text\">Facile \u00e0 nettoyer et <\/span><strong class=\"qwen-markdown-strong\"><span class=\"qwen-markdown-text\">multifonctionnelle<\/span><\/strong><span class=\"qwen-markdown-text\">, cette \u00e9tag\u00e8re s\u2019adapte \u00e0 tous vos besoins : rangez vos bocaux d\u2019\u00e9pices sur la premi\u00e8re \u00e9tag\u00e8re, vos bouteilles d\u2019huile sur la seconde, et utilisez les crochets pour accrocher vos outils pr\u00e9f\u00e9r\u00e9s. Id\u00e9ale pour les cuisiniers exigeants comme pour les d\u00e9butants, elle transforme chaque pr\u00e9paration culinaire en une exp\u00e9rience fluide et agr\u00e9able, avec tous vos ingr\u00e9dients et outils \u00e0 port\u00e9e de main. En plus d\u2019\u00eatre <\/span><strong class=\"qwen-markdown-strong\"><span class=\"qwen-markdown-text\">ultra-pratique<\/span><\/strong><span class=\"qwen-markdown-text\">, elle apporte une touche de modernit\u00e9 \u00e0 votre cuisine, tout en optimisant chaque centim\u00e8tre carr\u00e9 de votre espace. Une r\u00e9f\u00e9rence pour une cuisine organis\u00e9e, styl\u00e9e et pleine de praticit\u00e9 !<\/span><\/div>\n<div class=\"qwen-markdown-space\"><\/div>","protected":false},"excerpt":{"rendered":"<div id=\"chat-messages-scroll-container\" class=\"chat-messages\">\n<div id=\"chat-message-container\" class=\"chat-container\">\n<div id=\"qwen-chat-message-assistant-c3c1ff3e-de62-4b3f-9088-8688edfa35f2\" class=\"qwen-chat-message qwen-chat-message-assistant\">\n<div id=\"chat-response-message-c3c1ff3e-de62-4b3f-9088-8688edfa35f2\" class=\"chat-response-message\">\n<div class=\"chat-response-message-right\">\n<div>\n<div class=\"response-message-content t2t phase-answer\">\n<div class=\"custom-qwen-markdown\">\n<div class=\"qwen-markdown qwen-markdown-loose\" data-spm-anchor-id=\"a2ty_o01.29997173.0.i13.737b5171fO9Udm\">\n<div class=\"qwen-markdown-paragraph\"><span class=\"qwen-markdown-text\" data-spm-anchor-id=\"a2ty_o01.29997173.0.i14.737b5171fO9Udm\">L'<\/span><strong class=\"qwen-markdown-strong\"><span class=\"qwen-markdown-text\">\u00c9tag\u00e8re Murale Cuisine Sans Per\u00e7age Gris Gun<\/span><\/strong><span class=\"qwen-markdown-text\"> est la solution id\u00e9ale pour une cuisine organis\u00e9e et \u00e9l\u00e9gante ! En <\/span><strong class=\"qwen-markdown-strong\"><span class=\"qwen-markdown-text\">acier inoxydable robuste<\/span><\/strong><span class=\"qwen-markdown-text\">, cette \u00e9tag\u00e8re double couche (70 \u00d7 40 \u00d7 6 cm) range <\/span><strong class=\"qwen-markdown-strong\"><span class=\"qwen-markdown-text\">\u00e9pices, baguettes, huiles et ustensiles<\/span><\/strong><span class=\"qwen-markdown-text\"> gr\u00e2ce \u00e0 ses deux niveaux et ses crochets int\u00e9gr\u00e9s. Son <\/span><strong class=\"qwen-markdown-strong\"><span class=\"qwen-markdown-text\">installation sans per\u00e7age<\/span><\/strong><span class=\"qwen-markdown-text\"> est rapide et s\u00e9curis\u00e9e, pr\u00e9servant vos murs tout en gagnant de l\u2019espace. Finie en <\/span><strong class=\"qwen-markdown-strong\"><span class=\"qwen-markdown-text\">gris gun<\/span><\/strong><span class=\"qwen-markdown-text\">, elle s\u2019adapte \u00e0 tous les styles. <\/span><strong class=\"qwen-markdown-strong\"><span class=\"qwen-markdown-text\">Multifonctionnelle et facile \u00e0 entretenir<\/span><\/strong><span class=\"qwen-markdown-text\">, elle est indispensable pour une cuisine pratique et styl\u00e9e au quotidien !<\/span><\/div>\n<\/div>\n<\/div>\n<\/div>\n<\/div>\n<div class=\"message-hoc-container\">\n<div class=\"response-message-footer\">\n<div class=\"qwen-chat-package-comp-new-action-control undefined\">\n<div class=\"qwen-chat-package-comp-new-action-control-icons\">\n<div class=\"qwen-chat-package-comp-new-action-control-container qwen-chat-package-comp-new-action-control-container-copy qwen-chat-package-comp-new-action-control-container-enable-hover\" aria-describedby=\"\u00abr2a\u00bb\"><\/div>\n<div class=\"qwen-chat-package-comp-new-action-control-container qwen-chat-package-comp-new-action-control-container-voice qwen-chat-package-comp-new-action-control-container-enable-hover\" aria-describedby=\"\u00abr2e\u00bb\"><\/div>\n<div class=\"qwen-chat-package-comp-new-action-control-container qwen-chat-package-comp-new-action-control-container-regenerate qwen-chat-package-comp-new-action-control-container-enable-hover\" aria-describedby=\"\u00abr2i\u00bb\"><\/div>\n<\/div>\n<\/div>\n<\/div>\n<\/div>\n<\/div>\n<\/div>\n<\/div>\n<\/div>\n<\/div>\n<div class=\"chat-layout-input-container\">\n<div id=\"chat-message-input\" class=\"chat-message-input\">\n<div class=\"chat-message-input-fixed\">\n<div id=\"message-input-container\" class=\"chat-message-input-fixed-container\">\n<div class=\"scroll-down-button\"><\/div>\n<\/div>\n<\/div>\n<div class=\"chat-message-input-container-inner\">\n<div class=\"chat-prompt-input-container\">\n<div class=\"chat-prompt-input\">\n<div class=\"chat-prompt-suggest-button-group\"><\/div>\n<\/div>\n<\/div>\n<\/div>\n<\/div>\n<\/div>","protected":false},"featured_media":22636,"comment_status":"open","ping_status":"closed","template":"","meta":[],"product_brand":[],"product_cat":[4900,31],"product_tag":[],"class_list":{"0":"post-22635","1":"product","2":"type-product","3":"status-publish","4":"has-post-thumbnail","6":"product_cat-shelf-for-kitchen","7":"product_cat-small-kitchen-appliances-appliances","9":"first","10":"instock","11":"shipping-taxable","12":"purchasable","13":"product-type-variable"},"jetpack_sharing_enabled":true,"_links":{"self":[{"href":"https:\/\/afrycom.com\/fr\/wp-json\/wp\/v2\/product\/22635","targetHints":{"allow":["GET"]}}],"collection":[{"href":"https:\/\/afrycom.com\/fr\/wp-json\/wp\/v2\/product"}],"about":[{"href":"https:\/\/afrycom.com\/fr\/wp-json\/wp\/v2\/types\/product"}],"replies":[{"embeddable":true,"href":"https:\/\/afrycom.com\/fr\/wp-json\/wp\/v2\/comments?post=22635"}],"wp:featuredmedia":[{"embeddable":true,"href":"https:\/\/afrycom.com\/fr\/wp-json\/wp\/v2\/media\/22636"}],"wp:attachment":[{"href":"https:\/\/afrycom.com\/fr\/wp-json\/wp\/v2\/media?parent=22635"}],"wp:term":[{"taxonomy":"product_brand","embeddable":true,"href":"https:\/\/afrycom.com\/fr\/wp-json\/wp\/v2\/product_brand?post=22635"},{"taxonomy":"product_cat","embeddable":true,"href":"https:\/\/afrycom.com\/fr\/wp-json\/wp\/v2\/product_cat?post=22635"},{"taxonomy":"product_tag","embeddable":true,"href":"https:\/\/afrycom.com\/fr\/wp-json\/wp\/v2\/product_tag?post=22635"}],"curies":[{"name":"wp","href":"https:\/\/api.w.org\/{rel}","templated":true}]}}