{"id":22406,"date":"2025-05-29T16:17:00","date_gmt":"2025-05-29T16:17:00","guid":{"rendered":"https:\/\/afrycom.com\/product\/%e5%8a%9b%e5%8a%a8%e5%a4%9a%e5%8a%9f%e8%83%bd%e5%93%91%e9%93%83%e5%87%b3%e4%b8%93%e4%b8%9a%e5%8d%a7%e6%8e%a8%e5%87%b3%e4%bb%b0%e5%8d%a7%e8%b5%b7%e5%9d%90%e8%85%b9%e8%82%8c%e5%81%a5%e8%ba%ab%e6%a4%85\/"},"modified":"2025-07-31T15:00:53","modified_gmt":"2025-07-31T15:00:53","slug":"banc-de-musculation-multifonction-rido-banc-reglable-pour-halteres-developpe-couche-abdos-et-pompes-ideal-pour-le-fitness-a-domicile","status":"publish","type":"product","link":"https:\/\/afrycom.com\/fr\/produit\/banc-de-musculation-multifonction-rido-banc-reglable-pour-halteres-developpe-couche-abdos-et-pompes-ideal-pour-le-fitness-a-domicile\/","title":{"rendered":"Banc de Musculation RIDO TD50 - Multifonction R\u00e9glable, Id\u00e9al pour Abdos, Soulev\u00e9, Pompes &amp; Halt\u00e8res, Fitness \u00e0 Domicile"},"content":{"rendered":"","protected":false},"excerpt":{"rendered":"","protected":false},"featured_media":22407,"comment_status":"open","ping_status":"closed","template":"","meta":[],"product_brand":[],"product_cat":[5763,5747,84],"product_tag":[],"class_list":{"0":"post-22406","1":"product","2":"type-product","3":"status-publish","4":"has-post-thumbnail","6":"product_cat-abss-rollers","7":"product_cat-fitness-accessories","8":"product_cat-sports-outdoors","10":"first","11":"instock","12":"shipping-taxable","13":"purchasable","14":"product-type-variable"},"jetpack_sharing_enabled":true,"_links":{"self":[{"href":"https:\/\/afrycom.com\/fr\/wp-json\/wp\/v2\/product\/22406","targetHints":{"allow":["GET"]}}],"collection":[{"href":"https:\/\/afrycom.com\/fr\/wp-json\/wp\/v2\/product"}],"about":[{"href":"https:\/\/afrycom.com\/fr\/wp-json\/wp\/v2\/types\/product"}],"replies":[{"embeddable":true,"href":"https:\/\/afrycom.com\/fr\/wp-json\/wp\/v2\/comments?post=22406"}],"wp:featuredmedia":[{"embeddable":true,"href":"https:\/\/afrycom.com\/fr\/wp-json\/wp\/v2\/media\/22407"}],"wp:attachment":[{"href":"https:\/\/afrycom.com\/fr\/wp-json\/wp\/v2\/media?parent=22406"}],"wp:term":[{"taxonomy":"product_brand","embeddable":true,"href":"https:\/\/afrycom.com\/fr\/wp-json\/wp\/v2\/product_brand?post=22406"},{"taxonomy":"product_cat","embeddable":true,"href":"https:\/\/afrycom.com\/fr\/wp-json\/wp\/v2\/product_cat?post=22406"},{"taxonomy":"product_tag","embeddable":true,"href":"https:\/\/afrycom.com\/fr\/wp-json\/wp\/v2\/product_tag?post=22406"}],"curies":[{"name":"wp","href":"https:\/\/api.w.org\/{rel}","templated":true}]}}