{"id":22396,"date":"2025-05-29T16:16:16","date_gmt":"2025-05-29T16:16:16","guid":{"rendered":"https:\/\/afrycom.com\/product\/%e5%8a%9b%e5%8a%a8%ef%bc%88rido%ef%bc%89%e4%bb%b0%e5%8d%a7%e8%b5%b7%e5%9d%90%e8%be%85%e5%8a%a9%e5%99%a8%e5%81%a5%e8%ba%ab%e5%99%a8%e6%9d%90%e5%ae%b6%e7%94%a8%e5%a4%9a%e5%8a%9f%e8%83%bd%e5%93%91\/"},"modified":"2025-07-31T14:59:54","modified_gmt":"2025-07-31T14:59:54","slug":"banc-de-musculation-rido-reglable-multifonction-pour-abdos-halteres-et-pompes-ideal-fitness-a-domicile","status":"publish","type":"product","link":"https:\/\/afrycom.com\/fr\/produit\/banc-de-musculation-rido-reglable-multifonction-pour-abdos-halteres-et-pompes-ideal-fitness-a-domicile\/","title":{"rendered":"Banc de Musculation RIDO - R\u00e9glable, Multifonction pour Abdos, Halt\u00e8res et Pompes, Id\u00e9al Fitness \u00e0 Domicile"},"content":{"rendered":"","protected":false},"excerpt":{"rendered":"","protected":false},"featured_media":22397,"comment_status":"open","ping_status":"closed","template":"","meta":[],"product_brand":[],"product_cat":[5763,5747,84],"product_tag":[],"class_list":{"0":"post-22396","1":"product","2":"type-product","3":"status-publish","4":"has-post-thumbnail","6":"product_cat-abss-rollers","7":"product_cat-fitness-accessories","8":"product_cat-sports-outdoors","10":"first","11":"instock","12":"shipping-taxable","13":"purchasable","14":"product-type-variable"},"jetpack_sharing_enabled":true,"_links":{"self":[{"href":"https:\/\/afrycom.com\/fr\/wp-json\/wp\/v2\/product\/22396","targetHints":{"allow":["GET"]}}],"collection":[{"href":"https:\/\/afrycom.com\/fr\/wp-json\/wp\/v2\/product"}],"about":[{"href":"https:\/\/afrycom.com\/fr\/wp-json\/wp\/v2\/types\/product"}],"replies":[{"embeddable":true,"href":"https:\/\/afrycom.com\/fr\/wp-json\/wp\/v2\/comments?post=22396"}],"wp:featuredmedia":[{"embeddable":true,"href":"https:\/\/afrycom.com\/fr\/wp-json\/wp\/v2\/media\/22397"}],"wp:attachment":[{"href":"https:\/\/afrycom.com\/fr\/wp-json\/wp\/v2\/media?parent=22396"}],"wp:term":[{"taxonomy":"product_brand","embeddable":true,"href":"https:\/\/afrycom.com\/fr\/wp-json\/wp\/v2\/product_brand?post=22396"},{"taxonomy":"product_cat","embeddable":true,"href":"https:\/\/afrycom.com\/fr\/wp-json\/wp\/v2\/product_cat?post=22396"},{"taxonomy":"product_tag","embeddable":true,"href":"https:\/\/afrycom.com\/fr\/wp-json\/wp\/v2\/product_tag?post=22396"}],"curies":[{"name":"wp","href":"https:\/\/api.w.org\/{rel}","templated":true}]}}