{"id":22375,"date":"2025-05-29T16:13:12","date_gmt":"2025-05-29T16:13:12","guid":{"rendered":"https:\/\/afrycom.com\/product\/%e7%be%8a%e6%af%9b%e8%a5%bf%e8%a3%85%e5%a5%97%e8%a3%85%e7%94%b7%e5%a3%ab%e9%ab%98%e7%ba%a7%e6%84%9f%e6%af%9b%e5%91%a2%e5%8e%9a%e6%ac%be%e5%8f%8c%e6%8e%92%e6%89%a3%e4%bf%ae%e8%ba%ab%e5%95%86%e5%8a%a1\/"},"modified":"2025-07-31T15:01:39","modified_gmt":"2025-07-31T15:01:39","slug":"costume-homme-en-laine-elegant-epais-et-chaud-coupe-slim-double-boutonnage-ideal-pour-mariage-business-ou-tenue-formelle","status":"publish","type":"product","link":"https:\/\/afrycom.com\/fr\/produit\/costume-homme-en-laine-elegant-epais-et-chaud-coupe-slim-double-boutonnage-ideal-pour-mariage-business-ou-tenue-formelle\/","title":{"rendered":"Costume Homme en Laine - \u00c9l\u00e9gant, \u00c9pais et Chaud, Coupe Slim, Double Boutonnage, Id\u00e9al pour Mariage, Business ou Tenue Formelle"},"content":{"rendered":"","protected":false},"excerpt":{"rendered":"","protected":false},"featured_media":22376,"comment_status":"open","ping_status":"closed","template":"","meta":[],"product_brand":[],"product_cat":[1450,5001],"product_tag":[],"class_list":{"0":"post-22375","1":"product","2":"type-product","3":"status-publish","4":"has-post-thumbnail","6":"product_cat-mens-section","7":"product_cat-suits-formal-wear","9":"first","10":"instock","11":"shipping-taxable","12":"purchasable","13":"product-type-variable"},"jetpack_sharing_enabled":true,"_links":{"self":[{"href":"https:\/\/afrycom.com\/fr\/wp-json\/wp\/v2\/product\/22375","targetHints":{"allow":["GET"]}}],"collection":[{"href":"https:\/\/afrycom.com\/fr\/wp-json\/wp\/v2\/product"}],"about":[{"href":"https:\/\/afrycom.com\/fr\/wp-json\/wp\/v2\/types\/product"}],"replies":[{"embeddable":true,"href":"https:\/\/afrycom.com\/fr\/wp-json\/wp\/v2\/comments?post=22375"}],"wp:featuredmedia":[{"embeddable":true,"href":"https:\/\/afrycom.com\/fr\/wp-json\/wp\/v2\/media\/22376"}],"wp:attachment":[{"href":"https:\/\/afrycom.com\/fr\/wp-json\/wp\/v2\/media?parent=22375"}],"wp:term":[{"taxonomy":"product_brand","embeddable":true,"href":"https:\/\/afrycom.com\/fr\/wp-json\/wp\/v2\/product_brand?post=22375"},{"taxonomy":"product_cat","embeddable":true,"href":"https:\/\/afrycom.com\/fr\/wp-json\/wp\/v2\/product_cat?post=22375"},{"taxonomy":"product_tag","embeddable":true,"href":"https:\/\/afrycom.com\/fr\/wp-json\/wp\/v2\/product_tag?post=22375"}],"curies":[{"name":"wp","href":"https:\/\/api.w.org\/{rel}","templated":true}]}}