{"id":22330,"date":"2025-05-29T16:12:53","date_gmt":"2025-05-29T16:12:53","guid":{"rendered":"https:\/\/afrycom.com\/product\/%e7%be%8a%e6%af%9b%e8%a5%bf%e6%9c%8d%e5%a5%97%e8%a3%85%e7%94%b7%e9%ab%98%e7%ab%af%e7%bb%93%e5%a9%9a%e6%96%b0%e9%83%8e%e7%a4%bc%e6%9c%8d%e8%a5%bf%e8%a3%85%e7%94%b7%e8%a3%85%e4%bf%ae%e8%ba%ab%e7%81%b0\/"},"modified":"2025-10-07T04:26:06","modified_gmt":"2025-10-07T04:26:06","slug":"costume-homme-en-laine-ensemble-elegant-gris-bleu-a-rayures-coupe-slim-haut-de-gamme-ideal-pour-mariage-ceremonie-ou-tenue-de-bureau","status":"publish","type":"product","link":"https:\/\/afrycom.com\/fr\/produit\/costume-homme-en-laine-ensemble-elegant-gris-bleu-a-rayures-coupe-slim-haut-de-gamme-ideal-pour-mariage-ceremonie-ou-tenue-de-bureau\/","title":{"rendered":"Costume Homme en Laine - Ensemble \u00c9l\u00e9gant Gris Bleu \u00e0 Rayures, Coupe Slim, Haut de Gamme, Id\u00e9al pour Mariage, C\u00e9r\u00e9monie ou Tenue de Bureau"},"content":{"rendered":"","protected":false},"excerpt":{"rendered":"","protected":false},"featured_media":22369,"comment_status":"open","ping_status":"closed","template":"","meta":[],"product_brand":[],"product_cat":[1450,5001],"product_tag":[],"class_list":{"0":"post-22330","1":"product","2":"type-product","3":"status-publish","4":"has-post-thumbnail","6":"product_cat-mens-section","7":"product_cat-suits-formal-wear","9":"first","10":"instock","11":"shipping-taxable","12":"purchasable","13":"product-type-variable"},"jetpack_sharing_enabled":true,"_links":{"self":[{"href":"https:\/\/afrycom.com\/fr\/wp-json\/wp\/v2\/product\/22330","targetHints":{"allow":["GET"]}}],"collection":[{"href":"https:\/\/afrycom.com\/fr\/wp-json\/wp\/v2\/product"}],"about":[{"href":"https:\/\/afrycom.com\/fr\/wp-json\/wp\/v2\/types\/product"}],"replies":[{"embeddable":true,"href":"https:\/\/afrycom.com\/fr\/wp-json\/wp\/v2\/comments?post=22330"}],"wp:featuredmedia":[{"embeddable":true,"href":"https:\/\/afrycom.com\/fr\/wp-json\/wp\/v2\/media\/22369"}],"wp:attachment":[{"href":"https:\/\/afrycom.com\/fr\/wp-json\/wp\/v2\/media?parent=22330"}],"wp:term":[{"taxonomy":"product_brand","embeddable":true,"href":"https:\/\/afrycom.com\/fr\/wp-json\/wp\/v2\/product_brand?post=22330"},{"taxonomy":"product_cat","embeddable":true,"href":"https:\/\/afrycom.com\/fr\/wp-json\/wp\/v2\/product_cat?post=22330"},{"taxonomy":"product_tag","embeddable":true,"href":"https:\/\/afrycom.com\/fr\/wp-json\/wp\/v2\/product_tag?post=22330"}],"curies":[{"name":"wp","href":"https:\/\/api.w.org\/{rel}","templated":true}]}}