{"id":22319,"date":"2025-05-29T16:11:13","date_gmt":"2025-05-29T16:11:13","guid":{"rendered":"https:\/\/afrycom.com\/product\/%e5%a4%8f%e6%96%b0%e7%a9%ba%e6%b0%94%e7%82%b8%e9%94%85%e6%95%b4%e6%9c%ba15%e5%8d%87%e6%99%ba%e8%83%bd%e5%a4%a7%e5%ae%b9%e9%87%8f%e6%97%a0%e6%b2%b9%e5%85%a8%e8%87%aa%e5%8a%a8%e5%85%8d%e7%bf%bb%e9%9d%a2\/"},"modified":"2026-01-26T16:01:13","modified_gmt":"2026-01-26T16:01:13","slug":"friteuse-a-air-amoi-15l-grande-capacite-sans-huile-automatique-ideale-pour-une-cuisson-saine-et-facile","status":"publish","type":"product","link":"https:\/\/afrycom.com\/fr\/produit\/friteuse-a-air-amoi-15l-grande-capacite-sans-huile-automatique-ideale-pour-une-cuisson-saine-et-facile\/","title":{"rendered":"Friteuse \u00e0 air AMOI 15L - Grande capacit\u00e9, sans huile, automatique. Id\u00e9ale pour une cuisson saine et facile !"},"content":{"rendered":"","protected":false},"excerpt":{"rendered":"","protected":false},"featured_media":29068,"comment_status":"open","ping_status":"closed","template":"","meta":[],"product_brand":[],"product_cat":[2955],"product_tag":[],"class_list":{"0":"post-22319","1":"product","2":"type-product","3":"status-publish","4":"has-post-thumbnail","6":"product_cat-air-fryer","8":"first","9":"instock","10":"shipping-taxable","11":"purchasable","12":"product-type-variable"},"jetpack_sharing_enabled":true,"_links":{"self":[{"href":"https:\/\/afrycom.com\/fr\/wp-json\/wp\/v2\/product\/22319","targetHints":{"allow":["GET"]}}],"collection":[{"href":"https:\/\/afrycom.com\/fr\/wp-json\/wp\/v2\/product"}],"about":[{"href":"https:\/\/afrycom.com\/fr\/wp-json\/wp\/v2\/types\/product"}],"replies":[{"embeddable":true,"href":"https:\/\/afrycom.com\/fr\/wp-json\/wp\/v2\/comments?post=22319"}],"wp:featuredmedia":[{"embeddable":true,"href":"https:\/\/afrycom.com\/fr\/wp-json\/wp\/v2\/media\/29068"}],"wp:attachment":[{"href":"https:\/\/afrycom.com\/fr\/wp-json\/wp\/v2\/media?parent=22319"}],"wp:term":[{"taxonomy":"product_brand","embeddable":true,"href":"https:\/\/afrycom.com\/fr\/wp-json\/wp\/v2\/product_brand?post=22319"},{"taxonomy":"product_cat","embeddable":true,"href":"https:\/\/afrycom.com\/fr\/wp-json\/wp\/v2\/product_cat?post=22319"},{"taxonomy":"product_tag","embeddable":true,"href":"https:\/\/afrycom.com\/fr\/wp-json\/wp\/v2\/product_tag?post=22319"}],"curies":[{"name":"wp","href":"https:\/\/api.w.org\/{rel}","templated":true}]}}