{"id":22146,"date":"2025-05-04T15:06:26","date_gmt":"2025-05-04T15:06:26","guid":{"rendered":"https:\/\/afrycom.com\/product\/%e6%9a%b4%e9%a3%8e%e5%88%87%e8%8f%9c%e7%a5%9e%e5%99%a8%e5%88%87%e4%b8%9d%e5%99%a8%e5%ae%b6%e7%94%a8%e6%93%a6%e4%b8%9d%e5%88%a8%e4%b8%9d%e5%99%a8%e5%8e%a8%e6%88%bf%e5%89%8a%e5%9c%9f%e8%b1%86%e4%b8%9d\/"},"modified":"2025-05-07T14:46:01","modified_gmt":"2025-05-07T14:46:01","slug":"epluche-legumes-multifonction-rape-et-trancheuse-pour-une-decoupe-rapide-et-efficace-parfait-pour-realiser-des-frites-de-pommes-de-terre-ou-des-julienne-de-legumes-accessoire-pratique-pour-une-u","status":"publish","type":"product","link":"https:\/\/afrycom.com\/fr\/produit\/epluche-legumes-multifonction-rape-et-trancheuse-pour-une-decoupe-rapide-et-efficace-parfait-pour-realiser-des-frites-de-pommes-de-terre-ou-des-julienne-de-legumes-accessoire-pratique-pour-une-u\/","title":{"rendered":"\u00c9pluche-l\u00e9gumes multifonction &#8211; R\u00e2pe, trancheuse et \u00e9plucheuse pour une d\u00e9coupe rapide et efficace"},"content":{"rendered":"","protected":false},"excerpt":{"rendered":"","protected":false},"featured_media":22147,"comment_status":"open","ping_status":"closed","template":"","meta":[],"product_brand":[],"product_cat":[31],"product_tag":[],"class_list":{"0":"post-22146","1":"product","2":"type-product","3":"status-publish","4":"has-post-thumbnail","6":"product_cat-small-kitchen-appliances-appliances","8":"first","9":"instock","10":"shipping-taxable","11":"purchasable","12":"product-type-variable"},"jetpack_sharing_enabled":true,"_links":{"self":[{"href":"https:\/\/afrycom.com\/fr\/wp-json\/wp\/v2\/product\/22146","targetHints":{"allow":["GET"]}}],"collection":[{"href":"https:\/\/afrycom.com\/fr\/wp-json\/wp\/v2\/product"}],"about":[{"href":"https:\/\/afrycom.com\/fr\/wp-json\/wp\/v2\/types\/product"}],"replies":[{"embeddable":true,"href":"https:\/\/afrycom.com\/fr\/wp-json\/wp\/v2\/comments?post=22146"}],"wp:featuredmedia":[{"embeddable":true,"href":"https:\/\/afrycom.com\/fr\/wp-json\/wp\/v2\/media\/22147"}],"wp:attachment":[{"href":"https:\/\/afrycom.com\/fr\/wp-json\/wp\/v2\/media?parent=22146"}],"wp:term":[{"taxonomy":"product_brand","embeddable":true,"href":"https:\/\/afrycom.com\/fr\/wp-json\/wp\/v2\/product_brand?post=22146"},{"taxonomy":"product_cat","embeddable":true,"href":"https:\/\/afrycom.com\/fr\/wp-json\/wp\/v2\/product_cat?post=22146"},{"taxonomy":"product_tag","embeddable":true,"href":"https:\/\/afrycom.com\/fr\/wp-json\/wp\/v2\/product_tag?post=22146"}],"curies":[{"name":"wp","href":"https:\/\/api.w.org\/{rel}","templated":true}]}}