{"id":2205,"date":"2025-03-08T05:47:18","date_gmt":"2025-03-08T05:47:18","guid":{"rendered":"https:\/\/afrycom.com\/product\/lmhbjy-350-500-750-1000ml-double-paroi-en-acier-inoxydable-bouteille-deau-thermos-bouteille-garder-au-chaud-et-au-froid-isole-flacon-sous-vide-sport\/"},"modified":"2025-03-08T05:47:27","modified_gmt":"2025-03-08T05:47:27","slug":"lmhbjy-350-500-750-1000ml-double-paroi-en-acier-inoxydable-bouteille-deau-thermos-bouteille-garder-au-chaud-et-au-froid-isole-flacon-sous-vide-sport","status":"publish","type":"product","link":"https:\/\/afrycom.com\/fr\/produit\/lmhbjy-350-500-750-1000ml-double-paroi-en-acier-inoxydable-bouteille-deau-thermos-bouteille-garder-au-chaud-et-au-froid-isole-flacon-sous-vide-sport\/","title":{"rendered":"LMHBJY 350\/500\/750\/1000ml Double paroi en acier inoxydable bouteille d'eau Thermos bouteille garder au chaud et au froid isol\u00e9 flacon sous vide Sport"},"content":{"rendered":"<div class=\"product-specs-list-container\">\n<ul class=\"product-specs-list util-clearfix\">\n<li class=\"product-prop line-limit-length\"><span class=\"property-title\">Chimique Hign-concern\u00e9 :\u00a0<\/span><span class=\"property-desc line-limit-length\">Aucun<\/span><\/li>\n<li class=\"product-prop line-limit-length\"><span class=\"property-title\">Certification :\u00a0<\/span><span class=\"property-desc line-limit-length\">CE \/ UE,CIQ<\/span><\/li>\n<li class=\"product-prop line-limit-length\"><span class=\"property-title\">Caract\u00e9ristique :\u00a0<\/span><span class=\"property-desc line-limit-length\">Eco-friendly,Stock\u00e9s,Mini,Grande capacit\u00e9,Entreprise<\/span><\/li>\n<li class=\"product-prop line-limit-length\"><span class=\"property-title\">Personnes Applicables :\u00a0<\/span><span class=\"property-desc line-limit-length\">Lovers<\/span><\/li>\n<li class=\"product-prop line-limit-length\"><span class=\"property-title\">Mat\u00e9riel du thermos :\u00a0<\/span><span class=\"property-desc line-limit-length\">Acier inoxydable<\/span><\/li>\n<li class=\"product-prop line-limit-length\"><span class=\"property-title\">Type de bouteille :\u00a0<\/span><span class=\"property-desc line-limit-length\">vacuum<\/span><\/li>\n<li class=\"product-prop line-limit-length\"><span class=\"property-title\">Mat\u00e9riau de rev\u00eatement en verre :\u00a0<\/span><span class=\"property-desc line-limit-length\">Acier inoxydable<\/span><\/li>\n<li class=\"product-prop line-limit-length\"><span class=\"property-title\">Num\u00e9ro de Mod\u00e8le :\u00a0<\/span><span class=\"property-desc line-limit-length\">Stainles Steel Water bottle<\/span><\/li>\n<li class=\"product-prop line-limit-length\"><span class=\"property-title\">Forme :\u00a0<\/span><span class=\"property-desc line-limit-length\">Balle<\/span><\/li>\n<li class=\"product-prop line-limit-length\"><span class=\"property-title\">Mat\u00e9riau :\u00a0<\/span><span class=\"property-desc line-limit-length\">Acier inoxydable<\/span><\/li>\n<li class=\"product-prop line-limit-length\"><span class=\"property-title\">Production :\u00a0<\/span><span class=\"property-desc line-limit-length\">Flacons d'aspirateur<\/span><\/li>\n<li class=\"product-prop line-limit-length\"><span class=\"property-title\">Performance de l'isolation thermique :\u00a0<\/span><span class=\"property-desc line-limit-length\">6 \u00e0 12 heures<\/span><\/li>\n<li class=\"product-prop line-limit-length\"><span class=\"property-title\">Type de m\u00e9tal :\u00a0<\/span><span class=\"property-desc line-limit-length\">Acier inoxydable<\/span><\/li>\n<li class=\"product-prop line-limit-length\"><span class=\"property-title\">Origine :\u00a0<\/span><span class=\"property-desc line-limit-length\">CN (Origine)<\/span><\/li>\n<li class=\"product-prop line-limit-length\"><span class=\"property-title\">Type d'ustensiles de boisson :\u00a0<\/span><span class=\"property-desc line-limit-length\">Bouteilles thermos &amp; thermos<\/span><\/li>\n<li class=\"product-prop line-limit-length\"><span class=\"property-title\">Couleur :\u00a0<\/span><span class=\"property-desc line-limit-length\">White,Red,Gold,Blue,Black<\/span><\/li>\n<li class=\"product-prop line-limit-length\"><span class=\"property-title\">Capacit\u00e9 :\u00a0<\/span><span class=\"property-desc line-limit-length\">350ML,500ML,750ML,1000ML<\/span><\/li>\n<li class=\"product-prop line-limit-length\"><span class=\"property-title\">Taille :\u00a0<\/span><span class=\"property-desc line-limit-length\">7x12cm,7x27cm,8&#215;31.5cm,9&#215;32.5cm<\/span><\/li>\n<li class=\"product-prop line-limit-length\"><span class=\"property-title\">Type 1:\u00a0<\/span><span class=\"property-desc line-limit-length\">Double Wall Stainles Steel Water Bottle<\/span><\/li>\n<li class=\"product-prop line-limit-length\"><span class=\"property-title\">Type 2:\u00a0<\/span><span class=\"property-desc line-limit-length\">Thermos Bottle<\/span><\/li>\n<li class=\"product-prop line-limit-length\"><span class=\"property-title\">Type 3:\u00a0<\/span><span class=\"property-desc line-limit-length\">Vacuum flask thermos<\/span><\/li>\n<li class=\"product-prop line-limit-length\"><span class=\"property-title\">Type 4:\u00a0<\/span><span class=\"property-desc line-limit-length\">Thermos stainless<\/span><\/li>\n<li class=\"product-prop line-limit-length\"><span class=\"property-title\">Type 5:\u00a0<\/span><span class=\"property-desc line-limit-length\">Water bottle keeps cold<\/span><\/li>\n<li class=\"product-prop line-limit-length\"><span class=\"property-title\">Type :\u00a0<\/span><span class=\"property-desc line-limit-length\">Insulated bottle<\/span><\/li>\n<li class=\"product-prop line-limit-length\"><span class=\"property-title\">Type 6:\u00a0<\/span><span class=\"property-desc line-limit-length\">Hot water bottle<\/span><\/li>\n<li class=\"product-prop line-limit-length\"><span class=\"property-title\">Type 7:\u00a0<\/span><span class=\"property-desc line-limit-length\">Stainless steel insulated bottle<\/span><\/li>\n<li class=\"product-prop line-limit-length\"><span class=\"property-title\">Type 8:\u00a0<\/span><span class=\"property-desc line-limit-length\">Water bottles stainless steel<\/span><\/li>\n<li class=\"product-prop line-limit-length\"><span class=\"property-title\">Type 9:\u00a0<\/span><span class=\"property-desc line-limit-length\">Stainless steel water bottle<\/span><\/li>\n<li class=\"product-prop line-limit-length\"><span class=\"property-title\">Type 10:\u00a0<\/span><span class=\"property-desc line-limit-length\">Water bottle stainless steel vacuum thermos<\/span><\/li>\n<li class=\"product-prop line-limit-length\"><span class=\"property-title\">Type 11:\u00a0<\/span><span class=\"property-desc line-limit-length\">Vacuum flask thermos bottle<\/span><\/li>\n<li class=\"product-prop line-limit-length\"><span class=\"property-title\">Type 12:\u00a0<\/span><span class=\"property-desc line-limit-length\">Vacuum flask thermos bottle<\/span><\/li>\n<li class=\"product-prop line-limit-length\"><span class=\"property-title\">Type 13:\u00a0<\/span><span class=\"property-desc line-limit-length\">Hot and cold water bottle thermos<\/span><\/li>\n<li class=\"product-prop line-limit-length\"><span class=\"property-title\">Type 14:\u00a0<\/span><span class=\"property-desc line-limit-length\">Sports thermos<\/span><\/li>\n<li class=\"product-prop line-limit-length\"><span class=\"property-title\">Type 15:\u00a0<\/span><span class=\"property-desc line-limit-length\">Sports Water Bottle<\/span><\/li>\n<\/ul>\n<\/div>\n<div class=\"detailmodule_html\">\n<div class=\"detail-desc-decorate-richtext\">\n<div class=\"detailmodule_html\">\n<div class=\"detail-desc-decorate-richtext\">\n<div>\n<div>\n<div>\n<div>\n<div>\n<div>\n<p class=\"productHead white-space\" style=\"font-family: 'Helvetica Neue', Helvetica, Arial, sans-serif; font-size: 13px; font-weight: 400; letter-spacing: normal; text-align: left; white-space: pre-wrap; color: #434649; background-color: #ffffff; margin: 0px; padding: 0px; box-sizing: border-box;\" align=\"left\">\u00a0<\/p>\n<\/div>\n<div>\u00a0<\/div>\n<\/div>\n<div>\u00a0<\/div>\n<\/div>\n<div>Caract\u00e9ristiques :<\/p>\n<p>100% neuf et de haute qualit\u00e9.<\/p>\n<p>Construction en acier inoxydable de haute qualit\u00e9 avec une technologie unique d&#8217;isolation sous vide \u00e0 double paroi et un capuchon de joint sous vide.<\/p>\n<p>Ces bouteilles sont utiles toute l&#8217;ann\u00e9e, gardant votre th\u00e9 au chaud en hiver et l&#8217;eau fra\u00eeche en \u00e9t\u00e9.<\/p>\n<p>Ces bouteilles sont enti\u00e8rement \u00e9tanches, vous n&#8217;avez donc pas \u00e0 vous soucier de simplement les ranger dans votre sac avec le reste de vos affaires.<\/p>\n<p>Les utilisations typiques incluent l&#8217;eau, le th\u00e9, le caf\u00e9, les boissons gazeuses, le vin et m\u00eame la soupe.<\/p>\n<p>Ces bouteilles sont l\u00e9g\u00e8res et parfaites pour l&#8217;emporter \u00e0 l&#8217;\u00e9cole, \u00e0 l&#8217;universit\u00e9 et au travail.<\/p>\n<p>Bouchon de bouteille portable, pratique et tendance<\/p>\n<p>Design \u00e9l\u00e9gant de la bouche de la tasse, d\u00e9licat et doux<\/p>\n<p>Fond de tasse lisse, r\u00e9sistant aux chocs et aux pouss\u00e9es<\/p>\n<p>Sp\u00e9cification :<\/p>\n<p>Mat\u00e9riau : 304 Isolation \u00e0 double paroi. Acier inoxydable<\/p>\n<p>Le forfait comprend :<\/p>\n<p>1 * flacon thermos sous vide<\/p><\/div>\n<\/div>\n<div style=\"display: flex;\">\n<div style=\"text-align: center; width: 100%;\" align=\"center\">\n<p style=\"text-align: left; margin: 0px;\" align=\"left\"><img decoding=\"async\" src=\"https:\/\/ae01.alicdn.com\/kf\/Sf44190156ff2468c9961e2ce7166627eq.jpg?width=1000&amp;height=1000&amp;hash=2000\" \/><\/p>\n<p>Remarques :<\/p>\n<p><span style=\"font-size: 16px;\"><span style=\"color: #c0392b;\">&#8211; Une erreur de 1 \u00e0 2 cm peut exister en raison des mesures manuelles, l&#8217;\u00e9cart des couleurs peut diff\u00e9rer en raison des diff\u00e9rents param\u00e8tres du moniteur, veuillez comprendre.<\/p>\n<p>Construction en acier inoxydable de haute qualit\u00e9 avec une technologie unique d&#8217;isolation sous vide \u00e0 double paroi et un capuchon de joint sous vide.<\/p>\n<p>Ces bouteilles sont utiles toute l&#8217;ann\u00e9e, gardant votre th\u00e9 au chaud en hiver et l&#8217;eau fra\u00eeche en \u00e9t\u00e9.<\/p>\n<p>Ces bouteilles sont enti\u00e8rement \u00e9tanches, vous n&#8217;avez donc pas \u00e0 vous soucier de simplement les ranger dans votre sac avec le reste de vos affaires.<\/p>\n<p>Les utilisations typiques incluent l&#8217;eau, le th\u00e9, le caf\u00e9, les boissons gazeuses, le vin et m\u00eame la soupe.<\/span><\/span><br \/><img decoding=\"async\" src=\"https:\/\/ae01.alicdn.com\/kf\/S75e0b8e34675406f85de303ab067fd7dt.jpg?width=800&amp;height=800&amp;hash=1600\" \/><\/p>\n<p><strong><span style=\"color: #c0392b;\">Les d\u00e9tails du produit sont les suivants :<\/span><\/strong><\/p>\n<p>Bouchon de bouteille portable, pratique et tendance<\/p>\n<p>Design \u00e9l\u00e9gant de la bouche de la tasse, d\u00e9licat et doux<\/p>\n<p>Fond de tasse lisse, r\u00e9sistant aux chocs et aux pouss\u00e9es<br \/><img decoding=\"async\" style=\"width: 1000px; height: 585px;\" src=\"https:\/\/ae01.alicdn.com\/kf\/S3588aa8d209d479b95a7d420877e9efbU.jpg?width=790&amp;height=462&amp;hash=1252\" width=\"1000px\" height=\"585px\" \/><img decoding=\"async\" style=\"width: 1000px; height: 1465px;\" src=\"https:\/\/ae01.alicdn.com\/kf\/S958b27bb43f04a91bfdb12f1d4fc98b20.jpg?width=790&amp;height=1157&amp;hash=1947\" width=\"1000px\" height=\"1465px\" \/><img decoding=\"async\" style=\"width: 1000px; height: 1242px;\" src=\"https:\/\/ae01.alicdn.com\/kf\/S7b260411edb94feeb131df6ae8ca2b94m.jpg?width=790&amp;height=981&amp;hash=1771\" width=\"1000px\" height=\"1242px\" \/><br \/><img decoding=\"async\" style=\"width: 1000px;\" src=\"https:\/\/ae01.alicdn.com\/kf\/S0d2b7597f1e3449a899d8ca5105f5b803.jpg?width=790&amp;height=904&amp;hash=1694\" width=\"1000px\" \/><\/p>\n<\/div>\n<\/div>\n<div style=\"margin-top: 0px; display: flex;\">\n<div style=\"width: 100%;\"><img decoding=\"async\" style=\"width: 1000px; height: 1446px;\" src=\"https:\/\/ae01.alicdn.com\/kf\/S848ea058c37b43d999a7bfc851396b70g.jpg?width=790&amp;height=1142&amp;hash=1932\" width=\"1000px\" height=\"1446px\" \/><\/div>\n<\/div>\n<div style=\"margin-top: 0px; display: flex;\">\n<div style=\"width: 100%;\"><img decoding=\"async\" style=\"width: 1000px; height: 965px;\" src=\"https:\/\/ae01.alicdn.com\/kf\/S36afba6496734e75b1c7f95f7148d9fbM.jpg?width=790&amp;height=762&amp;hash=1552\" width=\"1000px\" height=\"965px\" \/><br \/><img decoding=\"async\" style=\"width: 1000px; height: 1000px;\" src=\"https:\/\/ae01.alicdn.com\/kf\/S565bbbc07b344d79bdf3dd49186d6c02f.jpg?width=1000&amp;height=1000&amp;hash=2000\" width=\"1000px\" height=\"1000px\" \/><br \/><img decoding=\"async\" style=\"width: 1000px; height: 1000px;\" src=\"https:\/\/ae01.alicdn.com\/kf\/Sbf26d4209edb4cef8b11cae7dd608d67y.jpg?width=1000&amp;height=1000&amp;hash=2000\" width=\"1000px\" height=\"1000px\" \/><br \/><img decoding=\"async\" style=\"width: 1000px; height: 1000px;\" src=\"https:\/\/ae01.alicdn.com\/kf\/Sb172b191b6aa400e802eff73fda02201Y.jpg?width=800&amp;height=800&amp;hash=1600\" width=\"1000px\" height=\"1000px\" \/><\/p>\n<\/div>\n<\/div>\n<\/div>\n<\/div>\n<p>\u00a0<\/p>\n<\/div>\n<\/div>\n<\/div>\n<\/div>","protected":false},"excerpt":{"rendered":"<p>Chimique Hign-concern\u00e9:\u00a0Aucun Certification:\u00a0CE \/ UE,CIQ Caract\u00e9ristique:\u00a0Eco-friendly,Stock\u00e9s,Mini,Grande capacit\u00e9,Entreprise Personnes Applicables:\u00a0Lovers Mat\u00e9riel du thermos:\u00a0Acier inoxydable Type de bouteille:\u00a0vacuum Mat\u00e9riau de rev\u00eatement en<\/p>","protected":false},"featured_media":2206,"comment_status":"open","ping_status":"closed","template":"","meta":[],"product_brand":[],"product_cat":[15],"product_tag":[],"class_list":{"0":"post-2205","1":"product","2":"type-product","3":"status-publish","4":"has-post-thumbnail","6":"product_cat-uncategorized","8":"first","9":"instock","10":"shipping-taxable","11":"purchasable","12":"product-type-variable"},"jetpack_sharing_enabled":true,"_links":{"self":[{"href":"https:\/\/afrycom.com\/fr\/wp-json\/wp\/v2\/product\/2205","targetHints":{"allow":["GET"]}}],"collection":[{"href":"https:\/\/afrycom.com\/fr\/wp-json\/wp\/v2\/product"}],"about":[{"href":"https:\/\/afrycom.com\/fr\/wp-json\/wp\/v2\/types\/product"}],"replies":[{"embeddable":true,"href":"https:\/\/afrycom.com\/fr\/wp-json\/wp\/v2\/comments?post=2205"}],"wp:featuredmedia":[{"embeddable":true,"href":"https:\/\/afrycom.com\/fr\/wp-json\/wp\/v2\/media\/2206"}],"wp:attachment":[{"href":"https:\/\/afrycom.com\/fr\/wp-json\/wp\/v2\/media?parent=2205"}],"wp:term":[{"taxonomy":"product_brand","embeddable":true,"href":"https:\/\/afrycom.com\/fr\/wp-json\/wp\/v2\/product_brand?post=2205"},{"taxonomy":"product_cat","embeddable":true,"href":"https:\/\/afrycom.com\/fr\/wp-json\/wp\/v2\/product_cat?post=2205"},{"taxonomy":"product_tag","embeddable":true,"href":"https:\/\/afrycom.com\/fr\/wp-json\/wp\/v2\/product_tag?post=2205"}],"curies":[{"name":"wp","href":"https:\/\/api.w.org\/{rel}","templated":true}]}}