{"id":22036,"date":"2025-05-04T15:04:39","date_gmt":"2025-05-04T15:04:39","guid":{"rendered":"https:\/\/afrycom.com\/product\/%e4%b8%8d%e9%94%88%e9%92%a2%e6%89%8b%e5%8a%a8%e6%a6%a8%e6%b1%81%e5%99%a8%e6%a9%99%e5%ad%90%e5%a4%b9%e5%ad%90%e8%bf%b7%e4%bd%a0%e5%b0%8f%e5%9e%8b%e6%9e%9c%e6%b1%81%e6%9c%ba%e5%ae%b6%e7%94%a8%e6%89%8b\/"},"modified":"2025-07-31T15:05:31","modified_gmt":"2025-07-31T15:05:31","slug":"presse-citron-manuel-en-acier-inoxydable-mini-presse-a-jus-pour-citrons-et-oranges-compacte-facile-a-utiliser-et-a-nettoyer-ideale-pour-la-maison","status":"publish","type":"product","link":"https:\/\/afrycom.com\/fr\/produit\/presse-citron-manuel-en-acier-inoxydable-mini-presse-a-jus-pour-citrons-et-oranges-compacte-facile-a-utiliser-et-a-nettoyer-ideale-pour-la-maison\/","title":{"rendered":"Presse-Citron Manuel en Acier Inoxydable - Mini Presse \u00e0 Jus Portable, Id\u00e9al pour Citrons, Oranges et Agrumes, Pression Main, Compact et Facile \u00e0 Nettoyer"},"content":{"rendered":"","protected":false},"excerpt":{"rendered":"","protected":false},"featured_media":22037,"comment_status":"open","ping_status":"closed","template":"","meta":[],"product_brand":[],"product_cat":[31],"product_tag":[],"class_list":{"0":"post-22036","1":"product","2":"type-product","3":"status-publish","4":"has-post-thumbnail","6":"product_cat-small-kitchen-appliances-appliances","8":"first","9":"instock","10":"shipping-taxable","11":"purchasable","12":"product-type-variable"},"jetpack_sharing_enabled":true,"_links":{"self":[{"href":"https:\/\/afrycom.com\/fr\/wp-json\/wp\/v2\/product\/22036","targetHints":{"allow":["GET"]}}],"collection":[{"href":"https:\/\/afrycom.com\/fr\/wp-json\/wp\/v2\/product"}],"about":[{"href":"https:\/\/afrycom.com\/fr\/wp-json\/wp\/v2\/types\/product"}],"replies":[{"embeddable":true,"href":"https:\/\/afrycom.com\/fr\/wp-json\/wp\/v2\/comments?post=22036"}],"wp:featuredmedia":[{"embeddable":true,"href":"https:\/\/afrycom.com\/fr\/wp-json\/wp\/v2\/media\/22037"}],"wp:attachment":[{"href":"https:\/\/afrycom.com\/fr\/wp-json\/wp\/v2\/media?parent=22036"}],"wp:term":[{"taxonomy":"product_brand","embeddable":true,"href":"https:\/\/afrycom.com\/fr\/wp-json\/wp\/v2\/product_brand?post=22036"},{"taxonomy":"product_cat","embeddable":true,"href":"https:\/\/afrycom.com\/fr\/wp-json\/wp\/v2\/product_cat?post=22036"},{"taxonomy":"product_tag","embeddable":true,"href":"https:\/\/afrycom.com\/fr\/wp-json\/wp\/v2\/product_tag?post=22036"}],"curies":[{"name":"wp","href":"https:\/\/api.w.org\/{rel}","templated":true}]}}