{"id":2179,"date":"2025-03-08T05:46:40","date_gmt":"2025-03-08T05:46:40","guid":{"rendered":"https:\/\/afrycom.com\/product\/poele-a-crepes-antiadhesive-4-moules-a-crepes-conception-antiadhesive-poignee-anti-brulure-adaptee-aux-omelettes-pizza-pain-au-fromage\/"},"modified":"2025-03-08T05:46:46","modified_gmt":"2025-03-08T05:46:46","slug":"poele-a-crepes-antiadhesive-4-moules-a-crepes-conception-antiadhesive-poignee-anti-brulure-adaptee-aux-omelettes-pizza-pain-au-fromage","status":"publish","type":"product","link":"https:\/\/afrycom.com\/fr\/produit\/poele-a-crepes-antiadhesive-4-moules-a-crepes-conception-antiadhesive-poignee-anti-brulure-adaptee-aux-omelettes-pizza-pain-au-fromage\/","title":{"rendered":"Po\u00eale \u00e0 cr\u00eapes antiadh\u00e9sive, 4 moules \u00e0 cr\u00eapes, conception antiadh\u00e9sive, poign\u00e9e anti-br\u00fblure adapt\u00e9e aux omelettes, pizza, pain au fromage"},"content":{"rendered":"<div class=\"product-specs-list-container\">\n<ul class=\"product-specs-list util-clearfix\">\n<li class=\"product-prop line-limit-length\"><span\n                                        class=\"property-title\">Chimique Hign-concern\u00e9 :&nbsp;<\/span><span\n                                        class=\"property-desc line-limit-length\">Aucun<\/span>\n                            <\/li>\n<li class=\"product-prop line-limit-length\"><span\n                                        class=\"property-title\">Certification :&nbsp;<\/span><span\n                                        class=\"property-desc line-limit-length\">CE, ROHS<\/span>\n                            <\/li>\n<li class=\"product-prop line-limit-length\"><span\n                                        class=\"property-title\">Tension (V) :&nbsp;<\/span><span\n                                        class=\"property-desc line-limit-length\">220V<\/span>\n                            <\/li>\n<li class=\"product-prop line-limit-length\"><span\n                                        class=\"property-title\">Puissance (W) :&nbsp;<\/span><span\n                                        class=\"property-desc line-limit-length\">1400W<\/span>\n                            <\/li>\n<li class=\"product-prop line-limit-length\"><span\n                                        class=\"property-title\">Nom de marque :&nbsp;<\/span><span\n                                        class=\"property-desc line-limit-length\">Houselin<\/span>\n                            <\/li>\n<li class=\"product-prop line-limit-length\"><span\n                                        class=\"property-title\">Origine :&nbsp;<\/span><span\n                                        class=\"property-desc line-limit-length\">CN (Origine)<\/span>\n                            <\/li>\n<\/ul><\/div>\n<div class=\"detailmodule_html\">\n<div class=\"detail-desc-decorate-richtext\">\n<div class=\"detailmodule_html\">\n<div class=\"detail-desc-decorate-richtext\">\n<div id=\"tl_1\">\n   &Agrave; propos de cet article :<br \/>\n   <br \/>1.Vous pouvez r&eacute;aliser quatre omelettes &agrave; la fois, &eacute;conomisant du temps et des efforts<br \/>\n   <br \/>2.Pots polyvalents pour pr&eacute;parer toutes sortes de collations<br \/>\n   <br \/>3. Chauffage double face puissant, la chaleur p&eacute;n&egrave;tre imm&eacute;diatement &agrave; l&#8217;int&eacute;rieur des ingr&eacute;dients, croustillante &agrave; l&#8217;ext&eacute;rieur et conserve la saveur originale des ingr&eacute;dients\n  <\/div>\n<p style=\"text-align:left;margin:0px;margin-bottom:0px;margin-top:0px;margin-left:0px;margin-right:0px\" align=\"left\"><img decoding=\"async\" src=\"https:\/\/ae01.alicdn.com\/kf\/S2deac44b0a274ed497a354d0f70aeabdf.jpg?width=1000&amp;height=1000&amp;hash=2000\" slate-data-type=\"image\" \/><img decoding=\"async\" src=\"https:\/\/ae01.alicdn.com\/kf\/S7291d8773e81494faf8865cee5e12dec6.jpg?width=1000&amp;height=1000&amp;hash=2000\" slate-data-type=\"image\" \/><img decoding=\"async\" src=\"https:\/\/ae01.alicdn.com\/kf\/S90fe8f2fb6874d258017f6a08db0f6fea.jpg?width=1000&amp;height=1000&amp;hash=2000\" slate-data-type=\"image\" \/><img decoding=\"async\" src=\"https:\/\/ae01.alicdn.com\/kf\/Sf1c34e3f35ae45cfb9e0725e95bb4cb1r.jpg?width=1000&amp;height=1000&amp;hash=2000\" slate-data-type=\"image\" \/><img decoding=\"async\" src=\"https:\/\/ae01.alicdn.com\/kf\/Sa8a1816f8ff6491e95052185a4fa4fa86.jpg?width=1000&amp;height=1000&amp;hash=2000\" slate-data-type=\"image\" \/><img decoding=\"async\" src=\"https:\/\/ae01.alicdn.com\/kf\/Saf262f4968af4244af55dccd1179f1d9b.jpg?width=1000&amp;height=1000&amp;hash=2000\" slate-data-type=\"image\" \/><img decoding=\"async\" src=\"https:\/\/ae01.alicdn.com\/kf\/Sb2d38733003d4980b8ea0483dd475b3bV.jpg?width=1000&amp;height=1000&amp;hash=2000\" slate-data-type=\"image\" \/><img decoding=\"async\" src=\"https:\/\/ae01.alicdn.com\/kf\/Sc9f4bbfbc204400a80ed9967a4fc9c1ap.jpg?width=1000&amp;height=1000&amp;hash=2000\" slate-data-type=\"image\" \/><img decoding=\"async\" src=\"https:\/\/ae01.alicdn.com\/kf\/S6f592a51eec04c7ba8e585fbdc46e74d0.jpg?width=1000&amp;height=1000&amp;hash=2000\" slate-data-type=\"image\" \/><img decoding=\"async\" src=\"https:\/\/ae01.alicdn.com\/kf\/S057c2529fe4b4dd18828eb1ac508475eC.jpg?width=1000&amp;height=1000&amp;hash=2000\" slate-data-type=\"image\" \/><\/p>\n<\/p><\/div>\n<\/div>\n<p><\/div>\n<\/div>","protected":false},"excerpt":{"rendered":"<p>Chimique Hign-concern\u00e9:&nbsp;Aucun Certification:&nbsp;CE,ROHS Tension (V):&nbsp;220V Puissance (W):&nbsp;1400W Nom de marque:&nbsp;Houselin Origine:&nbsp;CN (Origine) &Agrave; propos de cet article : 1.Vous pouvez<\/p>","protected":false},"featured_media":2181,"comment_status":"open","ping_status":"closed","template":"","meta":[],"product_brand":[],"product_cat":[15],"product_tag":[],"class_list":{"0":"post-2179","1":"product","2":"type-product","3":"status-publish","4":"has-post-thumbnail","6":"product_cat-uncategorized","8":"first","9":"instock","10":"shipping-taxable","11":"purchasable","12":"product-type-variable"},"jetpack_sharing_enabled":true,"_links":{"self":[{"href":"https:\/\/afrycom.com\/fr\/wp-json\/wp\/v2\/product\/2179","targetHints":{"allow":["GET"]}}],"collection":[{"href":"https:\/\/afrycom.com\/fr\/wp-json\/wp\/v2\/product"}],"about":[{"href":"https:\/\/afrycom.com\/fr\/wp-json\/wp\/v2\/types\/product"}],"replies":[{"embeddable":true,"href":"https:\/\/afrycom.com\/fr\/wp-json\/wp\/v2\/comments?post=2179"}],"wp:featuredmedia":[{"embeddable":true,"href":"https:\/\/afrycom.com\/fr\/wp-json\/wp\/v2\/media\/2181"}],"wp:attachment":[{"href":"https:\/\/afrycom.com\/fr\/wp-json\/wp\/v2\/media?parent=2179"}],"wp:term":[{"taxonomy":"product_brand","embeddable":true,"href":"https:\/\/afrycom.com\/fr\/wp-json\/wp\/v2\/product_brand?post=2179"},{"taxonomy":"product_cat","embeddable":true,"href":"https:\/\/afrycom.com\/fr\/wp-json\/wp\/v2\/product_cat?post=2179"},{"taxonomy":"product_tag","embeddable":true,"href":"https:\/\/afrycom.com\/fr\/wp-json\/wp\/v2\/product_tag?post=2179"}],"curies":[{"name":"wp","href":"https:\/\/api.w.org\/{rel}","templated":true}]}}