{"id":21754,"date":"2025-05-04T15:01:15","date_gmt":"2025-05-04T15:01:15","guid":{"rendered":"https:\/\/afrycom.com\/product\/%e7%b2%be%e8%87%a3b1%e7%83%9f%e4%bb%b7%e6%a0%bc%e6%a0%87%e7%ad%be%e6%89%93%e5%8d%b0%e6%9c%ba%e5%b0%8f%e5%9e%8b%e5%8d%b7%e7%83%9f%e9%9b%b6%e5%94%ae%e4%bb%b7%e9%92%b1%e6%89%93%e7%a0%81%e5%99%a8%e6%a0%87\/"},"modified":"2025-05-07T14:47:08","modified_gmt":"2025-05-07T14:47:08","slug":"b1-imprimante-detiquettes-de-prix-pour-cigarettes-imprimante-compacte-pour-le-marquage-des-prix-ideale-pour-les-detaillants-de-cigarettes-et-la-vente-au-detail","status":"publish","type":"product","link":"https:\/\/afrycom.com\/fr\/produit\/b1-imprimante-detiquettes-de-prix-pour-cigarettes-imprimante-compacte-pour-le-marquage-des-prix-ideale-pour-les-detaillants-de-cigarettes-et-la-vente-au-detail\/","title":{"rendered":"Imprimante d'\u00e9tiquettes de prix pour cigarettes - Imprimante compacte pour le marquage des prix des cigarettes, id\u00e9ale pour les d\u00e9taillants en tabac et les commerces de d\u00e9tail"},"content":{"rendered":"","protected":false},"excerpt":{"rendered":"","protected":false},"featured_media":21756,"comment_status":"open","ping_status":"closed","template":"","meta":[],"product_brand":[],"product_cat":[1768],"product_tag":[],"class_list":{"0":"post-21754","1":"product","2":"type-product","3":"status-publish","4":"has-post-thumbnail","6":"product_cat-machineries-and-tools","8":"first","9":"instock","10":"shipping-taxable","11":"purchasable","12":"product-type-variable"},"jetpack_sharing_enabled":true,"_links":{"self":[{"href":"https:\/\/afrycom.com\/fr\/wp-json\/wp\/v2\/product\/21754","targetHints":{"allow":["GET"]}}],"collection":[{"href":"https:\/\/afrycom.com\/fr\/wp-json\/wp\/v2\/product"}],"about":[{"href":"https:\/\/afrycom.com\/fr\/wp-json\/wp\/v2\/types\/product"}],"replies":[{"embeddable":true,"href":"https:\/\/afrycom.com\/fr\/wp-json\/wp\/v2\/comments?post=21754"}],"wp:featuredmedia":[{"embeddable":true,"href":"https:\/\/afrycom.com\/fr\/wp-json\/wp\/v2\/media\/21756"}],"wp:attachment":[{"href":"https:\/\/afrycom.com\/fr\/wp-json\/wp\/v2\/media?parent=21754"}],"wp:term":[{"taxonomy":"product_brand","embeddable":true,"href":"https:\/\/afrycom.com\/fr\/wp-json\/wp\/v2\/product_brand?post=21754"},{"taxonomy":"product_cat","embeddable":true,"href":"https:\/\/afrycom.com\/fr\/wp-json\/wp\/v2\/product_cat?post=21754"},{"taxonomy":"product_tag","embeddable":true,"href":"https:\/\/afrycom.com\/fr\/wp-json\/wp\/v2\/product_tag?post=21754"}],"curies":[{"name":"wp","href":"https:\/\/api.w.org\/{rel}","templated":true}]}}