{"id":2170,"date":"2025-03-08T05:46:36","date_gmt":"2025-03-08T05:46:36","guid":{"rendered":"https:\/\/afrycom.com\/product\/machine-a-biscuits-aux-noix-houselin-12-puits\/"},"modified":"2025-03-08T05:46:46","modified_gmt":"2025-03-08T05:46:46","slug":"machine-a-biscuits-aux-noix-houselin-12-puits","status":"publish","type":"product","link":"https:\/\/afrycom.com\/fr\/produit\/machine-a-biscuits-aux-noix-houselin-12-puits\/","title":{"rendered":"Machine \u00e0 biscuits aux noix Houselin 12 puits"},"content":{"rendered":"<div class=\"product-specs-list-container\">\n<ul class=\"product-specs-list util-clearfix\">\n<li class=\"product-prop line-limit-length\"><span\n                                        class=\"property-title\">Chimique Hign-concern\u00e9 :&nbsp;<\/span><span\n                                        class=\"property-desc line-limit-length\">Aucun<\/span>\n                            <\/li>\n<li class=\"product-prop line-limit-length\"><span\n                                        class=\"property-title\">Classification :&nbsp;<\/span><span\n                                        class=\"property-desc line-limit-length\">Gaufriers<\/span>\n                            <\/li>\n<li class=\"product-prop line-limit-length\"><span\n                                        class=\"property-title\">Num\u00e9ro de Mod\u00e8le :&nbsp;<\/span><span\n                                        class=\"property-desc line-limit-length\">Walnut Cake Waffle Maker<\/span>\n                            <\/li>\n<li class=\"product-prop line-limit-length\"><span\n                                        class=\"property-title\">Certification :&nbsp;<\/span><span\n                                        class=\"property-desc line-limit-length\">CE, ROHS<\/span>\n                            <\/li>\n<li class=\"product-prop line-limit-length\"><span\n                                        class=\"property-title\">Puissance (W) :&nbsp;<\/span><span\n                                        class=\"property-desc line-limit-length\">700-1000 W<\/span>\n                            <\/li>\n<li class=\"product-prop line-limit-length\"><span\n                                        class=\"property-title\">Plaques interchangeables :&nbsp;<\/span><span\n                                        class=\"property-desc line-limit-length\">Presse \u00e0 panini \/ Plaque grille,Assiettes \u00e0 sandwich,Gaufrier,Fabricant de g\u00e2teaux<\/span>\n                            <\/li>\n<li class=\"product-prop line-limit-length\"><span\n                                        class=\"property-title\">Nom de marque :&nbsp;<\/span><span\n                                        class=\"property-desc line-limit-length\">Houselin<\/span>\n                            <\/li>\n<li class=\"product-prop line-limit-length\"><span\n                                        class=\"property-title\">Origine :&nbsp;<\/span><span\n                                        class=\"property-desc line-limit-length\">CN (Origine)<\/span>\n                            <\/li>\n<li class=\"product-prop line-limit-length\"><span\n                                        class=\"property-title\">Nut Machine:&nbsp;<\/span><span\n                                        class=\"property-desc line-limit-length\">Nut Machine<\/span>\n                            <\/li>\n<\/ul><\/div>\n<div class=\"detailmodule_html\">\n<div class=\"detail-desc-decorate-richtext\">\n<div class=\"detailmodule_html\">\n<div class=\"detail-desc-decorate-richtext\">\n<div>\u00c0 propos de cet article :<br \/>\u3010Une machine \u00e0 g\u00e2teaux aux noix\u3011 Cette machine \u00e0 g\u00e2teaux aux noix \u00e9lectrique double face peut pr\u00e9parer de d\u00e9licieux g\u00e2teaux aux noix, diverses garnitures et autres d\u00e9serts, tr\u00e8s utiles.Tr\u00e8s s\u00fbr en cuisine.La poign\u00e9e s\u00fbre au toucher offre une prise ferme et aide \u00e0 pr\u00e9venir les br\u00fblures, ce qui am\u00e9liorera consid\u00e9rablement la s\u00e9curit\u00e9.<br \/>\u3010Avec grande capacit\u00e9\u3011 La conception am\u00e9lior\u00e9e peut rendre le pain grill\u00e9 plus uniforme et aider \u00e0 emp\u00eacher le remplissage de fuir.Con\u00e7ue pour avoir une grande capacit\u00e9, la machine \u00e0 g\u00e2teaux aux noix peut fabriquer 12 pi\u00e8ces, afin que vous puissiez la partager avec votre famille et vos amis.<br \/>\u3010R\u00e9glage facile de la temp\u00e9rature\u3011 Garantissant un chauffage rapide, cette machine de fabrication de 1000 W permet \u00e9galement un r\u00e9glage de la temp\u00e9rature pour r\u00e9pondre \u00e0 vos besoins de cuisson.Petite taille, facile \u00e0 transporter, facile \u00e0 ranger, pour garantir l&#8217;utilisation du plus petit espace dans l&#8217;armoire de cuisine.<br \/>Plus besoin de coller : le panneau antiadh\u00e9sif assure un retrait facile du g\u00e2teau et vous pouvez facilement utiliser la machine \u00e0 g\u00e2teaux aux noix pour une autre cuisine. \u00c9pais, stable, durable et bonne conductivit\u00e9 thermique. Chauffer uniform\u00e9ment, pas facile \u00e0 cuire partiellement, chauffage double face.<\/div>\n<p style=\"text-align:left;margin:0px;margin-bottom:0px;margin-top:0px;margin-left:0px;margin-right:0px\" align=\"left\"><img decoding=\"async\" src=\"https:\/\/ae01.alicdn.com\/kf\/S28e1a71b340e41068debb00693f063dec.jpg?width=750&amp;height=1185&amp;hash=1935\" slate-data-type=\"image\"><img decoding=\"async\" src=\"https:\/\/ae01.alicdn.com\/kf\/Sa7ea27cb230544e3817f4e5d9900797dR.jpg?width=750&amp;height=499&amp;hash=1249\" slate-data-type=\"image\"><img decoding=\"async\" src=\"https:\/\/ae01.alicdn.com\/kf\/S4a2e1333cb5b4116a77cd3e7867ad22df.jpg?width=750&amp;height=1175&amp;hash=1925\" slate-data-type=\"image\"><img decoding=\"async\" src=\"https:\/\/ae01.alicdn.com\/kf\/Sfee897db3b914db2a8d6d100e889f1a23.jpg?width=750&amp;height=1286&amp;hash=2036\" slate-data-type=\"image\"><img decoding=\"async\" src=\"https:\/\/ae01.alicdn.com\/kf\/Sfb72f907db10462cbd1684d92a38eeb6f.jpg?width=750&amp;height=1411&amp;hash=2161\" slate-data-type=\"image\"><img decoding=\"async\" src=\"https:\/\/ae01.alicdn.com\/kf\/Sd8c9fbb3cac445f88975422b8cb249c38.jpg?width=750&amp;height=1111&amp;hash=1861\" slate-data-type=\"image\"><img decoding=\"async\" src=\"https:\/\/ae01.alicdn.com\/kf\/Sc626c04f081940989b05de529b6679f4p.jpg?width=750&amp;height=1072&amp;hash=1822\" slate-data-type=\"image\"><img decoding=\"async\" src=\"https:\/\/ae01.alicdn.com\/kf\/Saaed4a54904446a4ba8f9157351d52e2y.jpg?width=750&amp;height=1108&amp;hash=1858\" slate-data-type=\"image\"><img decoding=\"async\" src=\"https:\/\/ae01.alicdn.com\/kf\/S8e97d49821fc46b4936f7072aac7b082D.jpg?width=750&amp;height=1153&amp;hash=1903\" slate-data-type=\"image\"><\/p>\n<div><\/div>\n<\/div>\n<\/div>\n<p><\/p>\n<\/div>\n<\/div>","protected":false},"excerpt":{"rendered":"<p>Chimique Hign-concern\u00e9:&nbsp;Aucun Classification:&nbsp;Gaufriers Num\u00e9ro de Mod\u00e8le:&nbsp;Walnut Cake Waffle Maker Certification:&nbsp;CE,ROHS Puissance (W):&nbsp;700-1000 W Plaques Interchangeables:&nbsp;Presse \u00e0 panini \/ Plaque grille,Assiettes<\/p>","protected":false},"featured_media":2171,"comment_status":"open","ping_status":"closed","template":"","meta":[],"product_brand":[],"product_cat":[15],"product_tag":[],"class_list":{"0":"post-2170","1":"product","2":"type-product","3":"status-publish","4":"has-post-thumbnail","6":"product_cat-uncategorized","8":"first","9":"instock","10":"shipping-taxable","11":"purchasable","12":"product-type-variable"},"jetpack_sharing_enabled":true,"_links":{"self":[{"href":"https:\/\/afrycom.com\/fr\/wp-json\/wp\/v2\/product\/2170","targetHints":{"allow":["GET"]}}],"collection":[{"href":"https:\/\/afrycom.com\/fr\/wp-json\/wp\/v2\/product"}],"about":[{"href":"https:\/\/afrycom.com\/fr\/wp-json\/wp\/v2\/types\/product"}],"replies":[{"embeddable":true,"href":"https:\/\/afrycom.com\/fr\/wp-json\/wp\/v2\/comments?post=2170"}],"wp:featuredmedia":[{"embeddable":true,"href":"https:\/\/afrycom.com\/fr\/wp-json\/wp\/v2\/media\/2171"}],"wp:attachment":[{"href":"https:\/\/afrycom.com\/fr\/wp-json\/wp\/v2\/media?parent=2170"}],"wp:term":[{"taxonomy":"product_brand","embeddable":true,"href":"https:\/\/afrycom.com\/fr\/wp-json\/wp\/v2\/product_brand?post=2170"},{"taxonomy":"product_cat","embeddable":true,"href":"https:\/\/afrycom.com\/fr\/wp-json\/wp\/v2\/product_cat?post=2170"},{"taxonomy":"product_tag","embeddable":true,"href":"https:\/\/afrycom.com\/fr\/wp-json\/wp\/v2\/product_tag?post=2170"}],"curies":[{"name":"wp","href":"https:\/\/api.w.org\/{rel}","templated":true}]}}