{"id":21596,"date":"2025-05-04T14:59:33","date_gmt":"2025-05-04T14:59:33","guid":{"rendered":"https:\/\/afrycom.com\/product\/%e6%97%a5%e6%9c%acmujie%e5%85%8d%e6%89%93%e5%ad%94%e5%8e%a8%e6%88%bf%e5%a4%9a%e5%8a%9f%e8%83%bd%e7%bd%ae%e7%89%a9%e6%9e%b6%e5%a3%81%e6%8c%82%e5%bc%8f%e8%b0%83%e5%91%b3%e6%96%99%e7%ad%b7%e5%ad%90\/"},"modified":"2025-05-07T14:50:35","modified_gmt":"2025-05-07T14:50:35","slug":"mujie-etagere-de-rangement-murale-pour-cuisine-sans-percage-support-pour-epices-baguettes-et-ustensiles","status":"publish","type":"product","link":"https:\/\/afrycom.com\/fr\/produit\/mujie-etagere-de-rangement-murale-pour-cuisine-sans-percage-support-pour-epices-baguettes-et-ustensiles\/","title":{"rendered":"MUJIE \u00c9tag\u00e8re de rangement murale pour cuisine - Sans per\u00e7age, support pour \u00e9pices, couteaux, baguettes et ustensiles - Rangement pratique et gain de place"},"content":{"rendered":"","protected":false},"excerpt":{"rendered":"","protected":false},"featured_media":21597,"comment_status":"open","ping_status":"closed","template":"","meta":[],"product_brand":[],"product_cat":[31],"product_tag":[],"class_list":{"0":"post-21596","1":"product","2":"type-product","3":"status-publish","4":"has-post-thumbnail","6":"product_cat-small-kitchen-appliances-appliances","8":"first","9":"instock","10":"shipping-taxable","11":"purchasable","12":"product-type-variable"},"jetpack_sharing_enabled":true,"_links":{"self":[{"href":"https:\/\/afrycom.com\/fr\/wp-json\/wp\/v2\/product\/21596","targetHints":{"allow":["GET"]}}],"collection":[{"href":"https:\/\/afrycom.com\/fr\/wp-json\/wp\/v2\/product"}],"about":[{"href":"https:\/\/afrycom.com\/fr\/wp-json\/wp\/v2\/types\/product"}],"replies":[{"embeddable":true,"href":"https:\/\/afrycom.com\/fr\/wp-json\/wp\/v2\/comments?post=21596"}],"wp:featuredmedia":[{"embeddable":true,"href":"https:\/\/afrycom.com\/fr\/wp-json\/wp\/v2\/media\/21597"}],"wp:attachment":[{"href":"https:\/\/afrycom.com\/fr\/wp-json\/wp\/v2\/media?parent=21596"}],"wp:term":[{"taxonomy":"product_brand","embeddable":true,"href":"https:\/\/afrycom.com\/fr\/wp-json\/wp\/v2\/product_brand?post=21596"},{"taxonomy":"product_cat","embeddable":true,"href":"https:\/\/afrycom.com\/fr\/wp-json\/wp\/v2\/product_cat?post=21596"},{"taxonomy":"product_tag","embeddable":true,"href":"https:\/\/afrycom.com\/fr\/wp-json\/wp\/v2\/product_tag?post=21596"}],"curies":[{"name":"wp","href":"https:\/\/api.w.org\/{rel}","templated":true}]}}